{"id":828,"date":"2024-11-14T13:04:54","date_gmt":"2024-11-14T13:04:54","guid":{"rendered":"https:\/\/finnomeckauppa.iwn.co\/product\/lynx-shredder-taka-akselin-alumiininen-holkki-vt14294\/"},"modified":"2024-11-28T10:32:43","modified_gmt":"2024-11-28T10:32:43","slug":"lynx-shredder-taka-akselin-alumiininen-holkki-vt14294","status":"publish","type":"product","link":"https:\/\/finnomeckauppa.fi\/en\/product\/lynx-shredder-taka-akselin-alumiininen-holkki-vt14294\/","title":{"rendered":"Lynx Shredder taka-akselin alumiininen holkki VT14294"},"content":{"rendered":"<p>Lynx Shredder taka-akselin alumiininen holkki, 1 kpl<\/p>\n<p>Korvaa alkuper\u00e4isen muovisen taka-akselin holkin. Kuvissa vrt alkuper\u00e4inen<\/p>\n<p>Vaihto onnistuu l\u00f6ys\u00e4\u00e4m\u00e4ll\u00e4 maton kiristys ja irroittamalla akseli ja asentamalla uudet osat paikoilleen.<\/p>\n<p>Sopivuus Lynx Shredder\u00a0 146&#8243; (600 RE\/850 RE Turbo \/850 RE 146)<\/p>\n<p>Holkkeja tarvitaan yht\u00e4 monta kuin on taka taittopy\u00f6ri\u00e4. (2 kpl)<\/p>\n<p>&nbsp;<\/p>\n","protected":false},"excerpt":{"rendered":"<p>Lynx Shredderin taka-akselin alumiininen holkki, 1 kpl<\/p>\n<p>Sopivuus Lynx Shredder 146&#8243;<\/p>\n<p>Tarvitaan yht\u00e4 monta kuin on taka taittopy\u00f6ri\u00e4.(2kpl)<\/p>\n<p>Tuotekoodi: VT14294<\/p>\n","protected":false},"featured_media":774,"comment_status":"open","ping_status":"closed","template":"","meta":{"_acf_changed":false},"product_brand":[],"product_cat":[419,70,358],"product_tag":[437,175,176,187,188,179,189],"class_list":{"0":"post-828","1":"product","2":"type-product","3":"status-publish","4":"has-post-thumbnail","6":"product_cat-e-osasto-en","7":"product_cat-lynx-en","8":"product_cat-lynx-shredder-en-2","9":"product_tag-e-osasto-en","10":"product_tag-lynx-en","11":"product_tag-lynx-shredder-en","12":"product_tag-oem-503196246-en","13":"product_tag-oem503196246-en","14":"product_tag-shredder-en","15":"product_tag-vt14294-en","16":"pa_annual-model-vm-2009-2015-en-2","17":"sales-flash-overlay","18":"woocommerce-text-align-left","19":"woocommerce-image-align-center","20":"do-quantity-buttons","21":"wc-has-gallery","23":"first","24":"instock","25":"taxable","26":"shipping-taxable","27":"purchasable","28":"product-type-simple"},"acf":[],"_links":{"self":[{"href":"https:\/\/finnomeckauppa.fi\/en\/wp-json\/wp\/v2\/product\/828","targetHints":{"allow":["GET"]}}],"collection":[{"href":"https:\/\/finnomeckauppa.fi\/en\/wp-json\/wp\/v2\/product"}],"about":[{"href":"https:\/\/finnomeckauppa.fi\/en\/wp-json\/wp\/v2\/types\/product"}],"replies":[{"embeddable":true,"href":"https:\/\/finnomeckauppa.fi\/en\/wp-json\/wp\/v2\/comments?post=828"}],"wp:featuredmedia":[{"embeddable":true,"href":"https:\/\/finnomeckauppa.fi\/en\/wp-json\/wp\/v2\/media\/774"}],"wp:attachment":[{"href":"https:\/\/finnomeckauppa.fi\/en\/wp-json\/wp\/v2\/media?parent=828"}],"wp:term":[{"taxonomy":"product_brand","embeddable":true,"href":"https:\/\/finnomeckauppa.fi\/en\/wp-json\/wp\/v2\/product_brand?post=828"},{"taxonomy":"product_cat","embeddable":true,"href":"https:\/\/finnomeckauppa.fi\/en\/wp-json\/wp\/v2\/product_cat?post=828"},{"taxonomy":"product_tag","embeddable":true,"href":"https:\/\/finnomeckauppa.fi\/en\/wp-json\/wp\/v2\/product_tag?post=828"}],"curies":[{"name":"wp","href":"https:\/\/api.w.org\/{rel}","templated":true}]}}