{"id":830,"date":"2024-11-14T13:04:46","date_gmt":"2024-11-14T13:04:46","guid":{"rendered":"https:\/\/finnomeckauppa.iwn.co\/product\/lynx-alustaan-ruostumaton-taka-akseli-vt13825-ja-4-kpl-alumiinisia-holkkeja-vt14151\/"},"modified":"2025-11-20T16:34:49","modified_gmt":"2025-11-20T16:34:49","slug":"lynx-alustaan-ruostumaton-taka-akseli-vt13825-ja-4-kpl-alumiinisia-holkkeja-vt14151","status":"publish","type":"product","link":"https:\/\/finnomeckauppa.fi\/en\/product\/lynx-alustaan-ruostumaton-taka-akseli-vt13825-ja-4-kpl-alumiinisia-holkkeja-vt14151\/","title":{"rendered":"Lynx chassis stainless rear axle (VT13825) and 4 aluminum bushings (VT14151)"},"content":{"rendered":"<p>Lynx chassis stainless rear axle (VT13825) and 4 aluminum bushings (VT14151)<\/p>\n<pre id=\"tw-target-text\" class=\"tw-data-text tw-text-large tw-ta\" dir=\"ltr\" data-placeholder=\"K\u00e4\u00e4nn\u00f6s\" data-ved=\"2ahUKEwj1qcGqqbGKAxVgLRAIHaKnIygQ3ewLegQIAxAU\" aria-label=\"K\u00e4\u00e4nnetty teksti: Lynx chassis stainless rear axle (VT13825) and 4 aluminum bushings (VT14151)\"><\/pre>\n","protected":false},"excerpt":{"rendered":"<p>Lynx chassis stainless rear axle (VT13825) and 4 aluminum bushings (VT14151)<\/p>\n","protected":false},"featured_media":770,"comment_status":"open","ping_status":"closed","template":"","meta":{"_acf_changed":false},"product_brand":[],"product_cat":[419,72,74,76,78,357,359,360,365,367,368,361],"product_tag":[437],"class_list":{"0":"post-830","1":"product","2":"type-product","3":"status-publish","4":"has-post-thumbnail","6":"product_cat-e-osasto-en","7":"product_cat-lynx-adventure","8":"product_cat-lynx-boondocker","9":"product_cat-lynx-commander-en","10":"product_cat-lynx-ranger-en","11":"product_cat-lynx-rave-en-2","12":"product_cat-xterrain-en","13":"product_cat-lynx-xtrim-en-2","14":"product_cat-skidoo-backcountry-en-2","15":"product_cat-ski-doo-mxz-en","16":"product_cat-ski-doo-renegade-en-2","17":"product_cat-moottorikelkkailu-en","18":"product_tag-e-osasto-en","19":"sales-flash-overlay","20":"woocommerce-text-align-left","21":"woocommerce-image-align-center","22":"do-quantity-buttons","23":"wc-has-gallery","25":"first","26":"instock","27":"taxable","28":"shipping-taxable","29":"purchasable","30":"product-type-simple"},"acf":[],"_links":{"self":[{"href":"https:\/\/finnomeckauppa.fi\/en\/wp-json\/wp\/v2\/product\/830","targetHints":{"allow":["GET"]}}],"collection":[{"href":"https:\/\/finnomeckauppa.fi\/en\/wp-json\/wp\/v2\/product"}],"about":[{"href":"https:\/\/finnomeckauppa.fi\/en\/wp-json\/wp\/v2\/types\/product"}],"replies":[{"embeddable":true,"href":"https:\/\/finnomeckauppa.fi\/en\/wp-json\/wp\/v2\/comments?post=830"}],"wp:featuredmedia":[{"embeddable":true,"href":"https:\/\/finnomeckauppa.fi\/en\/wp-json\/wp\/v2\/media\/770"}],"wp:attachment":[{"href":"https:\/\/finnomeckauppa.fi\/en\/wp-json\/wp\/v2\/media?parent=830"}],"wp:term":[{"taxonomy":"product_brand","embeddable":true,"href":"https:\/\/finnomeckauppa.fi\/en\/wp-json\/wp\/v2\/product_brand?post=830"},{"taxonomy":"product_cat","embeddable":true,"href":"https:\/\/finnomeckauppa.fi\/en\/wp-json\/wp\/v2\/product_cat?post=830"},{"taxonomy":"product_tag","embeddable":true,"href":"https:\/\/finnomeckauppa.fi\/en\/wp-json\/wp\/v2\/product_tag?post=830"}],"curies":[{"name":"wp","href":"https:\/\/api.w.org\/{rel}","templated":true}]}}