{"id":1085,"date":"2024-09-09T07:38:51","date_gmt":"2024-09-09T07:38:51","guid":{"rendered":"https:\/\/finnomeckauppa.iwn.co\/3d\/"},"modified":"2025-01-22T08:48:24","modified_gmt":"2025-01-22T08:48:24","slug":"3d","status":"publish","type":"page","link":"https:\/\/finnomeckauppa.fi\/sv\/3d\/","title":{"rendered":"3D"},"content":{"rendered":"\n<section id=\"g-5fx1vyx\" class=\"wp-block-gutentor-m3 alignfull section-g-5fx1vyx gutentor-module gutentor-container-cover\"><div class=\"grid-container\">\n<section id=\"g-2jgmg7g\" class=\"wp-block-gutentor-m3 section-g-2jgmg7g gutentor-module gutentor-container-cover\"><div class=\"grid-container\"><div class=\"woocommerce columns-3 \"><ul class=\"products columns-3\">\n<li class=\"sales-flash-overlay woocommerce-text-align-left woocommerce-image-align-center do-quantity-buttons wc-has-gallery product type-product post-1157 status-publish first instock product_cat-3d-tulosteet-sv product_cat-d-osasto-sv product_cat-lynx-sv product_cat-lynx-boondocker-sv product_cat-okategoriserad product_cat-ski-doo-sv-2 product_cat-skidoo-backcountry-sv-2 product_cat-ski-doo-freeride-sv-2 product_cat-ski-doo-mxz-sv product_cat-ski-doo-renegade-sv-2 product_cat-moottorikelkkailu-sv product_cat-teollisuus-sv-2 product_tag-d-osasto-sv product_tag-halkaistava-lukitusmutteri-sv product_tag-ski-doo-sv has-post-thumbnail taxable shipping-taxable purchasable product-type-simple\">\n\t<a href=\"https:\/\/finnomeckauppa.fi\/sv\/produkt\/delad-lasmutter-for-stotdampare-vt14885-kopio\/\" class=\"woocommerce-LoopProduct-link woocommerce-loop-product__link\"><img loading=\"lazy\" decoding=\"async\" width=\"300\" height=\"300\" src=\"https:\/\/finnomeckauppa.fi\/wp-content\/uploads\/2025\/01\/Lukitusholkki-7-300x300.jpg\" class=\"secondary-image attachment-shop-catalog\" alt=\"\" srcset=\"https:\/\/finnomeckauppa.fi\/wp-content\/uploads\/2025\/01\/Lukitusholkki-7-300x300.jpg 300w, https:\/\/finnomeckauppa.fi\/wp-content\/uploads\/2025\/01\/Lukitusholkki-7-150x150.jpg 150w, https:\/\/finnomeckauppa.fi\/wp-content\/uploads\/2025\/01\/Lukitusholkki-7-100x100.jpg 100w\" sizes=\"auto, (max-width: 300px) 100vw, 300px\" \/><img loading=\"lazy\" decoding=\"async\" width=\"300\" height=\"300\" src=\"https:\/\/finnomeckauppa.fi\/wp-content\/uploads\/2025\/01\/VT14913__Lukitusmutteri-koonta-M43x15-300x300.jpg\" class=\"attachment-woocommerce_thumbnail size-woocommerce_thumbnail\" alt=\"Delad l\u00e5smutter f\u00f6r st\u00f6td\u00e4mpare KYB 36 VT14913\" srcset=\"https:\/\/finnomeckauppa.fi\/wp-content\/uploads\/2025\/01\/VT14913__Lukitusmutteri-koonta-M43x15-300x300.jpg 300w, https:\/\/finnomeckauppa.fi\/wp-content\/uploads\/2025\/01\/VT14913__Lukitusmutteri-koonta-M43x15-150x150.jpg 150w, https:\/\/finnomeckauppa.fi\/wp-content\/uploads\/2025\/01\/VT14913__Lukitusmutteri-koonta-M43x15-100x100.jpg 100w\" sizes=\"auto, (max-width: 300px) 100vw, 300px\" \/><h2 class=\"woocommerce-loop-product__title\">Delad l\u00e5smutter f\u00f6r st\u00f6td\u00e4mpare KYB 36 VT14913<\/h2><div class=\"star-rating\" title=\"Inte betygsatt \u00e4n\"><span style=\"width:0%\"><strong class=\"rating\">0<\/strong> av 5<\/span><\/div>\n\t<span class=\"price\"><span class=\"woocommerce-Price-amount amount\"><bdi>15,90&nbsp;<span class=\"woocommerce-Price-currencySymbol\">&euro;<\/span><\/bdi><\/span> <small class=\"woocommerce-price-suffix\">sis. alv<\/small><\/span>\n<\/a><a href=\"\/sv\/wp-json\/wp\/v2\/pages\/1085?add-to-cart=1157\" aria-describedby=\"woocommerce_loop_add_to_cart_link_describedby_1157\" data-quantity=\"1\" class=\"button product_type_simple add_to_cart_button ajax_add_to_cart\" data-product_id=\"1157\" data-product_sku=\"VT14913\" aria-label=\"L\u00e4gg till i varukorgen: \u201dDelad l\u00e5smutter f\u00f6r st\u00f6td\u00e4mpare KYB 36 VT14913\u201d\" rel=\"nofollow\" data-success_message=\"&quot;Delad l\u00e5smutter f\u00f6r st\u00f6td\u00e4mpare KYB 36 VT14913&quot; har lagts till i din varukorg\" role=\"button\">L\u00e4gg till i varukorg<\/a>\t<span id=\"woocommerce_loop_add_to_cart_link_describedby_1157\" class=\"screen-reader-text\">\n\t\t\t<\/span>\n<\/li>\n<li class=\"sales-flash-overlay woocommerce-text-align-left woocommerce-image-align-center do-quantity-buttons wc-has-gallery product type-product post-1191 status-publish instock product_cat-3d-tulosteet-sv product_cat-okategoriserad product_cat-ski-doo-sv-2 product_cat-skidoo-backcountry-sv-2 product_cat-ski-doo-freeride-sv-2 product_cat-ski-doo-mxz-sv product_cat-ski-doo-renegade-sv-2 product_cat-teollisuus-sv-2 product_tag-d-osasto-sv product_tag-halkaistava-lukitusmutteri-sv product_tag-ski-doo-sv has-post-thumbnail taxable shipping-taxable purchasable product-type-simple\">\n\t<a href=\"https:\/\/finnomeckauppa.fi\/sv\/produkt\/delad-lasmutter-for-stotdampare-vt14885-kopio-2\/\" class=\"woocommerce-LoopProduct-link woocommerce-loop-product__link\"><img loading=\"lazy\" decoding=\"async\" width=\"300\" height=\"300\" src=\"https:\/\/finnomeckauppa.fi\/wp-content\/uploads\/2025\/01\/IMG_0006-300x300.jpg\" class=\"secondary-image attachment-shop-catalog\" alt=\"\" srcset=\"https:\/\/finnomeckauppa.fi\/wp-content\/uploads\/2025\/01\/IMG_0006-300x300.jpg 300w, https:\/\/finnomeckauppa.fi\/wp-content\/uploads\/2025\/01\/IMG_0006-150x150.jpg 150w, https:\/\/finnomeckauppa.fi\/wp-content\/uploads\/2025\/01\/IMG_0006-100x100.jpg 100w\" sizes=\"auto, (max-width: 300px) 100vw, 300px\" \/><img loading=\"lazy\" decoding=\"async\" width=\"300\" height=\"300\" src=\"https:\/\/finnomeckauppa.fi\/wp-content\/uploads\/2025\/01\/VT14896__Lukitusmutteri-koonta-M52x15-300x300.jpg\" class=\"attachment-woocommerce_thumbnail size-woocommerce_thumbnail\" alt=\"M52x1.5\" srcset=\"https:\/\/finnomeckauppa.fi\/wp-content\/uploads\/2025\/01\/VT14896__Lukitusmutteri-koonta-M52x15-300x300.jpg 300w, https:\/\/finnomeckauppa.fi\/wp-content\/uploads\/2025\/01\/VT14896__Lukitusmutteri-koonta-M52x15-150x150.jpg 150w, https:\/\/finnomeckauppa.fi\/wp-content\/uploads\/2025\/01\/VT14896__Lukitusmutteri-koonta-M52x15-100x100.jpg 100w\" sizes=\"auto, (max-width: 300px) 100vw, 300px\" \/><h2 class=\"woocommerce-loop-product__title\">Delad l\u00e5smutter f\u00f6r st\u00f6td\u00e4mpare KYB 40 Smart Shox VT14896<\/h2><div class=\"star-rating\" title=\"Inte betygsatt \u00e4n\"><span style=\"width:0%\"><strong class=\"rating\">0<\/strong> av 5<\/span><\/div>\n\t<span class=\"price\"><span class=\"woocommerce-Price-amount amount\"><bdi>15,90&nbsp;<span class=\"woocommerce-Price-currencySymbol\">&euro;<\/span><\/bdi><\/span> <small class=\"woocommerce-price-suffix\">sis. alv<\/small><\/span>\n<\/a><a href=\"\/sv\/wp-json\/wp\/v2\/pages\/1085?add-to-cart=1191\" aria-describedby=\"woocommerce_loop_add_to_cart_link_describedby_1191\" data-quantity=\"1\" class=\"button product_type_simple add_to_cart_button ajax_add_to_cart\" data-product_id=\"1191\" data-product_sku=\"VT14896\" aria-label=\"L\u00e4gg till i varukorgen: \u201dDelad l\u00e5smutter f\u00f6r st\u00f6td\u00e4mpare KYB 40 Smart Shox VT14896\u201d\" rel=\"nofollow\" data-success_message=\"&quot;Delad l\u00e5smutter f\u00f6r st\u00f6td\u00e4mpare KYB 40 Smart Shox VT14896&quot; har lagts till i din varukorg\" role=\"button\">L\u00e4gg till i varukorg<\/a>\t<span id=\"woocommerce_loop_add_to_cart_link_describedby_1191\" class=\"screen-reader-text\">\n\t\t\t<\/span>\n<\/li>\n<li class=\"sales-flash-overlay woocommerce-text-align-left woocommerce-image-align-center do-quantity-buttons wc-has-gallery product type-product post-1154 status-publish last instock product_cat-3d-tulosteet-sv product_cat-d-osasto-sv product_cat-lynx-sv product_cat-lynx-adventure-sv product_cat-lynx-boondocker-sv product_cat-lynx-commander-sv product_cat-lynx-ranger-sv product_cat-lynx-rave-sv-2 product_cat-lynx-shredder-sv-2 product_cat-xterrain-sv product_cat-lynx-xtrim-sv-2 product_cat-ski-doo-sv-2 product_cat-skidoo-backcountry-sv-2 product_cat-ski-doo-freeride-sv-2 product_cat-ski-doo-mxz-sv product_cat-ski-doo-renegade-sv-2 product_cat-teollisuus-sv-2 product_tag-d-osasto-sv product_tag-halkaistava-lukitusmutteri-sv product_tag-m48x1-5-sv product_tag-ski-doo-sv has-post-thumbnail taxable shipping-taxable purchasable product-type-simple\">\n\t<a href=\"https:\/\/finnomeckauppa.fi\/sv\/produkt\/halkaistava-lukitusmutteri-iskunvaimintimeen-vt14885\/\" class=\"woocommerce-LoopProduct-link woocommerce-loop-product__link\"><img loading=\"lazy\" decoding=\"async\" width=\"300\" height=\"300\" src=\"https:\/\/finnomeckauppa.fi\/wp-content\/uploads\/2025\/01\/Lukitusholkki-5-300x300.jpg\" class=\"secondary-image attachment-shop-catalog\" alt=\"M48x1.5\" srcset=\"https:\/\/finnomeckauppa.fi\/wp-content\/uploads\/2025\/01\/Lukitusholkki-5-300x300.jpg 300w, https:\/\/finnomeckauppa.fi\/wp-content\/uploads\/2025\/01\/Lukitusholkki-5-150x150.jpg 150w, https:\/\/finnomeckauppa.fi\/wp-content\/uploads\/2025\/01\/Lukitusholkki-5-100x100.jpg 100w\" sizes=\"auto, (max-width: 300px) 100vw, 300px\" \/><img loading=\"lazy\" decoding=\"async\" width=\"300\" height=\"300\" src=\"https:\/\/finnomeckauppa.fi\/wp-content\/uploads\/2025\/01\/VT14885_A_Lukitusmutteri-koonta-M48x15-300x300.jpg\" class=\"attachment-woocommerce_thumbnail size-woocommerce_thumbnail\" alt=\"Delad l\u00e5smutter f\u00f6r st\u00f6td\u00e4mpare KYB 40 VT14885\" srcset=\"https:\/\/finnomeckauppa.fi\/wp-content\/uploads\/2025\/01\/VT14885_A_Lukitusmutteri-koonta-M48x15-300x300.jpg 300w, https:\/\/finnomeckauppa.fi\/wp-content\/uploads\/2025\/01\/VT14885_A_Lukitusmutteri-koonta-M48x15-150x150.jpg 150w, https:\/\/finnomeckauppa.fi\/wp-content\/uploads\/2025\/01\/VT14885_A_Lukitusmutteri-koonta-M48x15-100x100.jpg 100w\" sizes=\"auto, (max-width: 300px) 100vw, 300px\" \/><h2 class=\"woocommerce-loop-product__title\">Delad l\u00e5smutter f\u00f6r st\u00f6td\u00e4mpare KYB 40 VT14885<\/h2><div class=\"star-rating\" title=\"Inte betygsatt \u00e4n\"><span style=\"width:0%\"><strong class=\"rating\">0<\/strong> av 5<\/span><\/div>\n\t<span class=\"price\"><span class=\"woocommerce-Price-amount amount\"><bdi>15,90&nbsp;<span class=\"woocommerce-Price-currencySymbol\">&euro;<\/span><\/bdi><\/span> <small class=\"woocommerce-price-suffix\">sis. alv<\/small><\/span>\n<\/a><a href=\"\/sv\/wp-json\/wp\/v2\/pages\/1085?add-to-cart=1154\" aria-describedby=\"woocommerce_loop_add_to_cart_link_describedby_1154\" data-quantity=\"1\" class=\"button product_type_simple add_to_cart_button ajax_add_to_cart\" data-product_id=\"1154\" data-product_sku=\"VT14885\" aria-label=\"L\u00e4gg till i varukorgen: \u201dDelad l\u00e5smutter f\u00f6r st\u00f6td\u00e4mpare KYB 40 VT14885\u201d\" rel=\"nofollow\" data-success_message=\"&quot;Delad l\u00e5smutter f\u00f6r st\u00f6td\u00e4mpare KYB 40 VT14885&quot; har lagts till i din varukorg\" role=\"button\">L\u00e4gg till i varukorg<\/a>\t<span id=\"woocommerce_loop_add_to_cart_link_describedby_1154\" class=\"screen-reader-text\">\n\t\t\t<\/span>\n<\/li>\n<li class=\"sales-flash-overlay woocommerce-text-align-left woocommerce-image-align-center do-quantity-buttons wc-has-gallery product type-product post-1194 status-publish first instock product_cat-3d-tulosteet-sv product_cat-d-osasto-sv product_cat-okategoriserad product_cat-ski-doo-sv-2 product_cat-skidoo-backcountry-sv-2 product_cat-ski-doo-freeride-sv-2 product_cat-ski-doo-mxz-sv product_cat-ski-doo-renegade-sv-2 product_cat-moottorikelkkailu-sv product_cat-teollisuus-sv-2 product_tag-d-osasto-sv product_tag-halkaistava-lukitusmutteri-sv product_tag-ski-doo-sv has-post-thumbnail taxable shipping-taxable purchasable product-type-simple\">\n\t<a href=\"https:\/\/finnomeckauppa.fi\/sv\/produkt\/delad-lasmutter-for-stotdampare-vt14885-kopio-3\/\" class=\"woocommerce-LoopProduct-link woocommerce-loop-product__link\"><img loading=\"lazy\" decoding=\"async\" width=\"300\" height=\"300\" src=\"https:\/\/finnomeckauppa.fi\/wp-content\/uploads\/2025\/01\/IMG_0009-1-300x300.jpg\" class=\"secondary-image attachment-shop-catalog\" alt=\"\" srcset=\"https:\/\/finnomeckauppa.fi\/wp-content\/uploads\/2025\/01\/IMG_0009-1-300x300.jpg 300w, https:\/\/finnomeckauppa.fi\/wp-content\/uploads\/2025\/01\/IMG_0009-1-150x150.jpg 150w, https:\/\/finnomeckauppa.fi\/wp-content\/uploads\/2025\/01\/IMG_0009-1-100x100.jpg 100w\" sizes=\"auto, (max-width: 300px) 100vw, 300px\" \/><img loading=\"lazy\" decoding=\"async\" width=\"300\" height=\"300\" src=\"https:\/\/finnomeckauppa.fi\/wp-content\/uploads\/2025\/01\/VT14907__Lukitusmutteri-koonta-M54x15-300x300.jpg\" class=\"attachment-woocommerce_thumbnail size-woocommerce_thumbnail\" alt=\"Delad l\u00e5smutter f\u00f6r st\u00f6td\u00e4mpare KYB 46 VT14907\" srcset=\"https:\/\/finnomeckauppa.fi\/wp-content\/uploads\/2025\/01\/VT14907__Lukitusmutteri-koonta-M54x15-300x300.jpg 300w, https:\/\/finnomeckauppa.fi\/wp-content\/uploads\/2025\/01\/VT14907__Lukitusmutteri-koonta-M54x15-150x150.jpg 150w, https:\/\/finnomeckauppa.fi\/wp-content\/uploads\/2025\/01\/VT14907__Lukitusmutteri-koonta-M54x15-100x100.jpg 100w\" sizes=\"auto, (max-width: 300px) 100vw, 300px\" \/><h2 class=\"woocommerce-loop-product__title\">Delad l\u00e5smutter f\u00f6r st\u00f6td\u00e4mpare KYB 46 VT14907<\/h2><div class=\"star-rating\" title=\"Inte betygsatt \u00e4n\"><span style=\"width:0%\"><strong class=\"rating\">0<\/strong> av 5<\/span><\/div>\n\t<span class=\"price\"><span class=\"woocommerce-Price-amount amount\"><bdi>15,90&nbsp;<span class=\"woocommerce-Price-currencySymbol\">&euro;<\/span><\/bdi><\/span> <small class=\"woocommerce-price-suffix\">sis. alv<\/small><\/span>\n<\/a><a href=\"\/sv\/wp-json\/wp\/v2\/pages\/1085?add-to-cart=1194\" aria-describedby=\"woocommerce_loop_add_to_cart_link_describedby_1194\" data-quantity=\"1\" class=\"button product_type_simple add_to_cart_button ajax_add_to_cart\" data-product_id=\"1194\" data-product_sku=\"VT14907\" aria-label=\"L\u00e4gg till i varukorgen: \u201dDelad l\u00e5smutter f\u00f6r st\u00f6td\u00e4mpare KYB 46 VT14907\u201d\" rel=\"nofollow\" data-success_message=\"&quot;Delad l\u00e5smutter f\u00f6r st\u00f6td\u00e4mpare KYB 46 VT14907&quot; har lagts till i din varukorg\" role=\"button\">L\u00e4gg till i varukorg<\/a>\t<span id=\"woocommerce_loop_add_to_cart_link_describedby_1194\" class=\"screen-reader-text\">\n\t\t\t<\/span>\n<\/li>\n<li class=\"sales-flash-overlay woocommerce-text-align-left woocommerce-image-align-center do-quantity-buttons wc-has-gallery product type-product post-1417 status-publish instock product_cat-3d-tulosteet-sv product_cat-lynx-sv product_cat-lynx-rave-sv-2 product_cat-xterrain-sv product_cat-lynx-xtrim-sv-2 product_cat-moottorikelkkailu-sv product_tag-503193025-sv product_tag-brp-503193025-sv product_tag-d-osasto-sv product_tag-kyb-saatonuppi-sv product_tag-oem503193025-sv has-post-thumbnail taxable shipping-taxable purchasable product-type-simple\">\n\t<a href=\"https:\/\/finnomeckauppa.fi\/sv\/produkt\/iskunvaimintimen-saatonupit-kyb-vt14975x2\/\" class=\"woocommerce-LoopProduct-link woocommerce-loop-product__link\"><img loading=\"lazy\" decoding=\"async\" width=\"300\" height=\"300\" src=\"https:\/\/finnomeckauppa.fi\/wp-content\/uploads\/2025\/02\/IMG_0192-300x300.jpg\" class=\"secondary-image attachment-shop-catalog\" alt=\"\" srcset=\"https:\/\/finnomeckauppa.fi\/wp-content\/uploads\/2025\/02\/IMG_0192-300x300.jpg 300w, https:\/\/finnomeckauppa.fi\/wp-content\/uploads\/2025\/02\/IMG_0192-150x150.jpg 150w, https:\/\/finnomeckauppa.fi\/wp-content\/uploads\/2025\/02\/IMG_0192-100x100.jpg 100w\" sizes=\"auto, (max-width: 300px) 100vw, 300px\" \/><img loading=\"lazy\" decoding=\"async\" width=\"300\" height=\"300\" src=\"https:\/\/finnomeckauppa.fi\/wp-content\/uploads\/2026\/01\/Sarja-2-300x300.jpeg\" class=\"attachment-woocommerce_thumbnail size-woocommerce_thumbnail\" alt=\"St\u00f6td\u00e4mpare justeringsrattar KYB VT14975X2\" srcset=\"https:\/\/finnomeckauppa.fi\/wp-content\/uploads\/2026\/01\/Sarja-2-300x300.jpeg 300w, https:\/\/finnomeckauppa.fi\/wp-content\/uploads\/2026\/01\/Sarja-2-150x150.jpeg 150w, https:\/\/finnomeckauppa.fi\/wp-content\/uploads\/2026\/01\/Sarja-2-100x100.jpeg 100w\" sizes=\"auto, (max-width: 300px) 100vw, 300px\" \/><h2 class=\"woocommerce-loop-product__title\">St\u00f6td\u00e4mpare justeringsrattar KYB VT14975X2<\/h2><div class=\"star-rating\" title=\"Inte betygsatt \u00e4n\"><span style=\"width:0%\"><strong class=\"rating\">0<\/strong> av 5<\/span><\/div>\n\t<span class=\"price\"><span class=\"woocommerce-Price-amount amount\"><bdi>20,00&nbsp;<span class=\"woocommerce-Price-currencySymbol\">&euro;<\/span><\/bdi><\/span> <small class=\"woocommerce-price-suffix\">sis. alv<\/small><\/span>\n<\/a><a href=\"\/sv\/wp-json\/wp\/v2\/pages\/1085?add-to-cart=1417\" aria-describedby=\"woocommerce_loop_add_to_cart_link_describedby_1417\" data-quantity=\"1\" class=\"button product_type_simple add_to_cart_button ajax_add_to_cart\" data-product_id=\"1417\" data-product_sku=\"VT14975X2\" aria-label=\"L\u00e4gg till i varukorgen: \u201dSt\u00f6td\u00e4mpare justeringsrattar KYB VT14975X2\u201d\" rel=\"nofollow\" data-success_message=\"&quot;St\u00f6td\u00e4mpare justeringsrattar KYB VT14975X2&quot; har lagts till i din varukorg\" role=\"button\">L\u00e4gg till i varukorg<\/a>\t<span id=\"woocommerce_loop_add_to_cart_link_describedby_1417\" class=\"screen-reader-text\">\n\t\t\t<\/span>\n<\/li>\n<li class=\"sales-flash-overlay woocommerce-text-align-left woocommerce-image-align-center do-quantity-buttons wc-has-gallery product type-product post-2514 status-publish last instock product_cat-3d-tulosteet-sv product_cat-d-osasto-sv product_cat-lynx-sv product_cat-lynx-adventure-sv product_cat-lynx-boondocker-sv product_cat-lynx-commander-sv product_cat-lynx-ranger-sv product_cat-lynx-rave-sv-2 product_cat-lynx-shredder-sv-2 product_cat-xterrain-sv product_cat-lynx-xtrim-sv-2 product_cat-moottorikelkkailu-sv product_tag-503193025-sv product_tag-brp-503193025-sv product_tag-d-osasto-sv product_tag-kyb-saatonuppi-sv product_tag-oem503193025-sv has-post-thumbnail taxable shipping-taxable purchasable product-type-simple\">\n\t<a href=\"https:\/\/finnomeckauppa.fi\/sv\/produkt\/stotdampare-justeringsrattar-kyb-vt14975x2-kopio\/\" class=\"woocommerce-LoopProduct-link woocommerce-loop-product__link\"><img loading=\"lazy\" decoding=\"async\" width=\"300\" height=\"300\" src=\"https:\/\/finnomeckauppa.fi\/wp-content\/uploads\/2026\/01\/VT14976-300x300.jpeg\" class=\"secondary-image attachment-shop-catalog\" alt=\"\" srcset=\"https:\/\/finnomeckauppa.fi\/wp-content\/uploads\/2026\/01\/VT14976-300x300.jpeg 300w, https:\/\/finnomeckauppa.fi\/wp-content\/uploads\/2026\/01\/VT14976-150x150.jpeg 150w, https:\/\/finnomeckauppa.fi\/wp-content\/uploads\/2026\/01\/VT14976-100x100.jpeg 100w\" sizes=\"auto, (max-width: 300px) 100vw, 300px\" \/><img loading=\"lazy\" decoding=\"async\" width=\"300\" height=\"300\" src=\"https:\/\/finnomeckauppa.fi\/wp-content\/uploads\/2026\/01\/VT14976-2-300x300.jpeg\" class=\"attachment-woocommerce_thumbnail size-woocommerce_thumbnail\" alt=\"St\u00f6td\u00e4mpare justeringsrattar KYB VT14975X2 (Kopio)\" srcset=\"https:\/\/finnomeckauppa.fi\/wp-content\/uploads\/2026\/01\/VT14976-2-300x300.jpeg 300w, https:\/\/finnomeckauppa.fi\/wp-content\/uploads\/2026\/01\/VT14976-2-150x150.jpeg 150w, https:\/\/finnomeckauppa.fi\/wp-content\/uploads\/2026\/01\/VT14976-2-100x100.jpeg 100w\" sizes=\"auto, (max-width: 300px) 100vw, 300px\" \/><h2 class=\"woocommerce-loop-product__title\">St\u00f6td\u00e4mpare justeringsrattar KYB VT14975X2 (Kopio)<\/h2><div class=\"star-rating\" title=\"Inte betygsatt \u00e4n\"><span style=\"width:0%\"><strong class=\"rating\">0<\/strong> av 5<\/span><\/div>\n\t<span class=\"price\"><span class=\"woocommerce-Price-amount amount\"><bdi>10,00&nbsp;<span class=\"woocommerce-Price-currencySymbol\">&euro;<\/span><\/bdi><\/span> <small class=\"woocommerce-price-suffix\">sis. alv<\/small><\/span>\n<\/a><a href=\"\/sv\/wp-json\/wp\/v2\/pages\/1085?add-to-cart=2514\" aria-describedby=\"woocommerce_loop_add_to_cart_link_describedby_2514\" data-quantity=\"1\" class=\"button product_type_simple add_to_cart_button ajax_add_to_cart\" data-product_id=\"2514\" data-product_sku=\"VT14976X2\" aria-label=\"L\u00e4gg till i varukorgen: \u201dSt\u00f6td\u00e4mpare justeringsrattar KYB VT14975X2 (Kopio)\u201d\" rel=\"nofollow\" data-success_message=\"&quot;St\u00f6td\u00e4mpare justeringsrattar KYB VT14975X2 (Kopio)&quot; har lagts till i din varukorg\" role=\"button\">L\u00e4gg till i varukorg<\/a>\t<span id=\"woocommerce_loop_add_to_cart_link_describedby_2514\" class=\"screen-reader-text\">\n\t\t\t<\/span>\n<\/li>\n<\/ul>\n<\/div>\n<\/div><\/section>\n<\/div><\/section>\n","protected":false},"excerpt":{"rendered":"","protected":false},"author":2,"featured_media":0,"parent":0,"menu_order":0,"comment_status":"closed","ping_status":"closed","template":"","meta":{"_acf_changed":false,"footnotes":""},"class_list":["post-1085","page","type-page","status-publish"],"acf":[],"_links":{"self":[{"href":"https:\/\/finnomeckauppa.fi\/sv\/wp-json\/wp\/v2\/pages\/1085","targetHints":{"allow":["GET"]}}],"collection":[{"href":"https:\/\/finnomeckauppa.fi\/sv\/wp-json\/wp\/v2\/pages"}],"about":[{"href":"https:\/\/finnomeckauppa.fi\/sv\/wp-json\/wp\/v2\/types\/page"}],"author":[{"embeddable":true,"href":"https:\/\/finnomeckauppa.fi\/sv\/wp-json\/wp\/v2\/users\/2"}],"replies":[{"embeddable":true,"href":"https:\/\/finnomeckauppa.fi\/sv\/wp-json\/wp\/v2\/comments?post=1085"}],"version-history":[{"count":1,"href":"https:\/\/finnomeckauppa.fi\/sv\/wp-json\/wp\/v2\/pages\/1085\/revisions"}],"predecessor-version":[{"id":1086,"href":"https:\/\/finnomeckauppa.fi\/sv\/wp-json\/wp\/v2\/pages\/1085\/revisions\/1086"}],"wp:attachment":[{"href":"https:\/\/finnomeckauppa.fi\/sv\/wp-json\/wp\/v2\/media?parent=1085"}],"curies":[{"name":"wp","href":"https:\/\/api.w.org\/{rel}","templated":true}]}}