{"id":409,"date":"2024-09-10T07:50:29","date_gmt":"2024-09-10T07:50:29","guid":{"rendered":"https:\/\/finnomeckauppa.iwn.co\/varukorg\/"},"modified":"2024-11-14T12:51:16","modified_gmt":"2024-11-14T12:51:16","slug":"varukorg","status":"publish","type":"page","link":"https:\/\/finnomeckauppa.fi\/sv\/varukorg\/","title":{"rendered":"Varukorg"},"content":{"rendered":"\n<div data-block-name=\"woocommerce\/cart\" class=\"wp-block-woocommerce-cart alignwide is-loading\">\n<div data-block-name=\"woocommerce\/filled-cart-block\" class=\"wp-block-woocommerce-filled-cart-block\">\n<div data-block-name=\"woocommerce\/cart-items-block\" class=\"wp-block-woocommerce-cart-items-block\">\n<div data-block-name=\"woocommerce\/cart-line-items-block\" class=\"wp-block-woocommerce-cart-line-items-block\"><\/div>\n\n\n\n<div data-block-name=\"woocommerce\/cart-cross-sells-block\" class=\"wp-block-woocommerce-cart-cross-sells-block\">\n<h2 class=\"wp-block-heading has-large-font-size\">You may be interested in\u2026<\/h2>\n\n\n\n<div data-block-name=\"woocommerce\/cart-cross-sells-products-block\" class=\"wp-block-woocommerce-cart-cross-sells-products-block\"><\/div>\n<\/div>\n<\/div>\n\n\n\n<div data-block-name=\"woocommerce\/cart-totals-block\" class=\"wp-block-woocommerce-cart-totals-block\">\n<div data-block-name=\"woocommerce\/cart-order-summary-block\" class=\"wp-block-woocommerce-cart-order-summary-block\">\n<div data-block-name=\"woocommerce\/cart-order-summary-heading-block\" class=\"wp-block-woocommerce-cart-order-summary-heading-block\"><\/div><div data-block-name=\"woocommerce\/cart-order-summary-coupon-form-block\" class=\"wp-block-woocommerce-cart-order-summary-coupon-form-block\"><\/div><div data-block-name=\"woocommerce\/cart-order-summary-totals-block\" class=\"wp-block-woocommerce-cart-order-summary-totals-block\">\n<div data-block-name=\"woocommerce\/cart-order-summary-subtotal-block\" class=\"wp-block-woocommerce-cart-order-summary-subtotal-block\"><\/div>\n<div data-block-name=\"woocommerce\/cart-order-summary-discount-block\" class=\"wp-block-woocommerce-cart-order-summary-discount-block\"><\/div>\n<div data-block-name=\"woocommerce\/cart-order-summary-fee-block\" class=\"wp-block-woocommerce-cart-order-summary-fee-block\"><\/div>\n<div data-block-name=\"woocommerce\/cart-order-summary-shipping-block\" class=\"wp-block-woocommerce-cart-order-summary-shipping-block\"><\/div>\n<div data-block-name=\"woocommerce\/cart-order-summary-taxes-block\" class=\"wp-block-woocommerce-cart-order-summary-taxes-block\"><\/div><\/div>\n<\/div>\n\n\n\n<div data-block-name=\"woocommerce\/cart-express-payment-block\" class=\"wp-block-woocommerce-cart-express-payment-block\"><\/div>\n\n\n\n<div data-block-name=\"woocommerce\/proceed-to-checkout-block\" class=\"wp-block-woocommerce-proceed-to-checkout-block\"><\/div>\n\n\n\n<div data-block-name=\"woocommerce\/cart-accepted-payment-methods-block\" class=\"wp-block-woocommerce-cart-accepted-payment-methods-block\"><\/div>\n<\/div>\n<\/div>\n\n\n\n<div data-block-name=\"woocommerce\/empty-cart-block\" class=\"wp-block-woocommerce-empty-cart-block\">\n<h2 class=\"wp-block-heading has-text-align-center with-empty-cart-icon wc-block-cart__empty-cart__title\">Your cart is currently empty!<\/h2>\n\n\n\n<hr class=\"wp-block-separator has-alpha-channel-opacity is-style-dots\"\/>\n\n\n\n<h2 class=\"wp-block-heading has-text-align-center\">New in store<\/h2>\n\n\n<div data-block-name=\"woocommerce\/product-new\" data-columns=\"4\" data-rows=\"1\" class=\"wc-block-grid wp-block-product-new wp-block-woocommerce-product-new wc-block-product-new has-4-columns\"><ul class=\"wc-block-grid__products\"><li class=\"wc-block-grid__product\">\n\t\t\t\t<a href=\"https:\/\/finnomeckauppa.fi\/sv\/produkt\/stotdampare-justeringsrattar-kyb-vt14975x2-kopio\/\" class=\"wc-block-grid__product-link\">\n\t\t\t\t\t\n\t\t\t\t\t<div class=\"wc-block-grid__product-image\"><img loading=\"lazy\" decoding=\"async\" width=\"300\" height=\"300\" src=\"https:\/\/finnomeckauppa.fi\/wp-content\/uploads\/2026\/01\/VT14976-2-300x300.jpeg\" class=\"attachment-woocommerce_thumbnail size-woocommerce_thumbnail\" alt=\"St\u00f6td\u00e4mpare justeringsrattar KYB VT14975X2 (Kopio)\" srcset=\"https:\/\/finnomeckauppa.fi\/wp-content\/uploads\/2026\/01\/VT14976-2-300x300.jpeg 300w, https:\/\/finnomeckauppa.fi\/wp-content\/uploads\/2026\/01\/VT14976-2-150x150.jpeg 150w, https:\/\/finnomeckauppa.fi\/wp-content\/uploads\/2026\/01\/VT14976-2-100x100.jpeg 100w\" sizes=\"auto, (max-width: 300px) 100vw, 300px\" \/><\/div>\n\t\t\t\t\t<div class=\"wc-block-grid__product-title\">St\u00f6td\u00e4mpare justeringsrattar KYB VT14975X2 (Kopio)<\/div>\n\t\t\t\t<\/a>\n\t\t\t\t<div class=\"wc-block-grid__product-price price\"><span class=\"woocommerce-Price-amount amount\">10,00&nbsp;<span class=\"woocommerce-Price-currencySymbol\">&euro;<\/span><\/span> <small class=\"woocommerce-price-suffix\">sis. alv<\/small><\/div>\n\t\t\t\t\n\t\t\t\t<div class=\"wp-block-button wc-block-grid__product-add-to-cart\"><a href=\"\/sv\/wp-json\/wp\/v2\/pages\/409?add-to-cart=2514\" aria-label=\"L\u00e4gg till i varukorgen: \u201dSt\u00f6td\u00e4mpare justeringsrattar KYB VT14975X2 (Kopio)\u201d\" data-quantity=\"1\" data-product_id=\"2514\" data-product_sku=\"VT14976X2\" data-price=\"10\" rel=\"nofollow\" class=\"wp-block-button__link  add_to_cart_button ajax_add_to_cart\">L\u00e4gg till i varukorg<\/a><\/div>\n\t\t\t<\/li><li class=\"wc-block-grid__product\">\n\t\t\t\t<a href=\"https:\/\/finnomeckauppa.fi\/sv\/produkt\/o-ringshylsa-for-lynx-chassi-framre-ram-nedre-montering-med-nallager-vt13200-kopio\/\" class=\"wc-block-grid__product-link\">\n\t\t\t\t\t\n\t\t\t\t\t<div class=\"wc-block-grid__product-image\"><img loading=\"lazy\" decoding=\"async\" width=\"300\" height=\"300\" src=\"https:\/\/finnomeckauppa.fi\/wp-content\/uploads\/2026\/01\/FM1232-2-300x300.jpeg\" class=\"attachment-woocommerce_thumbnail size-woocommerce_thumbnail\" alt=\"O-ringshylsa f\u00f6r Lynx chassi fr\u00e4mre ram nedre montering - Med n\u00e5llager, VT13200 (Kopio)\" srcset=\"https:\/\/finnomeckauppa.fi\/wp-content\/uploads\/2026\/01\/FM1232-2-300x300.jpeg 300w, https:\/\/finnomeckauppa.fi\/wp-content\/uploads\/2026\/01\/FM1232-2-150x150.jpeg 150w, https:\/\/finnomeckauppa.fi\/wp-content\/uploads\/2026\/01\/FM1232-2-100x100.jpeg 100w\" sizes=\"auto, (max-width: 300px) 100vw, 300px\" \/><\/div>\n\t\t\t\t\t<div class=\"wc-block-grid__product-title\">O-ringshylsa f\u00f6r Lynx chassi fr\u00e4mre ram nedre montering &#8211; Med n\u00e5llager, VT13200 (Kopio)<\/div>\n\t\t\t\t<\/a>\n\t\t\t\t<div class=\"wc-block-grid__product-price price\"><span class=\"woocommerce-Price-amount amount\">14,00&nbsp;<span class=\"woocommerce-Price-currencySymbol\">&euro;<\/span><\/span> <small class=\"woocommerce-price-suffix\">sis. alv<\/small><\/div>\n\t\t\t\t\n\t\t\t\t<div class=\"wp-block-button wc-block-grid__product-add-to-cart\"><a href=\"\/sv\/wp-json\/wp\/v2\/pages\/409?add-to-cart=2463\" aria-label=\"L\u00e4gg till i varukorgen: \u201dO-ringshylsa f\u00f6r Lynx chassi fr\u00e4mre ram nedre montering - Med n\u00e5llager, VT13200 (Kopio)\u201d\" data-quantity=\"1\" data-product_id=\"2463\" data-product_sku=\"FM1232\" data-price=\"14\" rel=\"nofollow\" class=\"wp-block-button__link  add_to_cart_button ajax_add_to_cart\">L\u00e4gg till i varukorg<\/a><\/div>\n\t\t\t<\/li><li class=\"wc-block-grid__product\">\n\t\t\t\t<a href=\"https:\/\/finnomeckauppa.fi\/sv\/produkt\/lynx-o-ringshylsa-for-basmontering-med-nallager-vt13197-kopio\/\" class=\"wc-block-grid__product-link\">\n\t\t\t\t\t\n\t\t\t\t\t<div class=\"wc-block-grid__product-image\"><img loading=\"lazy\" decoding=\"async\" width=\"300\" height=\"300\" src=\"https:\/\/finnomeckauppa.fi\/wp-content\/uploads\/2026\/01\/FM1233-300x300.jpeg\" class=\"attachment-woocommerce_thumbnail size-woocommerce_thumbnail\" alt=\"Lynx O-ringshylsa f\u00f6r basmontering - Med n\u00e5llager, VT13197 (Kopio)\" srcset=\"https:\/\/finnomeckauppa.fi\/wp-content\/uploads\/2026\/01\/FM1233-300x300.jpeg 300w, https:\/\/finnomeckauppa.fi\/wp-content\/uploads\/2026\/01\/FM1233-150x150.jpeg 150w, https:\/\/finnomeckauppa.fi\/wp-content\/uploads\/2026\/01\/FM1233-100x100.jpeg 100w\" sizes=\"auto, (max-width: 300px) 100vw, 300px\" \/><\/div>\n\t\t\t\t\t<div class=\"wc-block-grid__product-title\">Lynx O-ringshylsa f\u00f6r basmontering &#8211; Med n\u00e5llager, VT13197 (Kopio)<\/div>\n\t\t\t\t<\/a>\n\t\t\t\t<div class=\"wc-block-grid__product-price price\"><span class=\"woocommerce-Price-amount amount\">12,00&nbsp;<span class=\"woocommerce-Price-currencySymbol\">&euro;<\/span><\/span> <small class=\"woocommerce-price-suffix\">sis. alv<\/small><\/div>\n\t\t\t\t\n\t\t\t\t<div class=\"wp-block-button wc-block-grid__product-add-to-cart\"><a href=\"\/sv\/wp-json\/wp\/v2\/pages\/409?add-to-cart=2433\" aria-label=\"L\u00e4gg till i varukorgen: \u201dLynx O-ringshylsa f\u00f6r basmontering - Med n\u00e5llager, VT13197 (Kopio)\u201d\" data-quantity=\"1\" data-product_id=\"2433\" data-product_sku=\"FM1233\" data-price=\"12\" rel=\"nofollow\" class=\"wp-block-button__link  add_to_cart_button ajax_add_to_cart\">L\u00e4gg till i varukorg<\/a><\/div>\n\t\t\t<\/li><li class=\"wc-block-grid__product\">\n\t\t\t\t<a href=\"https:\/\/finnomeckauppa.fi\/sv\/produkt\/iskunvaimintimen-saatonupit-kyb-vt14975x2\/\" class=\"wc-block-grid__product-link\">\n\t\t\t\t\t\n\t\t\t\t\t<div class=\"wc-block-grid__product-image\"><img loading=\"lazy\" decoding=\"async\" width=\"300\" height=\"300\" src=\"https:\/\/finnomeckauppa.fi\/wp-content\/uploads\/2026\/01\/Sarja-2-300x300.jpeg\" class=\"attachment-woocommerce_thumbnail size-woocommerce_thumbnail\" alt=\"St\u00f6td\u00e4mpare justeringsrattar KYB VT14975X2\" srcset=\"https:\/\/finnomeckauppa.fi\/wp-content\/uploads\/2026\/01\/Sarja-2-300x300.jpeg 300w, https:\/\/finnomeckauppa.fi\/wp-content\/uploads\/2026\/01\/Sarja-2-150x150.jpeg 150w, https:\/\/finnomeckauppa.fi\/wp-content\/uploads\/2026\/01\/Sarja-2-100x100.jpeg 100w\" sizes=\"auto, (max-width: 300px) 100vw, 300px\" \/><\/div>\n\t\t\t\t\t<div class=\"wc-block-grid__product-title\">St\u00f6td\u00e4mpare justeringsrattar KYB VT14975X2<\/div>\n\t\t\t\t<\/a>\n\t\t\t\t<div class=\"wc-block-grid__product-price price\"><span class=\"woocommerce-Price-amount amount\">20,00&nbsp;<span class=\"woocommerce-Price-currencySymbol\">&euro;<\/span><\/span> <small class=\"woocommerce-price-suffix\">sis. alv<\/small><\/div>\n\t\t\t\t\n\t\t\t\t<div class=\"wp-block-button wc-block-grid__product-add-to-cart\"><a href=\"\/sv\/wp-json\/wp\/v2\/pages\/409?add-to-cart=1417\" aria-label=\"L\u00e4gg till i varukorgen: \u201dSt\u00f6td\u00e4mpare justeringsrattar KYB VT14975X2\u201d\" data-quantity=\"1\" data-product_id=\"1417\" data-product_sku=\"VT14975X2\" data-price=\"20\" rel=\"nofollow\" class=\"wp-block-button__link  add_to_cart_button ajax_add_to_cart\">L\u00e4gg till i varukorg<\/a><\/div>\n\t\t\t<\/li><\/ul><\/div><\/div>\n<\/div>\n","protected":false},"excerpt":{"rendered":"","protected":false},"author":2,"featured_media":0,"parent":0,"menu_order":0,"comment_status":"closed","ping_status":"closed","template":"","meta":{"_acf_changed":false,"footnotes":""},"class_list":["post-409","page","type-page","status-publish"],"acf":[],"_links":{"self":[{"href":"https:\/\/finnomeckauppa.fi\/sv\/wp-json\/wp\/v2\/pages\/409","targetHints":{"allow":["GET"]}}],"collection":[{"href":"https:\/\/finnomeckauppa.fi\/sv\/wp-json\/wp\/v2\/pages"}],"about":[{"href":"https:\/\/finnomeckauppa.fi\/sv\/wp-json\/wp\/v2\/types\/page"}],"author":[{"embeddable":true,"href":"https:\/\/finnomeckauppa.fi\/sv\/wp-json\/wp\/v2\/users\/2"}],"replies":[{"embeddable":true,"href":"https:\/\/finnomeckauppa.fi\/sv\/wp-json\/wp\/v2\/comments?post=409"}],"version-history":[{"count":0,"href":"https:\/\/finnomeckauppa.fi\/sv\/wp-json\/wp\/v2\/pages\/409\/revisions"}],"wp:attachment":[{"href":"https:\/\/finnomeckauppa.fi\/sv\/wp-json\/wp\/v2\/media?parent=409"}],"curies":[{"name":"wp","href":"https:\/\/api.w.org\/{rel}","templated":true}]}}