{"id":817,"date":"2024-09-09T07:38:39","date_gmt":"2024-09-09T07:38:39","guid":{"rendered":"https:\/\/finnomeckauppa.iwn.co\/autoilu\/"},"modified":"2025-01-22T08:49:01","modified_gmt":"2025-01-22T08:49:01","slug":"autoilu","status":"publish","type":"page","link":"https:\/\/finnomeckauppa.fi\/sv\/autoilu\/","title":{"rendered":"Bilk\u00f6rning"},"content":{"rendered":"\n<section id=\"g-5fx1vyx\" class=\"wp-block-gutentor-m3 alignfull section-g-5fx1vyx gutentor-module gutentor-container-cover\"><div class=\"grid-container\">\n<section id=\"g-2jgmg7g\" class=\"wp-block-gutentor-m3 section-g-2jgmg7g gutentor-module gutentor-container-cover\"><div class=\"grid-container\"><div class=\"woocommerce columns-3 \"><ul class=\"products columns-3\">\n<li class=\"sales-flash-overlay woocommerce-text-align-left woocommerce-image-align-center do-quantity-buttons wc-has-gallery product type-product post-897 status-publish first instock product_cat-aisalukko-sv product_cat-auto-osat-sv product_tag-aisalukko-sv product_tag-lock-mec-sv has-post-thumbnail taxable shipping-taxable purchasable product-type-simple\">\n\t<a href=\"https:\/\/finnomeckauppa.fi\/sv\/produkt\/lock-mec-aisalukko-jarruttomaan-peravaunuun\/\" class=\"woocommerce-LoopProduct-link woocommerce-loop-product__link\"><img loading=\"lazy\" decoding=\"async\" width=\"300\" height=\"300\" src=\"https:\/\/finnomeckauppa.fi\/wp-content\/uploads\/2024\/10\/KuvaLM-300x300.jpg\" class=\"secondary-image attachment-shop-catalog\" alt=\"\" srcset=\"https:\/\/finnomeckauppa.fi\/wp-content\/uploads\/2024\/10\/KuvaLM-300x300.jpg 300w, https:\/\/finnomeckauppa.fi\/wp-content\/uploads\/2024\/10\/KuvaLM-150x150.jpg 150w, https:\/\/finnomeckauppa.fi\/wp-content\/uploads\/2024\/10\/KuvaLM-100x100.jpg 100w\" sizes=\"auto, (max-width: 300px) 100vw, 300px\" \/><img loading=\"lazy\" decoding=\"async\" width=\"300\" height=\"300\" src=\"https:\/\/finnomeckauppa.fi\/wp-content\/uploads\/2024\/10\/Paakuva-LM-scaled-1-300x300.jpg\" class=\"attachment-woocommerce_thumbnail size-woocommerce_thumbnail\" alt=\"Lock-Mec bakl\u00e5s f\u00f6r sl\u00e4pvagn utan broms\" srcset=\"https:\/\/finnomeckauppa.fi\/wp-content\/uploads\/2024\/10\/Paakuva-LM-scaled-1-300x300.jpg 300w, https:\/\/finnomeckauppa.fi\/wp-content\/uploads\/2024\/10\/Paakuva-LM-scaled-1-150x150.jpg 150w, https:\/\/finnomeckauppa.fi\/wp-content\/uploads\/2024\/10\/Paakuva-LM-scaled-1-100x100.jpg 100w\" sizes=\"auto, (max-width: 300px) 100vw, 300px\" \/><h2 class=\"woocommerce-loop-product__title\">Lock-Mec bakl\u00e5s f\u00f6r sl\u00e4pvagn utan broms<\/h2><div class=\"star-rating\" title=\"Inte betygsatt \u00e4n\"><span style=\"width:0%\"><strong class=\"rating\">0<\/strong> av 5<\/span><\/div>\n\t<span class=\"price\"><span class=\"woocommerce-Price-amount amount\"><bdi>50,00&nbsp;<span class=\"woocommerce-Price-currencySymbol\">&euro;<\/span><\/bdi><\/span> <small class=\"woocommerce-price-suffix\">sis. alv<\/small><\/span>\n<\/a><a href=\"\/sv\/wp-json\/wp\/v2\/pages\/817?add-to-cart=897\" aria-describedby=\"woocommerce_loop_add_to_cart_link_describedby_897\" data-quantity=\"1\" class=\"button product_type_simple add_to_cart_button ajax_add_to_cart\" data-product_id=\"897\" data-product_sku=\"VT12267\" aria-label=\"L\u00e4gg till i varukorgen: \u201dLock-Mec bakl\u00e5s f\u00f6r sl\u00e4pvagn utan broms\u201d\" rel=\"nofollow\" data-success_message=\"&quot;Lock-Mec bakl\u00e5s f\u00f6r sl\u00e4pvagn utan broms&quot; har lagts till i din varukorg\" role=\"button\">L\u00e4gg till i varukorg<\/a>\t<span id=\"woocommerce_loop_add_to_cart_link_describedby_897\" class=\"screen-reader-text\">\n\t\t\t<\/span>\n<\/li>\n<\/ul>\n<\/div>\n<\/div><\/section>\n<\/div><\/section>\n","protected":false},"excerpt":{"rendered":"","protected":false},"author":2,"featured_media":0,"parent":0,"menu_order":0,"comment_status":"closed","ping_status":"closed","template":"","meta":{"_acf_changed":false,"footnotes":""},"class_list":["post-817","page","type-page","status-publish"],"acf":[],"_links":{"self":[{"href":"https:\/\/finnomeckauppa.fi\/sv\/wp-json\/wp\/v2\/pages\/817","targetHints":{"allow":["GET"]}}],"collection":[{"href":"https:\/\/finnomeckauppa.fi\/sv\/wp-json\/wp\/v2\/pages"}],"about":[{"href":"https:\/\/finnomeckauppa.fi\/sv\/wp-json\/wp\/v2\/types\/page"}],"author":[{"embeddable":true,"href":"https:\/\/finnomeckauppa.fi\/sv\/wp-json\/wp\/v2\/users\/2"}],"replies":[{"embeddable":true,"href":"https:\/\/finnomeckauppa.fi\/sv\/wp-json\/wp\/v2\/comments?post=817"}],"version-history":[{"count":4,"href":"https:\/\/finnomeckauppa.fi\/sv\/wp-json\/wp\/v2\/pages\/817\/revisions"}],"predecessor-version":[{"id":1090,"href":"https:\/\/finnomeckauppa.fi\/sv\/wp-json\/wp\/v2\/pages\/817\/revisions\/1090"}],"wp:attachment":[{"href":"https:\/\/finnomeckauppa.fi\/sv\/wp-json\/wp\/v2\/media?parent=817"}],"curies":[{"name":"wp","href":"https:\/\/api.w.org\/{rel}","templated":true}]}}