{"id":821,"date":"2024-09-09T07:38:15","date_gmt":"2024-09-09T07:38:15","guid":{"rendered":"https:\/\/finnomeckauppa.iwn.co\/etusivu\/"},"modified":"2025-01-29T11:30:48","modified_gmt":"2025-01-29T11:30:48","slug":"etusivu","status":"publish","type":"page","link":"https:\/\/finnomeckauppa.fi\/sv\/","title":{"rendered":"Framsida"},"content":{"rendered":"\n<section id=\"g-1m1g1al\" class=\"wp-block-gutentor-m3 alignfull section-g-1m1g1al gutentor-module gutentor-container-cover has-image-bg has-custom-bg fp-banner-cont\"><div class=\"grid-container\">\n<section id=\"g-pdwi9md\" class=\"wp-block-gutentor-m4 section-g-pdwi9md gutentor-module gutentor-advanced-columns\"><div class=\"grid-container\"><div class=\"grid-row\">\n<div id=\"col-g-nmrdc4r\" class=\"wp-block-gutentor-m4-col col-g-nmrdc4r gutentor-single-column  grid-lg-12 grid-md-12 grid-12\"><div id=\"section-g-nmrdc4r\" class=\"section-g-nmrdc4r gutentor-col-wrap\">\n<div id=\"section-g-1s58yms\" class=\"wp-block-gutentor-e1 section-g-1s58yms gutentor-element gutentor-element-advanced-text text-align-center-mobile fp-banner-text\"><div class=\"gutentor-text-wrap\"><h1 class=\"gutentor-text\"><br><br><br>Finnomec<br>Webbutik<\/h1><\/div><\/div>\n<\/div><\/div>\n<\/div><\/div><\/section>\n<\/div><\/section>\n\n\n\n<section id=\"g-1c7t19m\" class=\"wp-block-gutentor-m3 alignfull section-g-1c7t19m gutentor-module gutentor-container-cover has-image-bg has-custom-bg d-none\"><div class=\"grid-container\">\n<section id=\"g-9ojtjhh\" class=\"wp-block-gutentor-m4 section-g-9ojtjhh gutentor-module gutentor-advanced-columns\"><div class=\"grid-container\"><div class=\"grid-row\">\n<div id=\"col-g-lzkl5b5\" class=\"wp-block-gutentor-m4-col col-g-lzkl5b5 gutentor-single-column  grid-lg-7 grid-md-10 grid-12\"><div id=\"section-g-lzkl5b5\" class=\"section-g-lzkl5b5 gutentor-col-wrap\">\n<div id=\"section-g-ecysqe9\" class=\"wp-block-gutentor-e1 section-g-ecysqe9 gutentor-element gutentor-element-advanced-text text-align-center-mobile\"><div class=\"gutentor-text-wrap\"><h1 class=\"gutentor-text\">Finnomec<br>Verkkokauppa<\/h1><\/div><\/div>\n<\/div><\/div>\n\n\n\n<div id=\"col-g-2sj14zm\" class=\"wp-block-gutentor-m4-col col-g-2sj14zm gutentor-single-column  grid-lg-5 grid-md-2 grid-12\"><div id=\"section-g-2sj14zm\" class=\"section-g-2sj14zm gutentor-col-wrap\"><\/div><\/div>\n<\/div><\/div><\/section>\n<\/div><\/section>\n\n\n\n<section id=\"g-ck31egg\" class=\"wp-block-gutentor-m3 alignfull section-g-ck31egg gutentor-module gutentor-container-cover has-color-bg has-custom-bg\"><div class=\"grid-container\">\n<section id=\"g-j9x1ac6\" class=\"wp-block-gutentor-m4 section-g-j9x1ac6 gutentor-module gutentor-advanced-columns\"><div class=\"grid-container\"><div class=\"grid-row\">\n<div id=\"col-g-511zye3\" class=\"wp-block-gutentor-m4-col col-g-511zye3 gutentor-single-column  grid-lg-12 grid-md-12 grid-12\"><div id=\"section-g-511zye3\" class=\"section-g-511zye3 gutentor-col-wrap\">\n<div id=\"section-g-5ei622j\" class=\"wp-block-gutentor-e1 section-g-5ei622j gutentor-element gutentor-element-advanced-text text-align-center-mobile\"><div class=\"gutentor-text-wrap\"><h4 class=\"gutentor-text\">Expertink\u00f6pta sn\u00f6skoter-, bil-, 3D-utskrifter och industriprodukter fr\u00e5n Finnomec!<\/h4><\/div><\/div>\n<\/div><\/div>\n<\/div><\/div><\/section>\n<\/div><\/section>\n\n\n\n<section id=\"g-i71nk7i\" class=\"wp-block-gutentor-m3 alignfull section-g-i71nk7i gutentor-module gutentor-container-cover\"><div class=\"grid-container\">\n<section id=\"g-e555e5w\" class=\"wp-block-gutentor-m4 alignwide section-g-e555e5w gutentor-module gutentor-advanced-columns\"><div class=\"grid-container\"><div class=\"grid-row\">\n<div id=\"col-g-d7v83ia\" class=\"wp-block-gutentor-m4-col col-g-d7v83ia gutentor-single-column  grid-lg-12 grid-md-12 grid-12\"><div id=\"section-g-d7v83ia\" class=\"section-g-d7v83ia gutentor-col-wrap\">\n<div id=\"section-g-ai13anc\" class=\"wp-block-gutentor-e1 section-g-ai13anc gutentor-element gutentor-element-advanced-text text-align-left-tablet text-align-center-mobile\"><div class=\"gutentor-text-wrap\"><h3 class=\"gutentor-text\">Utforska produktkategorier<\/h3><\/div><\/div>\n<\/div><\/div>\n<\/div><\/div><\/section>\n\n\n\n<section id=\"g-u6lllnu\" class=\"wp-block-gutentor-m4 section-g-u6lllnu gutentor-module gutentor-advanced-columns\"><div class=\"grid-container\"><div class=\"grid-row\">\n<div id=\"col-g-1b1ealy\" class=\"wp-block-gutentor-m4-col col-g-1b1ealy gutentor-single-column  grid-lg-6 grid-md-6 grid-12 g-single-column-link-enabled\"><div id=\"section-g-1b1ealy\" class=\"section-g-1b1ealy gutentor-col-wrap has-image-bg has-custom-bg has-gutentor-overlay\">\n<div id=\"section-g-2a72u7z\" class=\"wp-block-gutentor-e1 section-g-2a72u7z gutentor-element gutentor-element-advanced-text text-align-center-mobile\"><div class=\"gutentor-text-wrap\"><h3 class=\"gutentor-text\">Sn\u00f6skoter\u00e5kning<\/h3><\/div><\/div>\n<\/div><a class=\"gutentor-link\" href=\"https:\/\/finnomeckauppa.fi\/moottorikelkkailu\/\"><\/a><\/div>\n\n\n\n<div id=\"col-g-43fnflo\" class=\"wp-block-gutentor-m4-col col-g-43fnflo gutentor-single-column  grid-lg-6 grid-md-6 grid-12 g-single-column-link-enabled\"><div id=\"section-g-43fnflo\" class=\"section-g-43fnflo gutentor-col-wrap has-image-bg has-custom-bg has-gutentor-overlay\">\n<div id=\"section-g-he1wije\" class=\"wp-block-gutentor-e1 section-g-he1wije gutentor-element gutentor-element-advanced-text text-align-center-mobile\"><div class=\"gutentor-text-wrap\"><h3 class=\"gutentor-text\">Bilk\u00f6rning<\/h3><\/div><\/div>\n<\/div><a class=\"gutentor-link\" href=\"https:\/\/finnomeckauppa.fi\/autoilu\/\"><\/a><\/div>\n<\/div><\/div><\/section>\n\n\n\n<section id=\"g-n3y0666\" class=\"wp-block-gutentor-m4 section-g-n3y0666 gutentor-module gutentor-advanced-columns\"><div class=\"grid-container\"><div class=\"grid-row\">\n<div id=\"col-g-asbostw\" class=\"wp-block-gutentor-m4-col col-g-asbostw gutentor-single-column  grid-lg-6 grid-md-6 grid-12 g-single-column-link-enabled\"><div id=\"section-g-asbostw\" class=\"section-g-asbostw gutentor-col-wrap has-image-bg has-custom-bg has-gutentor-overlay\">\n<div id=\"section-g-3767mws\" class=\"wp-block-gutentor-e1 section-g-3767mws gutentor-element gutentor-element-advanced-text text-align-center-mobile\"><div class=\"gutentor-text-wrap\"><h3 class=\"gutentor-text\">3D-utskrifter<\/h3><\/div><\/div>\n<\/div><a class=\"gutentor-link\" href=\"https:\/\/finnomeckauppa.fi\/3d-tulosteet\/\"><\/a><\/div>\n\n\n\n<div id=\"col-g-w3i33gp\" class=\"wp-block-gutentor-m4-col col-g-w3i33gp gutentor-single-column  grid-lg-6 grid-md-6 grid-12 g-single-column-link-enabled\"><div id=\"section-g-w3i33gp\" class=\"section-g-w3i33gp gutentor-col-wrap has-image-bg has-custom-bg has-gutentor-overlay\">\n<div id=\"section-g-6l1e3zz\" class=\"wp-block-gutentor-e1 section-g-6l1e3zz gutentor-element gutentor-element-advanced-text text-align-center-mobile\"><div class=\"gutentor-text-wrap\"><h3 class=\"gutentor-text\">Industriell<\/h3><\/div><\/div>\n<\/div><a class=\"gutentor-link\" href=\"https:\/\/finnomeckauppa.fi\/teollisuus\/\"><\/a><\/div>\n<\/div><\/div><\/section>\n<\/div><\/section>\n\n\n\n<section id=\"gm6d6fd4d\" class=\"wp-block-gutentor-m3 alignfull section-gm6d6fd4d gutentor-module gutentor-container-cover has-color-bg has-custom-bg\"><div class=\"grid-container gutentor-rm-ct-space-d gutentor-rm-ct-space-t\">\n<section id=\"gm2ba1d27\" class=\"wp-block-gutentor-m4 alignfull section-gm2ba1d27 gutentor-module gutentor-advanced-columns d-lg-none d-md-none gutentor-equal-column-height\"><div class=\"grid-container gutentor-rm-ct-space-d gutentor-rm-ct-space-t gutentor-rm-ct-space\"><div class=\"grid-row\">\n<div id=\"col-gmdfdb2b\" class=\"wp-block-gutentor-m4-col col-gmdfdb2b gutentor-single-column  grid-lg-12 grid-md-12 grid-12 gutentor-rm-col-space-d gutentor-rm-col-space-t\"><div id=\"section-gmdfdb2b\" class=\"section-gmdfdb2b gutentor-col-wrap has-image-bg has-custom-bg\">\n<section id=\"gm9df0564\" class=\"wp-block-gutentor-m4 section-gm9df0564 gutentor-module gutentor-advanced-columns front_content_left\"><div class=\"grid-container\"><div class=\"grid-row\">\n<div id=\"col-gmaaad81\" class=\"wp-block-gutentor-m4-col col-gmaaad81 gutentor-single-column  grid-lg-12 grid-md-12 grid-12\"><div id=\"section-gmaaad81\" class=\"section-gmaaad81 gutentor-col-wrap\"><\/div><\/div>\n<\/div><\/div><\/section>\n<\/div><\/div>\n<\/div><\/div><\/section>\n\n\n\n<section id=\"gm40d705c\" class=\"wp-block-gutentor-m4 alignfull section-gm40d705c gutentor-module gutentor-advanced-columns gutentor-equal-column-height\"><div class=\"grid-container gutentor-rm-ct-space-d gutentor-rm-ct-space-t gutentor-rm-ct-space\"><div class=\"grid-row\">\n<div id=\"col-gm788437\" class=\"wp-block-gutentor-m4-col col-gm788437 gutentor-single-column  grid-lg-6 grid-md-6 grid-12 gutentor-rm-col-space-d gutentor-rm-col-space-t\"><div id=\"section-gm788437\" class=\"section-gm788437 gutentor-col-wrap\">\n<section id=\"gm43fd3c0\" class=\"wp-block-gutentor-m4 section-gm43fd3c0 gutentor-module gutentor-advanced-columns front_content_left\"><div class=\"grid-container\"><div class=\"grid-row\">\n<div id=\"col-gm2597cc\" class=\"wp-block-gutentor-m4-col col-gm2597cc gutentor-single-column  grid-lg-12 grid-md-12 grid-12\"><div id=\"section-gm2597cc\" class=\"section-gm2597cc gutentor-col-wrap\">\n<div id=\"section-gb635f1\" class=\"wp-block-gutentor-e1 section-gb635f1 gutentor-element gutentor-element-advanced-text\"><div class=\"gutentor-text-wrap\"><h3 class=\"gutentor-text\">Ber\u00e4ttelseh\u00f6rnan<\/h3><\/div><\/div>\n\n\n\n<div id=\"section-g-qzflfss\" class=\"wp-block-gutentor-e1 section-g-qzflfss gutentor-element gutentor-element-advanced-text\"><div class=\"gutentor-text-wrap\"><h3 class=\"gutentor-text\">Tips f\u00f6r en lyckad pulkas\u00e4song<\/h3><\/div><\/div>\n\n\n\n<div id=\"section-gb42fba\" class=\"wp-block-gutentor-e0 section-gb42fba gutentor-element gutentor-element-advanced-text\"><div class=\"gutentor-text-wrap\"><p class=\"gutentor-text\">5 tips f\u00f6r skoterunderh\u00e5ll inf\u00f6r s\u00e4songsstart<br>Skoters\u00e4songen n\u00e4rmar sig \u2013 se till att din skoter \u00e4r redo f\u00f6r \u00e4ventyr! Dessa underh\u00e5llstips garanterar s\u00e4ker och njutbar k\u00f6rning:<br>Kontrollera motorns skick:<br>Byt olja och kontrollera att t\u00e4ndstiften \u00e4r hela. Starta sl\u00e4den och lyssna efter eventuella ovanliga ljud.<br>Underh\u00e5ll sp\u00e5ret och styrningen:<br>Kontrollera sp\u00e5ret f\u00f6r sprickor eller slitage. Justera styrkomponenter, s\u00e5som dragst\u00e4nger, och se till att de r\u00f6r sig smidigt.<br>Sm\u00f6rj r\u00f6rliga delar:<br>Kom ih\u00e5g att sm\u00f6rja alla leder och lager. En v\u00e4lsmord sl\u00e4de fungerar b\u00e4ttre och h\u00e5ller l\u00e4ngre.<br>Kontrollera batterierna och det elektriska systemet:<br>Verifiera batteriladdningsniv\u00e5n och kontrollera funktionaliteten hos lamporna och andra elektriska enheter.<br>G\u00f6r i ordning utrustningen och reservdelar:<br>G\u00e5 igenom utrustningen och n\u00f6dv\u00e4ndiga reservdelar, s\u00e5som remmar och reservpluggar. P\u00e5 s\u00e5 s\u00e4tt slipper du \u00f6verraskningar under din resa.<br>Underh\u00e5ll din sl\u00e4de i tid och njut av vinterns b\u00e4sta stunder p\u00e5 ett s\u00e4kert s\u00e4tt!<\/p><\/div><\/div>\n\n\n\n<div id=\"section-g-ezgi1vt\" class=\"wp-block-gutentor-e2 section-g-ezgi1vt gutentor-element gutentor-element-button\"><span class=\"gutentor-button-wrap\"><a class=\"gutentor-button gutentor-block-button gutentor-icon-hide\" href=\"\/sv\/tarinanurkka\/\"><i class=\"gutentor-button-icon fas fa-book\"><\/i><span>L\u00e4s allt<\/span><\/a><\/span><\/div>\n<\/div><\/div>\n<\/div><\/div><\/section>\n<\/div><\/div>\n\n\n\n<div id=\"col-gm279e23\" class=\"wp-block-gutentor-m4-col col-gm279e23 gutentor-single-column  grid-lg-6 grid-md-6 grid-12 gutentor-rm-col-space-d gutentor-rm-col-space-t mob_none\"><div id=\"section-gm279e23\" class=\"section-gm279e23 gutentor-col-wrap has-image-bg has-custom-bg\"><\/div><\/div>\n<\/div><\/div><\/section>\n<\/div><\/section>\n","protected":false},"excerpt":{"rendered":"","protected":false},"author":2,"featured_media":0,"parent":0,"menu_order":0,"comment_status":"closed","ping_status":"closed","template":"","meta":{"_acf_changed":false,"footnotes":""},"class_list":["post-821","page","type-page","status-publish"],"acf":[],"_links":{"self":[{"href":"https:\/\/finnomeckauppa.fi\/sv\/wp-json\/wp\/v2\/pages\/821","targetHints":{"allow":["GET"]}}],"collection":[{"href":"https:\/\/finnomeckauppa.fi\/sv\/wp-json\/wp\/v2\/pages"}],"about":[{"href":"https:\/\/finnomeckauppa.fi\/sv\/wp-json\/wp\/v2\/types\/page"}],"author":[{"embeddable":true,"href":"https:\/\/finnomeckauppa.fi\/sv\/wp-json\/wp\/v2\/users\/2"}],"replies":[{"embeddable":true,"href":"https:\/\/finnomeckauppa.fi\/sv\/wp-json\/wp\/v2\/comments?post=821"}],"version-history":[{"count":12,"href":"https:\/\/finnomeckauppa.fi\/sv\/wp-json\/wp\/v2\/pages\/821\/revisions"}],"predecessor-version":[{"id":1167,"href":"https:\/\/finnomeckauppa.fi\/sv\/wp-json\/wp\/v2\/pages\/821\/revisions\/1167"}],"wp:attachment":[{"href":"https:\/\/finnomeckauppa.fi\/sv\/wp-json\/wp\/v2\/media?parent=821"}],"curies":[{"name":"wp","href":"https:\/\/api.w.org\/{rel}","templated":true}]}}