{"id":1003,"date":"2024-12-13T08:17:52","date_gmt":"2024-12-13T08:17:52","guid":{"rendered":"https:\/\/finnomeckauppa.iwn.co\/product\/elkontakt-for-justerbara-fjadring-stotdampare\/"},"modified":"2024-12-18T06:12:05","modified_gmt":"2024-12-18T06:12:05","slug":"elkontakt-for-justerbara-fjadring-stotdampare","status":"publish","type":"product","link":"https:\/\/finnomeckauppa.fi\/sv\/produkt\/elkontakt-for-justerbara-fjadring-stotdampare\/","title":{"rendered":"Elkontakt f\u00f6r justerbara fj\u00e4dring st\u00f6td\u00e4mpare"},"content":{"rendered":"<p>Elkontakt f\u00f6r elektriska Smart-Shox st\u00f6td\u00e4mpare<\/p>\n<p>Hankontakt \/ Honkontakt<\/p>\n<p>Inkluderar inte n\u00e5lar.<\/p>\n<p>Ytterm\u00e5tt p\u00e5 kontakten 7 mm x 8,15 mm<\/p>\n<p>Ski-doo Renegade 900 R<\/p>\n<p>Koppla bort de elektriska ledningarna med stiften fr\u00e5n den trasiga kontakten.<\/p>\n<p>Stiften lossnar fr\u00e5n insidan med hj\u00e4lp av h\u00e5let ovanf\u00f6r stiften.<\/p>\n<p>Om de inte lossnar, bryt f\u00f6rsiktigt plasten utanf\u00f6r kontakten.<\/p>\n<p>Klipp inte av de elektriska ledningarna!<\/p>\n","protected":false},"excerpt":{"rendered":"<p>Elkontakt f\u00f6r elektriska chassist\u00f6td\u00e4mpare<\/p>\n<p>Hankontakt \/ Honkontakt<\/p>\n","protected":false},"featured_media":995,"comment_status":"open","ping_status":"closed","template":"","meta":{"_acf_changed":false},"product_brand":[],"product_cat":[67,382,386,379],"product_tag":[],"class_list":{"0":"post-1003","1":"product","2":"type-product","3":"status-publish","4":"has-post-thumbnail","6":"product_cat-okategoriserad","7":"product_cat-ski-doo-sv-2","8":"product_cat-ski-doo-renegade-sv-2","9":"product_cat-moottorikelkkailu-sv","10":"sales-flash-overlay","11":"woocommerce-text-align-left","12":"woocommerce-image-align-center","13":"do-quantity-buttons","14":"wc-has-gallery","16":"first","17":"instock","18":"taxable","19":"shipping-taxable","20":"purchasable","21":"product-type-simple"},"acf":[],"_links":{"self":[{"href":"https:\/\/finnomeckauppa.fi\/sv\/wp-json\/wp\/v2\/product\/1003","targetHints":{"allow":["GET"]}}],"collection":[{"href":"https:\/\/finnomeckauppa.fi\/sv\/wp-json\/wp\/v2\/product"}],"about":[{"href":"https:\/\/finnomeckauppa.fi\/sv\/wp-json\/wp\/v2\/types\/product"}],"replies":[{"embeddable":true,"href":"https:\/\/finnomeckauppa.fi\/sv\/wp-json\/wp\/v2\/comments?post=1003"}],"wp:featuredmedia":[{"embeddable":true,"href":"https:\/\/finnomeckauppa.fi\/sv\/wp-json\/wp\/v2\/media\/995"}],"wp:attachment":[{"href":"https:\/\/finnomeckauppa.fi\/sv\/wp-json\/wp\/v2\/media?parent=1003"}],"wp:term":[{"taxonomy":"product_brand","embeddable":true,"href":"https:\/\/finnomeckauppa.fi\/sv\/wp-json\/wp\/v2\/product_brand?post=1003"},{"taxonomy":"product_cat","embeddable":true,"href":"https:\/\/finnomeckauppa.fi\/sv\/wp-json\/wp\/v2\/product_cat?post=1003"},{"taxonomy":"product_tag","embeddable":true,"href":"https:\/\/finnomeckauppa.fi\/sv\/wp-json\/wp\/v2\/product_tag?post=1003"}],"curies":[{"name":"wp","href":"https:\/\/api.w.org\/{rel}","templated":true}]}}