{"id":1006,"date":"2024-12-13T08:12:41","date_gmt":"2024-12-13T08:12:41","guid":{"rendered":"https:\/\/finnomeckauppa.iwn.co\/product\/reparationskonhylsa-8-mm-vt14168-4-st\/"},"modified":"2024-12-18T08:06:53","modified_gmt":"2024-12-18T08:06:53","slug":"reparationskonhylsa-8-mm-vt14168-4-st","status":"publish","type":"product","link":"https:\/\/finnomeckauppa.fi\/sv\/produkt\/reparationskonhylsa-8-mm-vt14168-4-st\/","title":{"rendered":"Reparationskonhylsa 8 mm, VT14168 4 st"},"content":{"rendered":"<p>Bes\u00f6k t.ex. in i glidramens lossnade h\u00e5l. Hylsan har en st\u00f6rre yta f\u00f6r att greppa f\u00f6rem\u00e5let som ska installeras.<\/p>\n<p>Vid anv\u00e4ndning av hylsan, borra med en 90-graders f\u00f6rs\u00e4nkningsborr.<\/p>\n<p>Hylsans ytterdiameter 20 mm<\/p>\n<p>Hylsans innerdiameter 8 mm<\/p>\n<p>\u00c4rml\u00e4ngd 8 mm<\/p>\n<p>Se bild<\/p>\n<p>Produktkod: VT14168x4st<\/p>\n","protected":false},"excerpt":{"rendered":"<p>Konhylsa med 8 mm h\u00e5l<\/p>\n<p>Anv\u00e4nds till exempel i l\u00f6sa h\u00e5l i skjutramen<\/p>\n<p>Ytterdiametern p\u00e5 hylsan \u00e4r 20 mm, innerdiametern \u00e4r 8 mm och l\u00e4ngden \u00e4r 8 mm<\/p>\n<p>4 st<\/p>\n","protected":false},"featured_media":978,"comment_status":"open","ping_status":"closed","template":"","meta":{"_acf_changed":false},"product_brand":[],"product_cat":[373,69,417,374,71,73,75,77,79,375,376,377,378,67,380,381,382,383,384,385,386,379,387],"product_tag":[388],"class_list":{"0":"post-1006","1":"product","2":"type-product","3":"status-publish","4":"has-post-thumbnail","6":"product_cat-alustan-holkit-lynx-sv","7":"product_cat-artic-cat-sv","8":"product_cat-b-osasto-sv","9":"product_cat-kartioholkki-sv","10":"product_cat-lynx-sv","11":"product_cat-lynx-adventure-sv","12":"product_cat-lynx-boondocker-sv","13":"product_cat-lynx-commander-sv","14":"product_cat-lynx-ranger-sv","15":"product_cat-lynx-rave-sv-2","16":"product_cat-lynx-shredder-sv-2","17":"product_cat-xterrain-sv","18":"product_cat-lynx-xtrim-sv-2","19":"product_cat-okategoriserad","20":"product_cat-polaris-sv","21":"product_cat-polaris-rmk-sv-2","22":"product_cat-ski-doo-sv-2","23":"product_cat-skidoo-backcountry-sv-2","24":"product_cat-ski-doo-freeride-sv-2","25":"product_cat-ski-doo-mxz-sv","26":"product_cat-ski-doo-renegade-sv-2","27":"product_cat-moottorikelkkailu-sv","28":"product_cat-teollisuus-sv-2","29":"product_tag-kartioholkki-sv","30":"sales-flash-overlay","31":"woocommerce-text-align-left","32":"woocommerce-image-align-center","33":"do-quantity-buttons","34":"wc-has-gallery","36":"first","37":"instock","38":"taxable","39":"shipping-taxable","40":"purchasable","41":"product-type-simple"},"acf":[],"_links":{"self":[{"href":"https:\/\/finnomeckauppa.fi\/sv\/wp-json\/wp\/v2\/product\/1006","targetHints":{"allow":["GET"]}}],"collection":[{"href":"https:\/\/finnomeckauppa.fi\/sv\/wp-json\/wp\/v2\/product"}],"about":[{"href":"https:\/\/finnomeckauppa.fi\/sv\/wp-json\/wp\/v2\/types\/product"}],"replies":[{"embeddable":true,"href":"https:\/\/finnomeckauppa.fi\/sv\/wp-json\/wp\/v2\/comments?post=1006"}],"wp:featuredmedia":[{"embeddable":true,"href":"https:\/\/finnomeckauppa.fi\/sv\/wp-json\/wp\/v2\/media\/978"}],"wp:attachment":[{"href":"https:\/\/finnomeckauppa.fi\/sv\/wp-json\/wp\/v2\/media?parent=1006"}],"wp:term":[{"taxonomy":"product_brand","embeddable":true,"href":"https:\/\/finnomeckauppa.fi\/sv\/wp-json\/wp\/v2\/product_brand?post=1006"},{"taxonomy":"product_cat","embeddable":true,"href":"https:\/\/finnomeckauppa.fi\/sv\/wp-json\/wp\/v2\/product_cat?post=1006"},{"taxonomy":"product_tag","embeddable":true,"href":"https:\/\/finnomeckauppa.fi\/sv\/wp-json\/wp\/v2\/product_tag?post=1006"}],"curies":[{"name":"wp","href":"https:\/\/api.w.org\/{rel}","templated":true}]}}