{"id":1154,"date":"2025-01-27T06:30:03","date_gmt":"2025-01-27T06:30:03","guid":{"rendered":"https:\/\/finnomeckauppa.iwn.co\/product\/halkaistava-lukitusmutteri-iskunvaimintimeen-vt14885\/"},"modified":"2025-02-28T14:28:25","modified_gmt":"2025-02-28T14:28:25","slug":"halkaistava-lukitusmutteri-iskunvaimintimeen-vt14885","status":"publish","type":"product","link":"https:\/\/finnomeckauppa.fi\/sv\/produkt\/halkaistava-lukitusmutteri-iskunvaimintimeen-vt14885\/","title":{"rendered":"Delad l\u00e5smutter f\u00f6r st\u00f6td\u00e4mpare KYB 40 VT14885"},"content":{"rendered":"<div dir=\"auto\">Ski-doo sn\u00f6skoterst\u00f6td\u00e4mpare, KYB 40, fj\u00e4derl\u00e5sring som f\u00f6rhindrar att fj\u00e4derf\u00f6rsp\u00e4nningen \u00e4ndras under f\u00e4rd.<br \/>\nG\u00e4ngstorlek M48X 1,5. Anv\u00e4nd de fr\u00e4mre st\u00f6td\u00e4mparna p\u00e5 skidan\/plattformen. Material: plast, mutter\/skruvar: rostfritt st\u00e5l.<br \/>\nKan monteras utan att demontera spj\u00e4llet. 2-delad l\u00e5sring, \u00e5tdragen med 2 skruvar.<br \/>\nKontrollera st\u00f6td\u00e4mparna p\u00e5 chassi och skidor.<br \/>\nPassar inte Smart Shox fr\u00e4mre st\u00f6td\u00e4mpare (VT14896 passar)<\/div>\n<div dir=\"auto\">Skruvar F\u00c5R INTE l\u00e5sas med lim.<\/div>\n","protected":false},"excerpt":{"rendered":"<p>St\u00f6td\u00e4mpare l\u00e5shylsa M48x1,5, 2-delad, KYB 40<\/p>\n","protected":false},"featured_media":1136,"comment_status":"open","ping_status":"closed","template":"","meta":{"_acf_changed":false},"product_brand":[],"product_cat":[517,421,71,73,75,77,79,375,376,377,378,382,383,384,385,386,387],"product_tag":[441,464,465,305],"class_list":{"0":"post-1154","1":"product","2":"type-product","3":"status-publish","4":"has-post-thumbnail","6":"product_cat-3d-tulosteet-sv","7":"product_cat-d-osasto-sv","8":"product_cat-lynx-sv","9":"product_cat-lynx-adventure-sv","10":"product_cat-lynx-boondocker-sv","11":"product_cat-lynx-commander-sv","12":"product_cat-lynx-ranger-sv","13":"product_cat-lynx-rave-sv-2","14":"product_cat-lynx-shredder-sv-2","15":"product_cat-xterrain-sv","16":"product_cat-lynx-xtrim-sv-2","17":"product_cat-ski-doo-sv-2","18":"product_cat-skidoo-backcountry-sv-2","19":"product_cat-ski-doo-freeride-sv-2","20":"product_cat-ski-doo-mxz-sv","21":"product_cat-ski-doo-renegade-sv-2","22":"product_cat-teollisuus-sv-2","23":"product_tag-d-osasto-sv","24":"product_tag-halkaistava-lukitusmutteri-sv","25":"product_tag-m48x1-5-sv","26":"product_tag-ski-doo-sv","27":"sales-flash-overlay","28":"woocommerce-text-align-left","29":"woocommerce-image-align-center","30":"do-quantity-buttons","31":"wc-has-gallery","33":"first","34":"instock","35":"taxable","36":"shipping-taxable","37":"purchasable","38":"product-type-simple"},"acf":[],"_links":{"self":[{"href":"https:\/\/finnomeckauppa.fi\/sv\/wp-json\/wp\/v2\/product\/1154","targetHints":{"allow":["GET"]}}],"collection":[{"href":"https:\/\/finnomeckauppa.fi\/sv\/wp-json\/wp\/v2\/product"}],"about":[{"href":"https:\/\/finnomeckauppa.fi\/sv\/wp-json\/wp\/v2\/types\/product"}],"replies":[{"embeddable":true,"href":"https:\/\/finnomeckauppa.fi\/sv\/wp-json\/wp\/v2\/comments?post=1154"}],"wp:featuredmedia":[{"embeddable":true,"href":"https:\/\/finnomeckauppa.fi\/sv\/wp-json\/wp\/v2\/media\/1136"}],"wp:attachment":[{"href":"https:\/\/finnomeckauppa.fi\/sv\/wp-json\/wp\/v2\/media?parent=1154"}],"wp:term":[{"taxonomy":"product_brand","embeddable":true,"href":"https:\/\/finnomeckauppa.fi\/sv\/wp-json\/wp\/v2\/product_brand?post=1154"},{"taxonomy":"product_cat","embeddable":true,"href":"https:\/\/finnomeckauppa.fi\/sv\/wp-json\/wp\/v2\/product_cat?post=1154"},{"taxonomy":"product_tag","embeddable":true,"href":"https:\/\/finnomeckauppa.fi\/sv\/wp-json\/wp\/v2\/product_tag?post=1154"}],"curies":[{"name":"wp","href":"https:\/\/api.w.org\/{rel}","templated":true}]}}