{"id":1157,"date":"2025-01-28T14:37:50","date_gmt":"2025-01-28T14:37:50","guid":{"rendered":"https:\/\/finnomeckauppa.iwn.co\/?post_type=product&#038;p=1157"},"modified":"2025-02-28T14:26:10","modified_gmt":"2025-02-28T14:26:10","slug":"delad-lasmutter-for-stotdampare-vt14885-kopio","status":"publish","type":"product","link":"https:\/\/finnomeckauppa.fi\/sv\/produkt\/delad-lasmutter-for-stotdampare-vt14885-kopio\/","title":{"rendered":"Delad l\u00e5smutter f\u00f6r st\u00f6td\u00e4mpare KYB 36 VT14913"},"content":{"rendered":"<p>Ski-doo sn\u00f6skoterst\u00f6td\u00e4mpare, KYB 36, fj\u00e4derl\u00e5sring som f\u00f6rhindrar att fj\u00e4derf\u00f6rsp\u00e4nningen \u00e4ndras under f\u00e4rd.<br \/>\nG\u00e4ngstorlek M43X 1,5. Anv\u00e4nd de fr\u00e4mre st\u00f6td\u00e4mparna p\u00e5 skidan. Material: plast, mutter\/skruvar: rostfritt st\u00e5l.<br \/>\nKan monteras utan att demontera spj\u00e4llet. 2-delad l\u00e5sring, \u00e5tdragen med 2 skruvar.<\/p>\n<p>Skruvar F\u00c5R INTE l\u00e5sas med lim.<\/p>\n","protected":false},"excerpt":{"rendered":"<p>St\u00f6td\u00e4mpare l\u00e5shylsa M43x1,5, 2-delad, KYB 36<\/p>\n","protected":false},"featured_media":1162,"comment_status":"open","ping_status":"closed","template":"","meta":{"_acf_changed":false},"product_brand":[],"product_cat":[517,421,71,75,67,382,383,384,385,386,379,387],"product_tag":[441,464,305],"class_list":{"0":"post-1157","1":"product","2":"type-product","3":"status-publish","4":"has-post-thumbnail","6":"product_cat-3d-tulosteet-sv","7":"product_cat-d-osasto-sv","8":"product_cat-lynx-sv","9":"product_cat-lynx-boondocker-sv","10":"product_cat-okategoriserad","11":"product_cat-ski-doo-sv-2","12":"product_cat-skidoo-backcountry-sv-2","13":"product_cat-ski-doo-freeride-sv-2","14":"product_cat-ski-doo-mxz-sv","15":"product_cat-ski-doo-renegade-sv-2","16":"product_cat-moottorikelkkailu-sv","17":"product_cat-teollisuus-sv-2","18":"product_tag-d-osasto-sv","19":"product_tag-halkaistava-lukitusmutteri-sv","20":"product_tag-ski-doo-sv","21":"sales-flash-overlay","22":"woocommerce-text-align-left","23":"woocommerce-image-align-center","24":"do-quantity-buttons","25":"wc-has-gallery","27":"first","28":"instock","29":"taxable","30":"shipping-taxable","31":"purchasable","32":"product-type-simple"},"acf":[],"_links":{"self":[{"href":"https:\/\/finnomeckauppa.fi\/sv\/wp-json\/wp\/v2\/product\/1157","targetHints":{"allow":["GET"]}}],"collection":[{"href":"https:\/\/finnomeckauppa.fi\/sv\/wp-json\/wp\/v2\/product"}],"about":[{"href":"https:\/\/finnomeckauppa.fi\/sv\/wp-json\/wp\/v2\/types\/product"}],"replies":[{"embeddable":true,"href":"https:\/\/finnomeckauppa.fi\/sv\/wp-json\/wp\/v2\/comments?post=1157"}],"wp:featuredmedia":[{"embeddable":true,"href":"https:\/\/finnomeckauppa.fi\/sv\/wp-json\/wp\/v2\/media\/1162"}],"wp:attachment":[{"href":"https:\/\/finnomeckauppa.fi\/sv\/wp-json\/wp\/v2\/media?parent=1157"}],"wp:term":[{"taxonomy":"product_brand","embeddable":true,"href":"https:\/\/finnomeckauppa.fi\/sv\/wp-json\/wp\/v2\/product_brand?post=1157"},{"taxonomy":"product_cat","embeddable":true,"href":"https:\/\/finnomeckauppa.fi\/sv\/wp-json\/wp\/v2\/product_cat?post=1157"},{"taxonomy":"product_tag","embeddable":true,"href":"https:\/\/finnomeckauppa.fi\/sv\/wp-json\/wp\/v2\/product_tag?post=1157"}],"curies":[{"name":"wp","href":"https:\/\/api.w.org\/{rel}","templated":true}]}}