{"id":1191,"date":"2025-01-31T05:50:23","date_gmt":"2025-01-31T05:50:23","guid":{"rendered":"https:\/\/finnomeckauppa.fi\/?post_type=product&#038;p=1191"},"modified":"2025-02-28T14:22:03","modified_gmt":"2025-02-28T14:22:03","slug":"delad-lasmutter-for-stotdampare-vt14885-kopio-2","status":"publish","type":"product","link":"https:\/\/finnomeckauppa.fi\/sv\/produkt\/delad-lasmutter-for-stotdampare-vt14885-kopio-2\/","title":{"rendered":"Delad l\u00e5smutter f\u00f6r st\u00f6td\u00e4mpare KYB 40 Smart Shox VT14896"},"content":{"rendered":"<p>En fj\u00e4derl\u00e5sring f\u00f6r Ski-doo sn\u00f6skoterst\u00f6td\u00e4mparna, KYB 40 Smart Shox, som f\u00f6rhindrar att fj\u00e4derf\u00f6rsp\u00e4nningen \u00e4ndras under f\u00e4rd.<br \/>\nG\u00e4ngstorlek M52X 1,5.<br \/>\nMaterial: plast, mutter\/skruvar: rostfritt st\u00e5l.<br \/>\nKan monteras utan att demontera spj\u00e4llet. 2-delad l\u00e5sring, \u00e5tdragen med 2 skruvar.<br \/>\nG\u00e5 till skidst\u00f6td\u00e4mpare.<\/p>\n<p>Skruvar F\u00c5R INTE l\u00e5sas med lim.<\/p>\n","protected":false},"excerpt":{"rendered":"<p>St\u00f6td\u00e4mpare l\u00e5shylsa M52x1,5, 2-delad, KYB 40 Smart Shox<\/p>\n","protected":false},"featured_media":1206,"comment_status":"open","ping_status":"closed","template":"","meta":{"_acf_changed":false},"product_brand":[],"product_cat":[517,67,382,383,384,385,386,387],"product_tag":[441,464,305],"class_list":{"0":"post-1191","1":"product","2":"type-product","3":"status-publish","4":"has-post-thumbnail","6":"product_cat-3d-tulosteet-sv","7":"product_cat-okategoriserad","8":"product_cat-ski-doo-sv-2","9":"product_cat-skidoo-backcountry-sv-2","10":"product_cat-ski-doo-freeride-sv-2","11":"product_cat-ski-doo-mxz-sv","12":"product_cat-ski-doo-renegade-sv-2","13":"product_cat-teollisuus-sv-2","14":"product_tag-d-osasto-sv","15":"product_tag-halkaistava-lukitusmutteri-sv","16":"product_tag-ski-doo-sv","17":"sales-flash-overlay","18":"woocommerce-text-align-left","19":"woocommerce-image-align-center","20":"do-quantity-buttons","21":"wc-has-gallery","23":"first","24":"instock","25":"taxable","26":"shipping-taxable","27":"purchasable","28":"product-type-simple"},"acf":[],"_links":{"self":[{"href":"https:\/\/finnomeckauppa.fi\/sv\/wp-json\/wp\/v2\/product\/1191","targetHints":{"allow":["GET"]}}],"collection":[{"href":"https:\/\/finnomeckauppa.fi\/sv\/wp-json\/wp\/v2\/product"}],"about":[{"href":"https:\/\/finnomeckauppa.fi\/sv\/wp-json\/wp\/v2\/types\/product"}],"replies":[{"embeddable":true,"href":"https:\/\/finnomeckauppa.fi\/sv\/wp-json\/wp\/v2\/comments?post=1191"}],"wp:featuredmedia":[{"embeddable":true,"href":"https:\/\/finnomeckauppa.fi\/sv\/wp-json\/wp\/v2\/media\/1206"}],"wp:attachment":[{"href":"https:\/\/finnomeckauppa.fi\/sv\/wp-json\/wp\/v2\/media?parent=1191"}],"wp:term":[{"taxonomy":"product_brand","embeddable":true,"href":"https:\/\/finnomeckauppa.fi\/sv\/wp-json\/wp\/v2\/product_brand?post=1191"},{"taxonomy":"product_cat","embeddable":true,"href":"https:\/\/finnomeckauppa.fi\/sv\/wp-json\/wp\/v2\/product_cat?post=1191"},{"taxonomy":"product_tag","embeddable":true,"href":"https:\/\/finnomeckauppa.fi\/sv\/wp-json\/wp\/v2\/product_tag?post=1191"}],"curies":[{"name":"wp","href":"https:\/\/api.w.org\/{rel}","templated":true}]}}