{"id":1194,"date":"2025-01-31T05:56:19","date_gmt":"2025-01-31T05:56:19","guid":{"rendered":"https:\/\/finnomeckauppa.fi\/?post_type=product&#038;p=1194"},"modified":"2025-02-28T14:19:06","modified_gmt":"2025-02-28T14:19:06","slug":"delad-lasmutter-for-stotdampare-vt14885-kopio-3","status":"publish","type":"product","link":"https:\/\/finnomeckauppa.fi\/sv\/produkt\/delad-lasmutter-for-stotdampare-vt14885-kopio-3\/","title":{"rendered":"Delad l\u00e5smutter f\u00f6r st\u00f6td\u00e4mpare KYB 46 VT14907"},"content":{"rendered":"<p>En fj\u00e4derl\u00e5sring f\u00f6r Ski-doo sn\u00f6skoterst\u00f6td\u00e4mpare, KYB 46, som f\u00f6rhindrar att fj\u00e4derf\u00f6rsp\u00e4nningen \u00e4ndras under f\u00e4rd.<br \/>G\u00e4ngstorlek M54x1,5. Anv\u00e4nd de fr\u00e4mre st\u00f6td\u00e4mparna p\u00e5 skidan\/plattformen.<br \/>Material: plast, mutter\/skruvar: rostfritt st\u00e5l.<br \/>Kan monteras utan att demontera spj\u00e4llet. 2-delad l\u00e5sring, \u00e5tdragen med 2 skruvar.<\/p>\n<p>Skruvar F\u00c5R INTE l\u00e5sas med lim.<\/p>\n","protected":false},"excerpt":{"rendered":"<p>St\u00f6td\u00e4mpare l\u00e5shylsa M54x1,5, 2-delad, KYB 46<\/p>\n","protected":false},"featured_media":1197,"comment_status":"open","ping_status":"closed","template":"","meta":{"_acf_changed":false},"product_brand":[],"product_cat":[517,421,67,382,383,384,385,386,379,387],"product_tag":[441,464,305],"class_list":{"0":"post-1194","1":"product","2":"type-product","3":"status-publish","4":"has-post-thumbnail","6":"product_cat-3d-tulosteet-sv","7":"product_cat-d-osasto-sv","8":"product_cat-okategoriserad","9":"product_cat-ski-doo-sv-2","10":"product_cat-skidoo-backcountry-sv-2","11":"product_cat-ski-doo-freeride-sv-2","12":"product_cat-ski-doo-mxz-sv","13":"product_cat-ski-doo-renegade-sv-2","14":"product_cat-moottorikelkkailu-sv","15":"product_cat-teollisuus-sv-2","16":"product_tag-d-osasto-sv","17":"product_tag-halkaistava-lukitusmutteri-sv","18":"product_tag-ski-doo-sv","19":"sales-flash-overlay","20":"woocommerce-text-align-left","21":"woocommerce-image-align-center","22":"do-quantity-buttons","23":"wc-has-gallery","25":"first","26":"instock","27":"taxable","28":"shipping-taxable","29":"purchasable","30":"product-type-simple"},"acf":[],"_links":{"self":[{"href":"https:\/\/finnomeckauppa.fi\/sv\/wp-json\/wp\/v2\/product\/1194","targetHints":{"allow":["GET"]}}],"collection":[{"href":"https:\/\/finnomeckauppa.fi\/sv\/wp-json\/wp\/v2\/product"}],"about":[{"href":"https:\/\/finnomeckauppa.fi\/sv\/wp-json\/wp\/v2\/types\/product"}],"replies":[{"embeddable":true,"href":"https:\/\/finnomeckauppa.fi\/sv\/wp-json\/wp\/v2\/comments?post=1194"}],"wp:featuredmedia":[{"embeddable":true,"href":"https:\/\/finnomeckauppa.fi\/sv\/wp-json\/wp\/v2\/media\/1197"}],"wp:attachment":[{"href":"https:\/\/finnomeckauppa.fi\/sv\/wp-json\/wp\/v2\/media?parent=1194"}],"wp:term":[{"taxonomy":"product_brand","embeddable":true,"href":"https:\/\/finnomeckauppa.fi\/sv\/wp-json\/wp\/v2\/product_brand?post=1194"},{"taxonomy":"product_cat","embeddable":true,"href":"https:\/\/finnomeckauppa.fi\/sv\/wp-json\/wp\/v2\/product_cat?post=1194"},{"taxonomy":"product_tag","embeddable":true,"href":"https:\/\/finnomeckauppa.fi\/sv\/wp-json\/wp\/v2\/product_tag?post=1194"}],"curies":[{"name":"wp","href":"https:\/\/api.w.org\/{rel}","templated":true}]}}