{"id":1225,"date":"2025-02-05T07:38:49","date_gmt":"2025-02-05T07:38:49","guid":{"rendered":"https:\/\/finnomeckauppa.fi\/?post_type=product&#038;p=1225"},"modified":"2025-02-05T08:09:17","modified_gmt":"2025-02-05T08:09:17","slug":"snoskoter-skjutram-konhylsa-vt13548-kopio","status":"publish","type":"product","link":"https:\/\/finnomeckauppa.fi\/sv\/produkt\/snoskoter-skjutram-konhylsa-vt13548-kopio\/","title":{"rendered":"Reparationskonhylsa 12 mm, VT14166"},"content":{"rendered":"<p>G\u00e5 till exempel till i de l\u00f6sa h\u00e5len i glidramen. Hylsan har en st\u00f6rre yta f\u00f6r att greppa f\u00f6rem\u00e5let som ska installeras.<\/p>\n<p>Vid anv\u00e4ndning av en hylsa, borra med en 90-graders f\u00f6rs\u00e4nkningsborr, s\u00e5 kallad &#8221;f\u00f6rs\u00e4nkning&#8221;<\/p>\n<p>H\u00e5l 12 mm<\/p>\n<p>12\/30 L=10<\/p>\n<p>Se bild<\/p>\n<p>Produktkod: VT14166<\/p>\n<p>&nbsp;<\/p>\n","protected":false},"excerpt":{"rendered":"<p>Konhylsa med 12 mm h\u00e5l<\/p>\n<p>Anv\u00e4nds f\u00f6r l\u00f6sa h\u00e5l<\/p>\n<p>&nbsp;<\/p>\n","protected":false},"featured_media":1229,"comment_status":"open","ping_status":"closed","template":"","meta":{"_acf_changed":false},"product_brand":[],"product_cat":[425,373,69,417,374,430,71,73,75,77,79,375,376,377,378,380,381,382,383,384,385,386,379,387],"product_tag":[443,445,388,224],"class_list":{"0":"post-1225","1":"product","2":"type-product","3":"status-publish","4":"has-post-thumbnail","6":"product_cat-a-osasto-sv","7":"product_cat-alustan-holkit-lynx-sv","8":"product_cat-artic-cat-sv","9":"product_cat-b-osasto-sv","10":"product_cat-kartioholkki-sv","11":"product_cat-kelkan-yleiset-osat-sv","12":"product_cat-lynx-sv","13":"product_cat-lynx-adventure-sv","14":"product_cat-lynx-boondocker-sv","15":"product_cat-lynx-commander-sv","16":"product_cat-lynx-ranger-sv","17":"product_cat-lynx-rave-sv-2","18":"product_cat-lynx-shredder-sv-2","19":"product_cat-xterrain-sv","20":"product_cat-lynx-xtrim-sv-2","21":"product_cat-polaris-sv","22":"product_cat-polaris-rmk-sv-2","23":"product_cat-ski-doo-sv-2","24":"product_cat-skidoo-backcountry-sv-2","25":"product_cat-ski-doo-freeride-sv-2","26":"product_cat-ski-doo-mxz-sv","27":"product_cat-ski-doo-renegade-sv-2","28":"product_cat-moottorikelkkailu-sv","29":"product_cat-teollisuus-sv-2","30":"product_tag-a-osasto-sv","31":"product_tag-b-osasto-sv","32":"product_tag-kartioholkki-sv","33":"product_tag-liukurunko-sv","34":"pa_annual-model-vm-2016-2022-sv-2","35":"sales-flash-overlay","36":"woocommerce-text-align-left","37":"woocommerce-image-align-center","38":"do-quantity-buttons","39":"wc-has-gallery","41":"first","42":"instock","43":"taxable","44":"shipping-taxable","45":"purchasable","46":"product-type-simple"},"acf":[],"_links":{"self":[{"href":"https:\/\/finnomeckauppa.fi\/sv\/wp-json\/wp\/v2\/product\/1225","targetHints":{"allow":["GET"]}}],"collection":[{"href":"https:\/\/finnomeckauppa.fi\/sv\/wp-json\/wp\/v2\/product"}],"about":[{"href":"https:\/\/finnomeckauppa.fi\/sv\/wp-json\/wp\/v2\/types\/product"}],"replies":[{"embeddable":true,"href":"https:\/\/finnomeckauppa.fi\/sv\/wp-json\/wp\/v2\/comments?post=1225"}],"wp:featuredmedia":[{"embeddable":true,"href":"https:\/\/finnomeckauppa.fi\/sv\/wp-json\/wp\/v2\/media\/1229"}],"wp:attachment":[{"href":"https:\/\/finnomeckauppa.fi\/sv\/wp-json\/wp\/v2\/media?parent=1225"}],"wp:term":[{"taxonomy":"product_brand","embeddable":true,"href":"https:\/\/finnomeckauppa.fi\/sv\/wp-json\/wp\/v2\/product_brand?post=1225"},{"taxonomy":"product_cat","embeddable":true,"href":"https:\/\/finnomeckauppa.fi\/sv\/wp-json\/wp\/v2\/product_cat?post=1225"},{"taxonomy":"product_tag","embeddable":true,"href":"https:\/\/finnomeckauppa.fi\/sv\/wp-json\/wp\/v2\/product_tag?post=1225"}],"curies":[{"name":"wp","href":"https:\/\/api.w.org\/{rel}","templated":true}]}}