{"id":1262,"date":"2025-02-08T12:08:33","date_gmt":"2025-02-08T12:08:33","guid":{"rendered":"https:\/\/finnomeckauppa.fi\/?post_type=product&#038;p=1262"},"modified":"2025-02-08T12:25:45","modified_gmt":"2025-02-08T12:25:45","slug":"lynx-ski-doo-polaris-bakaxel-aluminiumhylsa-vt14151-kopio","status":"publish","type":"product","link":"https:\/\/finnomeckauppa.fi\/sv\/produkt\/lynx-ski-doo-polaris-bakaxel-aluminiumhylsa-vt14151-kopio\/","title":{"rendered":"Lynx \/ Ski-doo \/ Polaris bakaxel aluminiumhylsa VT14151X4"},"content":{"rendered":"<p>Sn\u00f6skoter bakaxel aluminiumhylsa, 4 st<\/p>\n<p>Ers\u00e4tter original bakaxelhylsa av plast.<\/p>\n<p>L\u00e4mplighet t.ex. Lynx \/ Skidoo chassi (OEM 503190428) \/Polaris (OEM 5139176 5432535)<\/p>\n<p>Bytet kan g\u00f6ras genom att lossa mattsp\u00e4nningen och ta bort axeln och installera de nya delarna p\u00e5 plats.<\/p>\n<p>Du beh\u00f6ver lika m\u00e5nga bussningar som det finns bakre f\u00e4llbara hjul.<\/p>\n<p>Grepparea 2,3 g\u00e5nger j\u00e4mf\u00f6rt med originalet.<\/p>\n","protected":false},"excerpt":{"rendered":"<p>Sn\u00f6skoter bakaxel aluminiumhylsa, 4 st<\/p>\n<p>Ers\u00e4tter original bakaxelhylsa av plast.<\/p>\n<p>Bytet kan g\u00f6ras genom att lossa mattsp\u00e4nningen och ta bort axeln och installera de nya delarna p\u00e5 plats.<\/p>\n<p>L\u00e4mplighet t.ex. Lynx \/ Skidoo chassi (OEM 503190428) \/Polaris (OEM 5139176 5432535)<\/p>\n<p>Produktkod: VT14151X4<\/p>\n","protected":false},"featured_media":674,"comment_status":"open","ping_status":"closed","template":"","meta":{"_acf_changed":false},"product_brand":[],"product_cat":[418,71,73,75,77,79,375,377,378,380,381,382,383,384,385,386,379],"product_tag":[270,271,436,181,204,205,272,273,274,275,276,207,277,278],"class_list":{"0":"post-1262","1":"product","2":"type-product","3":"status-publish","4":"has-post-thumbnail","6":"product_cat-e-osasto-sv","7":"product_cat-lynx-sv","8":"product_cat-lynx-adventure-sv","9":"product_cat-lynx-boondocker-sv","10":"product_cat-lynx-commander-sv","11":"product_cat-lynx-ranger-sv","12":"product_cat-lynx-rave-sv-2","13":"product_cat-xterrain-sv","14":"product_cat-lynx-xtrim-sv-2","15":"product_cat-polaris-sv","16":"product_cat-polaris-rmk-sv-2","17":"product_cat-ski-doo-sv-2","18":"product_cat-skidoo-backcountry-sv-2","19":"product_cat-ski-doo-freeride-sv-2","20":"product_cat-ski-doo-mxz-sv","21":"product_cat-ski-doo-renegade-sv-2","22":"product_cat-moottorikelkkailu-sv","23":"product_tag-5139176-sv","24":"product_tag-5432535-sv","25":"product_tag-e-osasto-sv","26":"product_tag-lynx-sv","27":"product_tag-lynx-varaosa-sv","28":"product_tag-lynx-varaosat-sv","29":"product_tag-oem-503190428-sv","30":"product_tag-oem-5139176-sv","31":"product_tag-oem-5432535-sv","32":"product_tag-polaris-sv","33":"product_tag-polaris-taka-akseliholkki-sv","34":"product_tag-pps3-sv","35":"product_tag-skidoo-sv","36":"product_tag-vt14151-sv","37":"sales-flash-overlay","38":"woocommerce-text-align-left","39":"woocommerce-image-align-center","40":"do-quantity-buttons","41":"wc-has-gallery","43":"first","44":"onbackorder","45":"taxable","46":"shipping-taxable","47":"purchasable","48":"product-type-simple"},"acf":[],"_links":{"self":[{"href":"https:\/\/finnomeckauppa.fi\/sv\/wp-json\/wp\/v2\/product\/1262","targetHints":{"allow":["GET"]}}],"collection":[{"href":"https:\/\/finnomeckauppa.fi\/sv\/wp-json\/wp\/v2\/product"}],"about":[{"href":"https:\/\/finnomeckauppa.fi\/sv\/wp-json\/wp\/v2\/types\/product"}],"replies":[{"embeddable":true,"href":"https:\/\/finnomeckauppa.fi\/sv\/wp-json\/wp\/v2\/comments?post=1262"}],"wp:featuredmedia":[{"embeddable":true,"href":"https:\/\/finnomeckauppa.fi\/sv\/wp-json\/wp\/v2\/media\/674"}],"wp:attachment":[{"href":"https:\/\/finnomeckauppa.fi\/sv\/wp-json\/wp\/v2\/media?parent=1262"}],"wp:term":[{"taxonomy":"product_brand","embeddable":true,"href":"https:\/\/finnomeckauppa.fi\/sv\/wp-json\/wp\/v2\/product_brand?post=1262"},{"taxonomy":"product_cat","embeddable":true,"href":"https:\/\/finnomeckauppa.fi\/sv\/wp-json\/wp\/v2\/product_cat?post=1262"},{"taxonomy":"product_tag","embeddable":true,"href":"https:\/\/finnomeckauppa.fi\/sv\/wp-json\/wp\/v2\/product_tag?post=1262"}],"curies":[{"name":"wp","href":"https:\/\/api.w.org\/{rel}","templated":true}]}}