{"id":2433,"date":"2026-01-09T14:31:41","date_gmt":"2026-01-09T14:31:41","guid":{"rendered":"https:\/\/finnomeckauppa.fi\/?post_type=product&#038;p=2433"},"modified":"2026-01-09T14:53:30","modified_gmt":"2026-01-09T14:53:30","slug":"lynx-o-ringshylsa-for-basmontering-med-nallager-vt13197-kopio","status":"publish","type":"product","link":"https:\/\/finnomeckauppa.fi\/sv\/produkt\/lynx-o-ringshylsa-for-basmontering-med-nallager-vt13197-kopio\/","title":{"rendered":"Lynx O-ringshylsa f\u00f6r basmontering &#8211; Med n\u00e5llager, VT13197 (Kopio)"},"content":{"rendered":"<p>Lynx fr\u00e4mre\/bakre armhylsa till ramen med n\u00e5llager, VM 2015 &gt;<\/p>\n<p>Utrustad med o-ringar, vilket f\u00f6rb\u00e4ttrar sm\u00f6rjmedelsh\u00e5llningen p\u00e5 lagren.<\/p>\n<p>Inkluderar n\u00e5llager\/2-delad hylsa.<\/p>\n<p>Man\u00f6vreringen av chassit blir k\u00e4nsligare.<\/p>\n<p>L\u00e4ngd p\u00e5 chassihylsan ca. 30 mm, innerdiameter 25,5 mm<\/p>\n<p>Ta bort gamla glidlager.<\/p>\n<p>Reng\u00f6r \u00e4ndarna av \u00e4rmarna p\u00e5 den \u00f6vre \u00e4nden av det fr\u00e4mre\/bakre stativet v\u00e4l f\u00f6r att s\u00e4kerst\u00e4lla vidh\u00e4ftning av l\u00e5slimmet.<\/p>\n<p>N\u00e5llagren m\u00e5ste f\u00e4stas i \u00e4ndarna av \u00e4rmarna med ett starkt l\u00e5slim.<\/p>\n<p>Montera helt i mitten, l\u00e5t limmet torka &gt; montera hylsorna v\u00e4l smorda p\u00e5 plats \/ sm\u00f6rj in n\u00e5llagret v\u00e4l.<\/p>\n<p>Ps. Stativens \u00e4rmar kan vara t\u00e4ta, s\u00e5 i s\u00e5 fall rekommenderas att slipa dem med l\u00e4mpligt verktyg. (t.ex. borra med en spindelskiva)<\/p>\n","protected":false},"excerpt":{"rendered":"<p>O-ringshylsa f\u00f6r Lynx chassif\u00e4ste med n\u00e5llager<\/p>\n<p>Beh\u00f6ver 2 st fram\/ 2 st bak<\/p>\n<p>Produktkod: VT13197<\/p>\n","protected":false},"featured_media":2460,"comment_status":"open","ping_status":"closed","template":"","meta":{"_acf_changed":false},"product_brand":[],"product_cat":[425,417,71,73,75,375,376,377,378,379],"product_tag":[295,443,291,445,181,204,205,241],"class_list":{"0":"post-2433","1":"product","2":"type-product","3":"status-publish","4":"has-post-thumbnail","6":"product_cat-a-osasto-sv","7":"product_cat-b-osasto-sv","8":"product_cat-lynx-sv","9":"product_cat-lynx-adventure-sv","10":"product_cat-lynx-boondocker-sv","11":"product_cat-lynx-rave-sv-2","12":"product_cat-lynx-shredder-sv-2","13":"product_cat-xterrain-sv","14":"product_cat-lynx-xtrim-sv-2","15":"product_cat-moottorikelkkailu-sv","16":"product_tag-503194580-sv","17":"product_tag-a-osasto-sv","18":"product_tag-alustan-kiinnitys-sv","19":"product_tag-b-osasto-sv","20":"product_tag-lynx-sv","21":"product_tag-lynx-varaosa-sv","22":"product_tag-lynx-varaosat-sv","23":"product_tag-moottorikelkka-sv","24":"sales-flash-overlay","25":"woocommerce-text-align-left","26":"woocommerce-image-align-center","27":"do-quantity-buttons","28":"wc-has-gallery","30":"first","31":"instock","32":"taxable","33":"shipping-taxable","34":"purchasable","35":"product-type-simple"},"acf":[],"_links":{"self":[{"href":"https:\/\/finnomeckauppa.fi\/sv\/wp-json\/wp\/v2\/product\/2433","targetHints":{"allow":["GET"]}}],"collection":[{"href":"https:\/\/finnomeckauppa.fi\/sv\/wp-json\/wp\/v2\/product"}],"about":[{"href":"https:\/\/finnomeckauppa.fi\/sv\/wp-json\/wp\/v2\/types\/product"}],"replies":[{"embeddable":true,"href":"https:\/\/finnomeckauppa.fi\/sv\/wp-json\/wp\/v2\/comments?post=2433"}],"wp:featuredmedia":[{"embeddable":true,"href":"https:\/\/finnomeckauppa.fi\/sv\/wp-json\/wp\/v2\/media\/2460"}],"wp:attachment":[{"href":"https:\/\/finnomeckauppa.fi\/sv\/wp-json\/wp\/v2\/media?parent=2433"}],"wp:term":[{"taxonomy":"product_brand","embeddable":true,"href":"https:\/\/finnomeckauppa.fi\/sv\/wp-json\/wp\/v2\/product_brand?post=2433"},{"taxonomy":"product_cat","embeddable":true,"href":"https:\/\/finnomeckauppa.fi\/sv\/wp-json\/wp\/v2\/product_cat?post=2433"},{"taxonomy":"product_tag","embeddable":true,"href":"https:\/\/finnomeckauppa.fi\/sv\/wp-json\/wp\/v2\/product_tag?post=2433"}],"curies":[{"name":"wp","href":"https:\/\/api.w.org\/{rel}","templated":true}]}}