{"id":2514,"date":"2026-01-23T14:16:09","date_gmt":"2026-01-23T14:16:09","guid":{"rendered":"https:\/\/finnomeckauppa.fi\/?post_type=product&#038;p=2514"},"modified":"2026-01-23T14:29:17","modified_gmt":"2026-01-23T14:29:17","slug":"stotdampare-justeringsrattar-kyb-vt14975x2-kopio","status":"publish","type":"product","link":"https:\/\/finnomeckauppa.fi\/sv\/produkt\/stotdampare-justeringsrattar-kyb-vt14975x2-kopio\/","title":{"rendered":"St\u00f6td\u00e4mpare justeringsrattar KYB VT14975X2 (Kopio)"},"content":{"rendered":"<p>St\u00f6td\u00e4mpare justeringsrattar f\u00f6r l\u00e5ngsam och snabb justering.<\/p>\n<p>Inv\u00e4ndig nyckel storlek 17 mm, snabb justering av kompressionsd\u00e4mpning<\/p>\n<p>Inkluderar 2 st st\u00f6td\u00e4mparknoppar<\/p>\n<p>BRP 503193025<\/p>\n","protected":false},"excerpt":{"rendered":"<p>Kyb st\u00f6td\u00e4mpare justeringsrattar, 2 kpl<\/p>\n","protected":false},"featured_media":2523,"comment_status":"open","ping_status":"closed","template":"","meta":{"_acf_changed":false},"product_brand":[],"product_cat":[517,421,71,73,75,77,79,375,376,377,378,379],"product_tag":[518,519,441,520,521],"class_list":{"0":"post-2514","1":"product","2":"type-product","3":"status-publish","4":"has-post-thumbnail","6":"product_cat-3d-tulosteet-sv","7":"product_cat-d-osasto-sv","8":"product_cat-lynx-sv","9":"product_cat-lynx-adventure-sv","10":"product_cat-lynx-boondocker-sv","11":"product_cat-lynx-commander-sv","12":"product_cat-lynx-ranger-sv","13":"product_cat-lynx-rave-sv-2","14":"product_cat-lynx-shredder-sv-2","15":"product_cat-xterrain-sv","16":"product_cat-lynx-xtrim-sv-2","17":"product_cat-moottorikelkkailu-sv","18":"product_tag-503193025-sv","19":"product_tag-brp-503193025-sv","20":"product_tag-d-osasto-sv","21":"product_tag-kyb-saatonuppi-sv","22":"product_tag-oem503193025-sv","23":"sales-flash-overlay","24":"woocommerce-text-align-left","25":"woocommerce-image-align-center","26":"do-quantity-buttons","27":"wc-has-gallery","29":"first","30":"instock","31":"taxable","32":"shipping-taxable","33":"purchasable","34":"product-type-simple"},"acf":[],"_links":{"self":[{"href":"https:\/\/finnomeckauppa.fi\/sv\/wp-json\/wp\/v2\/product\/2514","targetHints":{"allow":["GET"]}}],"collection":[{"href":"https:\/\/finnomeckauppa.fi\/sv\/wp-json\/wp\/v2\/product"}],"about":[{"href":"https:\/\/finnomeckauppa.fi\/sv\/wp-json\/wp\/v2\/types\/product"}],"replies":[{"embeddable":true,"href":"https:\/\/finnomeckauppa.fi\/sv\/wp-json\/wp\/v2\/comments?post=2514"}],"wp:featuredmedia":[{"embeddable":true,"href":"https:\/\/finnomeckauppa.fi\/sv\/wp-json\/wp\/v2\/media\/2523"}],"wp:attachment":[{"href":"https:\/\/finnomeckauppa.fi\/sv\/wp-json\/wp\/v2\/media?parent=2514"}],"wp:term":[{"taxonomy":"product_brand","embeddable":true,"href":"https:\/\/finnomeckauppa.fi\/sv\/wp-json\/wp\/v2\/product_brand?post=2514"},{"taxonomy":"product_cat","embeddable":true,"href":"https:\/\/finnomeckauppa.fi\/sv\/wp-json\/wp\/v2\/product_cat?post=2514"},{"taxonomy":"product_tag","embeddable":true,"href":"https:\/\/finnomeckauppa.fi\/sv\/wp-json\/wp\/v2\/product_tag?post=2514"}],"curies":[{"name":"wp","href":"https:\/\/api.w.org\/{rel}","templated":true}]}}