{"id":829,"date":"2024-11-14T13:04:54","date_gmt":"2024-11-14T13:04:54","guid":{"rendered":"https:\/\/finnomeckauppa.iwn.co\/product\/lynx-shredder-taka-akselin-alumiininen-holkki-vt14294\/"},"modified":"2024-12-18T08:59:46","modified_gmt":"2024-12-18T08:59:46","slug":"lynx-shredder-taka-akselin-alumiininen-holkki-vt14294","status":"publish","type":"product","link":"https:\/\/finnomeckauppa.fi\/sv\/produkt\/lynx-shredder-taka-akselin-alumiininen-holkki-vt14294\/","title":{"rendered":"53 \/ 5 000 Lynx Shredder bakaxel aluminiumhylsa VT14294"},"content":{"rendered":"<p>Lynx Shredder bakaxel aluminiumhylsa, 1 st<\/p>\n<p>Ers\u00e4tter original bakaxelhylsa av plast. J\u00e4mf\u00f6r originalet p\u00e5 bilderna<\/p>\n<p>Bytet kan g\u00f6ras genom att lossa mattsp\u00e4nningen och ta bort axeln och installera de nya delarna p\u00e5 plats.<\/p>\n<p>Kompatibilitet Lynx Shredder 146&#8243; (600 RE\/850 RE Turbo \/850 RE 146)<\/p>\n<p>Du beh\u00f6ver lika m\u00e5nga bussningar som det finns bakre f\u00e4llbara hjul. (2 st)<\/p>\n<p>&nbsp;<\/p>\n","protected":false},"excerpt":{"rendered":"<p>Lynx Shredder bakaxel aluminiumhylsa, 1 st<\/p>\n<p>Passar Lynx Shredder 146&#8243;<\/p>\n<p>Du beh\u00f6ver lika m\u00e5nga som det finns bakre f\u00e4llbara hjul (2 st.)<\/p>\n<p>Produktkod: VT14294<\/p>\n","protected":false},"featured_media":775,"comment_status":"open","ping_status":"closed","template":"","meta":{"_acf_changed":false},"product_brand":[],"product_cat":[418,71,376],"product_tag":[436,181,182,190,191,185,192],"class_list":{"0":"post-829","1":"product","2":"type-product","3":"status-publish","4":"has-post-thumbnail","6":"product_cat-e-osasto-sv","7":"product_cat-lynx-sv","8":"product_cat-lynx-shredder-sv-2","9":"product_tag-e-osasto-sv","10":"product_tag-lynx-sv","11":"product_tag-lynx-shredder-sv","12":"product_tag-oem-503196246-sv","13":"product_tag-oem503196246-sv","14":"product_tag-shredder-sv","15":"product_tag-vt14294-sv","16":"pa_annual-model-vm-2009-2015-sv-2","17":"sales-flash-overlay","18":"woocommerce-text-align-left","19":"woocommerce-image-align-center","20":"do-quantity-buttons","21":"wc-has-gallery","23":"first","24":"instock","25":"taxable","26":"shipping-taxable","27":"purchasable","28":"product-type-simple"},"acf":[],"_links":{"self":[{"href":"https:\/\/finnomeckauppa.fi\/sv\/wp-json\/wp\/v2\/product\/829","targetHints":{"allow":["GET"]}}],"collection":[{"href":"https:\/\/finnomeckauppa.fi\/sv\/wp-json\/wp\/v2\/product"}],"about":[{"href":"https:\/\/finnomeckauppa.fi\/sv\/wp-json\/wp\/v2\/types\/product"}],"replies":[{"embeddable":true,"href":"https:\/\/finnomeckauppa.fi\/sv\/wp-json\/wp\/v2\/comments?post=829"}],"wp:featuredmedia":[{"embeddable":true,"href":"https:\/\/finnomeckauppa.fi\/sv\/wp-json\/wp\/v2\/media\/775"}],"wp:attachment":[{"href":"https:\/\/finnomeckauppa.fi\/sv\/wp-json\/wp\/v2\/media?parent=829"}],"wp:term":[{"taxonomy":"product_brand","embeddable":true,"href":"https:\/\/finnomeckauppa.fi\/sv\/wp-json\/wp\/v2\/product_brand?post=829"},{"taxonomy":"product_cat","embeddable":true,"href":"https:\/\/finnomeckauppa.fi\/sv\/wp-json\/wp\/v2\/product_cat?post=829"},{"taxonomy":"product_tag","embeddable":true,"href":"https:\/\/finnomeckauppa.fi\/sv\/wp-json\/wp\/v2\/product_tag?post=829"}],"curies":[{"name":"wp","href":"https:\/\/api.w.org\/{rel}","templated":true}]}}