{"id":833,"date":"2024-11-14T13:04:32","date_gmt":"2024-11-14T13:04:32","guid":{"rendered":"https:\/\/finnomeckauppa.iwn.co\/product\/lynx-pps3-taka-akselin-vahvike-vt13823\/"},"modified":"2024-12-18T12:45:52","modified_gmt":"2024-12-18T12:45:52","slug":"lynx-pps3-taka-akselin-vahvike-vt13823","status":"publish","type":"product","link":"https:\/\/finnomeckauppa.fi\/sv\/produkt\/lynx-pps3-taka-akselin-vahvike-vt13823\/","title":{"rendered":"Lynx PPS3 bakaxelf\u00f6rst\u00e4rkning, VT13823"},"content":{"rendered":"<p>PPS3 bakaxel aluminiumf\u00f6rst\u00e4rkt hylsa med st\u00f6rre greppyta.<\/p>\n<p>Ers\u00e4tter original bakaxelhylsa av plast.<\/p>\n<p>Bytet kan g\u00f6ras genom att lossa mattsp\u00e4nningen och ta bort axeln och installera de nya delarna p\u00e5 plats.<\/p>\n<p>Kompatibilitet med Lynx PPS3-plattformen.<\/p>\n<p>Du beh\u00f6ver lika m\u00e5nga bussningar som det finns bakre f\u00e4llbara hjul.<\/p>\n","protected":false},"excerpt":{"rendered":"<p>Sn\u00f6skoterbakaxelf\u00f6rst\u00e4rkning Lynx Rave PPS3 2022\/Xterrain PPS3<\/p>\n<p>Du beh\u00f6ver lika m\u00e5nga som det finns bakre f\u00e4llbara hjul.<\/p>\n<p>Produktkod: VT13823<\/p>\n","protected":false},"featured_media":755,"comment_status":"open","ping_status":"closed","template":"","meta":{"_acf_changed":false},"product_brand":[],"product_cat":[418,71,375,377,67],"product_tag":[436,202,203,204,205,206,207,208,209,210],"class_list":{"0":"post-833","1":"product","2":"type-product","3":"status-publish","4":"has-post-thumbnail","6":"product_cat-e-osasto-sv","7":"product_cat-lynx-sv","8":"product_cat-lynx-rave-sv-2","9":"product_cat-xterrain-sv","10":"product_cat-okategoriserad","11":"product_tag-e-osasto-sv","12":"product_tag-lynx-enduro-2023-sv","13":"product_tag-lynx-rave-2022-sv","14":"product_tag-lynx-varaosa-sv","15":"product_tag-lynx-varaosat-sv","16":"product_tag-lynx-xterrain-pps3-sv","17":"product_tag-pps3-sv","18":"product_tag-rave-2023-taka-akseli-sv","19":"product_tag-taka-akselin-vahvike-sv","20":"product_tag-vt13823-sv","21":"sales-flash-overlay","22":"woocommerce-text-align-left","23":"woocommerce-image-align-center","24":"do-quantity-buttons","25":"wc-has-gallery","27":"first","28":"instock","29":"taxable","30":"shipping-taxable","31":"purchasable","32":"product-type-simple"},"acf":[],"_links":{"self":[{"href":"https:\/\/finnomeckauppa.fi\/sv\/wp-json\/wp\/v2\/product\/833","targetHints":{"allow":["GET"]}}],"collection":[{"href":"https:\/\/finnomeckauppa.fi\/sv\/wp-json\/wp\/v2\/product"}],"about":[{"href":"https:\/\/finnomeckauppa.fi\/sv\/wp-json\/wp\/v2\/types\/product"}],"replies":[{"embeddable":true,"href":"https:\/\/finnomeckauppa.fi\/sv\/wp-json\/wp\/v2\/comments?post=833"}],"wp:featuredmedia":[{"embeddable":true,"href":"https:\/\/finnomeckauppa.fi\/sv\/wp-json\/wp\/v2\/media\/755"}],"wp:attachment":[{"href":"https:\/\/finnomeckauppa.fi\/sv\/wp-json\/wp\/v2\/media?parent=833"}],"wp:term":[{"taxonomy":"product_brand","embeddable":true,"href":"https:\/\/finnomeckauppa.fi\/sv\/wp-json\/wp\/v2\/product_brand?post=833"},{"taxonomy":"product_cat","embeddable":true,"href":"https:\/\/finnomeckauppa.fi\/sv\/wp-json\/wp\/v2\/product_cat?post=833"},{"taxonomy":"product_tag","embeddable":true,"href":"https:\/\/finnomeckauppa.fi\/sv\/wp-json\/wp\/v2\/product_tag?post=833"}],"curies":[{"name":"wp","href":"https:\/\/api.w.org\/{rel}","templated":true}]}}