{"id":839,"date":"2024-11-14T13:04:06","date_gmt":"2024-11-14T13:04:06","guid":{"rendered":"https:\/\/finnomeckauppa.iwn.co\/product\/moottorikelkan-taka-akselin-paatylevy-vt13582\/"},"modified":"2024-12-18T13:48:43","modified_gmt":"2024-12-18T13:48:43","slug":"moottorikelkan-taka-akselin-paatylevy-vt13582","status":"publish","type":"product","link":"https:\/\/finnomeckauppa.fi\/sv\/produkt\/moottorikelkan-taka-akselin-paatylevy-vt13582\/","title":{"rendered":"Sn\u00f6skoter bakaxel \u00e4ndplatta VT13582"},"content":{"rendered":"<p>Ers\u00e4tter original\u00e4ndplattan, st\u00f6rre greppyta\/starkare j\u00e4mf\u00f6rt med originalet.<\/p>\n<p>F\u00f6rst\u00e4rkt bakaxel\u00e4ndplatta. med 10 mm h\u00e5l.<\/p>\n<p>Sopivuus Lynx Boondocker \/ Xterrain\/ Rave.<\/p>\n<p>Tuotekoodi: VT13582<\/p>\n","protected":false},"excerpt":{"rendered":"<p>Bakaxel\u00e4ndplatta f\u00f6r mitthjulsplattformar.<\/p>\n<p>Beh\u00f6ver 2 st \/ sl\u00e4de<\/p>\n","protected":false},"featured_media":725,"comment_status":"open","ping_status":"closed","template":"","meta":{"_acf_changed":false},"product_brand":[],"product_cat":[418,71,73,75,77,79,375,377,378,380,381,382,383,384,385,386,379],"product_tag":[436,224,181,225,184,226],"class_list":{"0":"post-839","1":"product","2":"type-product","3":"status-publish","4":"has-post-thumbnail","6":"product_cat-e-osasto-sv","7":"product_cat-lynx-sv","8":"product_cat-lynx-adventure-sv","9":"product_cat-lynx-boondocker-sv","10":"product_cat-lynx-commander-sv","11":"product_cat-lynx-ranger-sv","12":"product_cat-lynx-rave-sv-2","13":"product_cat-xterrain-sv","14":"product_cat-lynx-xtrim-sv-2","15":"product_cat-polaris-sv","16":"product_cat-polaris-rmk-sv-2","17":"product_cat-ski-doo-sv-2","18":"product_cat-skidoo-backcountry-sv-2","19":"product_cat-ski-doo-freeride-sv-2","20":"product_cat-ski-doo-mxz-sv","21":"product_cat-ski-doo-renegade-sv-2","22":"product_cat-moottorikelkkailu-sv","23":"product_tag-e-osasto-sv","24":"product_tag-liukurunko-sv","25":"product_tag-lynx-sv","26":"product_tag-oem-503192735-sv","27":"product_tag-paatylevy-sv","28":"product_tag-vt13582-sv","29":"sales-flash-overlay","30":"woocommerce-text-align-left","31":"woocommerce-image-align-center","32":"do-quantity-buttons","33":"wc-has-gallery","35":"first","36":"instock","37":"taxable","38":"shipping-taxable","39":"purchasable","40":"product-type-simple"},"acf":[],"_links":{"self":[{"href":"https:\/\/finnomeckauppa.fi\/sv\/wp-json\/wp\/v2\/product\/839","targetHints":{"allow":["GET"]}}],"collection":[{"href":"https:\/\/finnomeckauppa.fi\/sv\/wp-json\/wp\/v2\/product"}],"about":[{"href":"https:\/\/finnomeckauppa.fi\/sv\/wp-json\/wp\/v2\/types\/product"}],"replies":[{"embeddable":true,"href":"https:\/\/finnomeckauppa.fi\/sv\/wp-json\/wp\/v2\/comments?post=839"}],"wp:featuredmedia":[{"embeddable":true,"href":"https:\/\/finnomeckauppa.fi\/sv\/wp-json\/wp\/v2\/media\/725"}],"wp:attachment":[{"href":"https:\/\/finnomeckauppa.fi\/sv\/wp-json\/wp\/v2\/media?parent=839"}],"wp:term":[{"taxonomy":"product_brand","embeddable":true,"href":"https:\/\/finnomeckauppa.fi\/sv\/wp-json\/wp\/v2\/product_brand?post=839"},{"taxonomy":"product_cat","embeddable":true,"href":"https:\/\/finnomeckauppa.fi\/sv\/wp-json\/wp\/v2\/product_cat?post=839"},{"taxonomy":"product_tag","embeddable":true,"href":"https:\/\/finnomeckauppa.fi\/sv\/wp-json\/wp\/v2\/product_tag?post=839"}],"curies":[{"name":"wp","href":"https:\/\/api.w.org\/{rel}","templated":true}]}}