{"id":841,"date":"2024-11-14T13:03:51","date_gmt":"2024-11-14T13:03:51","guid":{"rendered":"https:\/\/finnomeckauppa.iwn.co\/product\/lynx-rave-rs-taka-akseli-25-mm20-mmalumiini-vahvikkeet-vt13882\/"},"modified":"2025-02-10T08:32:03","modified_gmt":"2025-02-10T08:32:03","slug":"lynx-rave-rs-taka-akseli-25-mm20-mmalumiini-vahvikkeet-vt13882","status":"publish","type":"product","link":"https:\/\/finnomeckauppa.fi\/sv\/produkt\/lynx-rave-rs-taka-akseli-25-mm20-mmalumiini-vahvikkeet-vt13882\/","title":{"rendered":"Lynx Rave RS taka-akseli 25 mm>20 mm+alumiini vahvikkeet VT13882"},"content":{"rendered":"<p>Rave RS taka-akselin vaihto 25 &gt;20 mm niin ett\u00e4 alumiinisia vahvikkeita voidaan k\u00e4ytt\u00e4\u00e4.<\/p>\n<p>Alkuper\u00e4isiss\u00e4 RS takapy\u00f6riss\u00e4 laakerin ulkomitta 52 mm (20 mm akselissa 42 mm)<\/p>\n<p>Paketti sis\u00e4lt\u00e4\u00e4<\/p>\n<ul>\n<li>uudet laakerit 20\/52 mm 2 kpl<\/li>\n<li>taka-akselin vahvikkeet 2 kpl, VT13558<\/li>\n<li>P\u00e4\u00e4tylevyt 2 kpl, VT13582<\/li>\n<li>ter\u00e4ksisen v\u00e4liholkin 1 kpl, VT13867<\/li>\n<li>223 mm pitk\u00e4n taka-akselin, VT13830<\/li>\n<\/ul>\n<p>&nbsp;<\/p>\n","protected":false},"excerpt":{"rendered":"<p>Rave RS taka-akselin vaihto 25&gt;20 mm sis\u00e4lt\u00e4en uudet laakerit, alumiiniset vahvikkeet, holkin ja p\u00e4\u00e4tylevyt<\/p>\n","protected":false},"featured_media":712,"comment_status":"open","ping_status":"closed","template":"","meta":{"_acf_changed":false},"product_brand":[],"product_cat":[418,71,375,378,379],"product_tag":[436,229,230],"class_list":{"0":"post-841","1":"product","2":"type-product","3":"status-publish","4":"has-post-thumbnail","6":"product_cat-e-osasto-sv","7":"product_cat-lynx-sv","8":"product_cat-lynx-rave-sv-2","9":"product_cat-lynx-xtrim-sv-2","10":"product_cat-moottorikelkkailu-sv","11":"product_tag-e-osasto-sv","12":"product_tag-rave-rs-sv","13":"product_tag-vt13882-sv","14":"sales-flash-overlay","15":"woocommerce-text-align-left","16":"woocommerce-image-align-center","17":"do-quantity-buttons","18":"wc-has-gallery","20":"first","21":"instock","22":"taxable","23":"shipping-taxable","24":"purchasable","25":"product-type-simple"},"acf":[],"_links":{"self":[{"href":"https:\/\/finnomeckauppa.fi\/sv\/wp-json\/wp\/v2\/product\/841","targetHints":{"allow":["GET"]}}],"collection":[{"href":"https:\/\/finnomeckauppa.fi\/sv\/wp-json\/wp\/v2\/product"}],"about":[{"href":"https:\/\/finnomeckauppa.fi\/sv\/wp-json\/wp\/v2\/types\/product"}],"replies":[{"embeddable":true,"href":"https:\/\/finnomeckauppa.fi\/sv\/wp-json\/wp\/v2\/comments?post=841"}],"wp:featuredmedia":[{"embeddable":true,"href":"https:\/\/finnomeckauppa.fi\/sv\/wp-json\/wp\/v2\/media\/712"}],"wp:attachment":[{"href":"https:\/\/finnomeckauppa.fi\/sv\/wp-json\/wp\/v2\/media?parent=841"}],"wp:term":[{"taxonomy":"product_brand","embeddable":true,"href":"https:\/\/finnomeckauppa.fi\/sv\/wp-json\/wp\/v2\/product_brand?post=841"},{"taxonomy":"product_cat","embeddable":true,"href":"https:\/\/finnomeckauppa.fi\/sv\/wp-json\/wp\/v2\/product_cat?post=841"},{"taxonomy":"product_tag","embeddable":true,"href":"https:\/\/finnomeckauppa.fi\/sv\/wp-json\/wp\/v2\/product_tag?post=841"}],"curies":[{"name":"wp","href":"https:\/\/api.w.org\/{rel}","templated":true}]}}