{"id":847,"date":"2024-11-14T13:03:26","date_gmt":"2024-11-14T13:03:26","guid":{"rendered":"https:\/\/finnomeckauppa.iwn.co\/product\/lynx-pattisuoja-2018-boondocker-xtrim-xterrain-49-ranger-vt13803\/"},"modified":"2024-12-18T14:07:20","modified_gmt":"2024-12-18T14:07:20","slug":"lynx-pattisuoja-2018-boondocker-xtrim-xterrain-49-ranger-vt13803","status":"publish","type":"product","link":"https:\/\/finnomeckauppa.fi\/sv\/produkt\/lynx-pattisuoja-2018-boondocker-xtrim-xterrain-49-ranger-vt13803\/","title":{"rendered":"Lynx Kedjefodral >2018  Boondocker Xtrim Xterrain 49 Ranger  VT13803"},"content":{"rendered":"<p>F\u00f6rst\u00e4rkning under kedjehuset och bromsplattan<\/p>\n<p>Bes\u00f6k den sk f\u00f6r versionen med l\u00e5ng kedjev\u00e4ska, Inneh\u00e5ller 2 k\u00e5por och 4 f\u00e4stskruvar.<\/p>\n<p>Skruvar p\u00e5 baksidan, framsidan fixeras med originalskruven.<\/p>\n<p>Material Rostfritt<\/p>\n<p>Lynx Boondocker<br \/>\nLynx Xterrain 600\/850 vm. 2023<br \/>\nLynx Xtrim<br \/>\nLynx Xterrain 600\/850<br \/>\nLynx 49 Ranger<br \/>\nLynx Commander 900 ACE<br \/>\nLynx Shredder<br \/>\nSki-doo toppm\u00f6te 600\/850<br \/>\nSki-doo Backcountry<br \/>\nSki-doo freeride (\u00e4ven 2023)<\/p>\n<p>&nbsp;<\/p>\n","protected":false},"excerpt":{"rendered":"<p>F\u00f6rst\u00e4rkning under kedjehuset och bromsplattan<\/p>\n<p>Bes\u00f6k den sk f\u00f6r versionen med l\u00e5ng kedjev\u00e4ska,<\/p>\n<p>Skyddar kedjehuset och bromssk\u00f6lden fr\u00e5n skador fr\u00e5n yttre st\u00f6tar<\/p>\n<p>&nbsp;<\/p>\n","protected":false},"featured_media":688,"comment_status":"open","ping_status":"closed","template":"","meta":{"_acf_changed":false},"product_brand":[],"product_cat":[423,71,73,75,77,79,377,378,382,383,384,379],"product_tag":[439,250,251,216,252,253,254,255,256],"class_list":{"0":"post-847","1":"product","2":"type-product","3":"status-publish","4":"has-post-thumbnail","6":"product_cat-c-osasto-sv","7":"product_cat-lynx-sv","8":"product_cat-lynx-adventure-sv","9":"product_cat-lynx-boondocker-sv","10":"product_cat-lynx-commander-sv","11":"product_cat-lynx-ranger-sv","12":"product_cat-xterrain-sv","13":"product_cat-lynx-xtrim-sv-2","14":"product_cat-ski-doo-sv-2","15":"product_cat-skidoo-backcountry-sv-2","16":"product_cat-ski-doo-freeride-sv-2","17":"product_cat-moottorikelkkailu-sv","18":"product_tag-c-osasto-sv","19":"product_tag-https-vm-tiktok-com-zgel4hurs-sv","20":"product_tag-lynx-boondocker-sv","21":"product_tag-lynx-pattisuoja-sv","22":"product_tag-lynx-xterrain-sv","23":"product_tag-lynx-xtrim-sv","24":"product_tag-skidoo-backcountry-sv","25":"product_tag-vt13803-sv","26":"product_tag-xterrain-600-850-2023-sv","27":"sales-flash-overlay","28":"woocommerce-text-align-left","29":"woocommerce-image-align-center","30":"do-quantity-buttons","31":"wc-has-gallery","33":"first","34":"instock","35":"taxable","36":"shipping-taxable","37":"purchasable","38":"product-type-simple"},"acf":[],"_links":{"self":[{"href":"https:\/\/finnomeckauppa.fi\/sv\/wp-json\/wp\/v2\/product\/847","targetHints":{"allow":["GET"]}}],"collection":[{"href":"https:\/\/finnomeckauppa.fi\/sv\/wp-json\/wp\/v2\/product"}],"about":[{"href":"https:\/\/finnomeckauppa.fi\/sv\/wp-json\/wp\/v2\/types\/product"}],"replies":[{"embeddable":true,"href":"https:\/\/finnomeckauppa.fi\/sv\/wp-json\/wp\/v2\/comments?post=847"}],"wp:featuredmedia":[{"embeddable":true,"href":"https:\/\/finnomeckauppa.fi\/sv\/wp-json\/wp\/v2\/media\/688"}],"wp:attachment":[{"href":"https:\/\/finnomeckauppa.fi\/sv\/wp-json\/wp\/v2\/media?parent=847"}],"wp:term":[{"taxonomy":"product_brand","embeddable":true,"href":"https:\/\/finnomeckauppa.fi\/sv\/wp-json\/wp\/v2\/product_brand?post=847"},{"taxonomy":"product_cat","embeddable":true,"href":"https:\/\/finnomeckauppa.fi\/sv\/wp-json\/wp\/v2\/product_cat?post=847"},{"taxonomy":"product_tag","embeddable":true,"href":"https:\/\/finnomeckauppa.fi\/sv\/wp-json\/wp\/v2\/product_tag?post=847"}],"curies":[{"name":"wp","href":"https:\/\/api.w.org\/{rel}","templated":true}]}}