{"id":855,"date":"2024-11-14T13:02:52","date_gmt":"2024-11-14T13:02:52","guid":{"rendered":"https:\/\/finnomeckauppa.iwn.co\/product\/kyb-iskunvaimentimen-o-renkaallinen-holkki-liukulaakerilla-4-kpl-vt13165-4\/"},"modified":"2024-12-19T06:47:29","modified_gmt":"2024-12-19T06:47:29","slug":"kyb-iskunvaimentimen-o-renkaallinen-holkki-liukulaakerilla-4-kpl-vt13165-4","status":"publish","type":"product","link":"https:\/\/finnomeckauppa.fi\/sv\/produkt\/kyb-iskunvaimentimen-o-renkaallinen-holkki-liukulaakerilla-4-kpl-vt13165-4\/","title":{"rendered":"Kyb St\u00f6td\u00e4mpare O-ringshylsa med glidlager, 4 st VT13165-4"},"content":{"rendered":"<p>Kyb St\u00f6td\u00e4mpande o-ringshylsa. (f\u00f6r sn\u00f6skotrar)<\/p>\n<p>Utrustad med o-ringar f\u00f6r att f\u00f6rb\u00e4ttra kvarh\u00e5llningen av sm\u00f6rjmedlet i st\u00f6td\u00e4mparens \u00e4nde.<\/p>\n<p>Inkluderar 20 mm l\u00e5nga glidlager.<\/p>\n<p>Inneh\u00e5ller 4 bussningar\/glidlager<\/p>\n","protected":false},"excerpt":{"rendered":"<p>Kyb St\u00f6td\u00e4mpare O-ringsbussningar med glidlager.<\/p>\n<p>Inneh\u00e5ller 4 stycken, en bas f\u00f6r st\u00f6td\u00e4mpare.<\/p>\n<p>Produktkod: VT13165-4<\/p>\n","protected":false},"featured_media":659,"comment_status":"open","ping_status":"closed","template":"","meta":{"_acf_changed":false},"product_brand":[],"product_cat":[421,71,73,75,77,79,375,376,377,378,379],"product_tag":[441,239,240,181,204,205,241,286],"class_list":{"0":"post-855","1":"product","2":"type-product","3":"status-publish","4":"has-post-thumbnail","6":"product_cat-d-osasto-sv","7":"product_cat-lynx-sv","8":"product_cat-lynx-adventure-sv","9":"product_cat-lynx-boondocker-sv","10":"product_cat-lynx-commander-sv","11":"product_cat-lynx-ranger-sv","12":"product_cat-lynx-rave-sv-2","13":"product_cat-lynx-shredder-sv-2","14":"product_cat-xterrain-sv","15":"product_cat-lynx-xtrim-sv-2","16":"product_cat-moottorikelkkailu-sv","17":"product_tag-d-osasto-sv","18":"product_tag-iskunvaimennin-sv","19":"product_tag-kyb-sv","20":"product_tag-lynx-sv","21":"product_tag-lynx-varaosa-sv","22":"product_tag-lynx-varaosat-sv","23":"product_tag-moottorikelkka-sv","24":"product_tag-vt13165-sv","25":"sales-flash-overlay","26":"woocommerce-text-align-left","27":"woocommerce-image-align-center","28":"do-quantity-buttons","29":"wc-has-gallery","31":"first","32":"instock","33":"taxable","34":"shipping-taxable","35":"purchasable","36":"product-type-simple"},"acf":[],"_links":{"self":[{"href":"https:\/\/finnomeckauppa.fi\/sv\/wp-json\/wp\/v2\/product\/855","targetHints":{"allow":["GET"]}}],"collection":[{"href":"https:\/\/finnomeckauppa.fi\/sv\/wp-json\/wp\/v2\/product"}],"about":[{"href":"https:\/\/finnomeckauppa.fi\/sv\/wp-json\/wp\/v2\/types\/product"}],"replies":[{"embeddable":true,"href":"https:\/\/finnomeckauppa.fi\/sv\/wp-json\/wp\/v2\/comments?post=855"}],"wp:featuredmedia":[{"embeddable":true,"href":"https:\/\/finnomeckauppa.fi\/sv\/wp-json\/wp\/v2\/media\/659"}],"wp:attachment":[{"href":"https:\/\/finnomeckauppa.fi\/sv\/wp-json\/wp\/v2\/media?parent=855"}],"wp:term":[{"taxonomy":"product_brand","embeddable":true,"href":"https:\/\/finnomeckauppa.fi\/sv\/wp-json\/wp\/v2\/product_brand?post=855"},{"taxonomy":"product_cat","embeddable":true,"href":"https:\/\/finnomeckauppa.fi\/sv\/wp-json\/wp\/v2\/product_cat?post=855"},{"taxonomy":"product_tag","embeddable":true,"href":"https:\/\/finnomeckauppa.fi\/sv\/wp-json\/wp\/v2\/product_tag?post=855"}],"curies":[{"name":"wp","href":"https:\/\/api.w.org\/{rel}","templated":true}]}}