{"id":857,"date":"2024-11-14T13:02:48","date_gmt":"2024-11-14T13:02:48","guid":{"rendered":"https:\/\/finnomeckauppa.iwn.co\/product\/kyb-iskunvaimentimen-holkki-liukulaakeri-versio-liukulaakereilla-4-kpl-vt13531-420\/"},"modified":"2024-12-19T06:52:21","modified_gmt":"2024-12-19T06:52:21","slug":"kyb-iskunvaimentimen-holkki-liukulaakeri-versio-liukulaakereilla-4-kpl-vt13531-420","status":"publish","type":"product","link":"https:\/\/finnomeckauppa.fi\/sv\/produkt\/kyb-iskunvaimentimen-holkki-liukulaakeri-versio-liukulaakereilla-4-kpl-vt13531-420\/","title":{"rendered":"Kyb St\u00f6td\u00e4mparhylsa &#8211; Glidlagerversion med glidlager 4 st, VT13531-420"},"content":{"rendered":"<p>Kyb St\u00f6td\u00e4mparbussningar med glidlager, 4 st. (f\u00f6r sn\u00f6skotrar)<\/p>\n<p>Belagd och med en t\u00e4tare passform<\/p>\n<p>20 mm diameter, total bredd ca. 25 mm<\/p>\n<p>Inkluderar glidlager, 20 mm l\u00e5nga<\/p>\n","protected":false},"excerpt":{"rendered":"<p>Kyb St\u00f6td\u00e4mparbussningar med glidlager<\/p>\n<p>F\u00f6r tv\u00e5 chassist\u00f6td\u00e4mpare<\/p>\n<p>Produktkod: VT13531-420<\/p>\n","protected":false},"featured_media":655,"comment_status":"open","ping_status":"closed","template":"","meta":{"_acf_changed":false},"product_brand":[],"product_cat":[421,71,73,75,77,79,375,376,377,378,379],"product_tag":[441,239,240,181,241,242],"class_list":{"0":"post-857","1":"product","2":"type-product","3":"status-publish","4":"has-post-thumbnail","6":"product_cat-d-osasto-sv","7":"product_cat-lynx-sv","8":"product_cat-lynx-adventure-sv","9":"product_cat-lynx-boondocker-sv","10":"product_cat-lynx-commander-sv","11":"product_cat-lynx-ranger-sv","12":"product_cat-lynx-rave-sv-2","13":"product_cat-lynx-shredder-sv-2","14":"product_cat-xterrain-sv","15":"product_cat-lynx-xtrim-sv-2","16":"product_cat-moottorikelkkailu-sv","17":"product_tag-d-osasto-sv","18":"product_tag-iskunvaimennin-sv","19":"product_tag-kyb-sv","20":"product_tag-lynx-sv","21":"product_tag-moottorikelkka-sv","22":"product_tag-vt13531-sv","23":"sales-flash-overlay","24":"woocommerce-text-align-left","25":"woocommerce-image-align-center","26":"do-quantity-buttons","27":"wc-has-gallery","29":"first","30":"instock","31":"taxable","32":"shipping-taxable","33":"purchasable","34":"product-type-simple"},"acf":[],"_links":{"self":[{"href":"https:\/\/finnomeckauppa.fi\/sv\/wp-json\/wp\/v2\/product\/857","targetHints":{"allow":["GET"]}}],"collection":[{"href":"https:\/\/finnomeckauppa.fi\/sv\/wp-json\/wp\/v2\/product"}],"about":[{"href":"https:\/\/finnomeckauppa.fi\/sv\/wp-json\/wp\/v2\/types\/product"}],"replies":[{"embeddable":true,"href":"https:\/\/finnomeckauppa.fi\/sv\/wp-json\/wp\/v2\/comments?post=857"}],"wp:featuredmedia":[{"embeddable":true,"href":"https:\/\/finnomeckauppa.fi\/sv\/wp-json\/wp\/v2\/media\/655"}],"wp:attachment":[{"href":"https:\/\/finnomeckauppa.fi\/sv\/wp-json\/wp\/v2\/media?parent=857"}],"wp:term":[{"taxonomy":"product_brand","embeddable":true,"href":"https:\/\/finnomeckauppa.fi\/sv\/wp-json\/wp\/v2\/product_brand?post=857"},{"taxonomy":"product_cat","embeddable":true,"href":"https:\/\/finnomeckauppa.fi\/sv\/wp-json\/wp\/v2\/product_cat?post=857"},{"taxonomy":"product_tag","embeddable":true,"href":"https:\/\/finnomeckauppa.fi\/sv\/wp-json\/wp\/v2\/product_tag?post=857"}],"curies":[{"name":"wp","href":"https:\/\/api.w.org\/{rel}","templated":true}]}}