{"id":859,"date":"2024-11-14T13:02:33","date_gmt":"2024-11-14T13:02:33","guid":{"rendered":"https:\/\/finnomeckauppa.iwn.co\/product\/lynx-alustan-etupukin-alakiinnityksen-o-renkaallinen-holkki-neulalaakerilla-vt13200\/"},"modified":"2024-12-19T06:56:53","modified_gmt":"2024-12-19T06:56:53","slug":"lynx-alustan-etupukin-alakiinnityksen-o-renkaallinen-holkki-neulalaakerilla-vt13200","status":"publish","type":"product","link":"https:\/\/finnomeckauppa.fi\/sv\/produkt\/lynx-alustan-etupukin-alakiinnityksen-o-renkaallinen-holkki-neulalaakerilla-vt13200\/","title":{"rendered":"O-ringshylsa f\u00f6r Lynx chassi fr\u00e4mre ram nedre montering &#8211; Med n\u00e5llager, VT13200"},"content":{"rendered":"<p>Lynx fr\u00e4mre stativ nedre \u00e4ndhylsa med n\u00e5llager.<\/p>\n<p>F\u00e4ste till skjutramen<\/p>\n<p>Vm. 2017 (2015)&gt;<\/p>\n<p>Utrustad med o-ringar f\u00f6r att f\u00f6rb\u00e4ttra kvarh\u00e5llningen av sm\u00f6rjmedlet p\u00e5 lagren.<\/p>\n<p>Inkluderar n\u00e5llager.<\/p>\n<p>F\u00e4st med en M12-skruv, kontrollera rutschens bas att den \u00e4r l\u00e4mplig f\u00f6r m\u00e5let.<\/p>\n<p>(fr\u00e5n basen, innerdiametern p\u00e5 hylsan p\u00e5 det fr\u00e4mre stativet 25,5 mm, l\u00e4ngd ca 30 mm)<\/p>\n<p>Driften av plattformen blir k\u00e4nsligare<\/p>\n<p>De gamla glidlagren m\u00e5ste tas bort och \u00e4ndarna p\u00e5 bussningarna m\u00e5ste reng\u00f6ras v\u00e4l f\u00f6r att s\u00e4kerst\u00e4lla vidh\u00e4ftningen av l\u00e5slimmet.<\/p>\n<p>N\u00e5llagren m\u00e5ste f\u00e4stas ordentligt i \u00e4ndarna av bussningarna med l\u00e5slim.<\/p>\n<p>F\u00f6r att monteras med innerhylsan p\u00e5 r\u00e4tt plats, l\u00e5t limmet torka v\u00e4l &gt; montera hylsorna v\u00e4l smorda p\u00e5 plats\/fetta n\u00e5llagret v\u00e4l<\/p>\n<p>PS Domkraftens bussningar kan vara t\u00e4ta, s\u00e5 om de \u00e4r det rekommenderas att slipa dem med ett l\u00e4mpligt verktyg. (t.ex. en borr med en skifferskiva)<\/p>\n<p>&nbsp;<\/p>\n<p>&nbsp;<\/p>\n","protected":false},"excerpt":{"rendered":"<p>Lynx fr\u00e4mre ram nedre f\u00e4st O-ringshylsa med n\u00e5llager<\/p>\n<p>2 stycken beh\u00f6vs f\u00f6r en sl\u00e4de<\/p>\n<p>Produktkod: VT13200<\/p>\n","protected":false},"featured_media":642,"comment_status":"open","ping_status":"closed","template":"","meta":{"_acf_changed":false},"product_brand":[],"product_cat":[417,73,75,375,376,377,378,67],"product_tag":[290,291,445,181,241,292],"class_list":{"0":"post-859","1":"product","2":"type-product","3":"status-publish","4":"has-post-thumbnail","6":"product_cat-b-osasto-sv","7":"product_cat-lynx-adventure-sv","8":"product_cat-lynx-boondocker-sv","9":"product_cat-lynx-rave-sv-2","10":"product_cat-lynx-shredder-sv-2","11":"product_cat-xterrain-sv","12":"product_cat-lynx-xtrim-sv-2","13":"product_cat-okategoriserad","14":"product_tag-503194579-sv","15":"product_tag-alustan-kiinnitys-sv","16":"product_tag-b-osasto-sv","17":"product_tag-lynx-sv","18":"product_tag-moottorikelkka-sv","19":"product_tag-vt13200-sv","20":"sales-flash-overlay","21":"woocommerce-text-align-left","22":"woocommerce-image-align-center","23":"do-quantity-buttons","24":"wc-has-gallery","26":"first","27":"instock","28":"taxable","29":"shipping-taxable","30":"purchasable","31":"product-type-simple"},"acf":[],"_links":{"self":[{"href":"https:\/\/finnomeckauppa.fi\/sv\/wp-json\/wp\/v2\/product\/859","targetHints":{"allow":["GET"]}}],"collection":[{"href":"https:\/\/finnomeckauppa.fi\/sv\/wp-json\/wp\/v2\/product"}],"about":[{"href":"https:\/\/finnomeckauppa.fi\/sv\/wp-json\/wp\/v2\/types\/product"}],"replies":[{"embeddable":true,"href":"https:\/\/finnomeckauppa.fi\/sv\/wp-json\/wp\/v2\/comments?post=859"}],"wp:featuredmedia":[{"embeddable":true,"href":"https:\/\/finnomeckauppa.fi\/sv\/wp-json\/wp\/v2\/media\/642"}],"wp:attachment":[{"href":"https:\/\/finnomeckauppa.fi\/sv\/wp-json\/wp\/v2\/media?parent=859"}],"wp:term":[{"taxonomy":"product_brand","embeddable":true,"href":"https:\/\/finnomeckauppa.fi\/sv\/wp-json\/wp\/v2\/product_brand?post=859"},{"taxonomy":"product_cat","embeddable":true,"href":"https:\/\/finnomeckauppa.fi\/sv\/wp-json\/wp\/v2\/product_cat?post=859"},{"taxonomy":"product_tag","embeddable":true,"href":"https:\/\/finnomeckauppa.fi\/sv\/wp-json\/wp\/v2\/product_tag?post=859"}],"curies":[{"name":"wp","href":"https:\/\/api.w.org\/{rel}","templated":true}]}}