{"id":861,"date":"2024-11-14T13:02:28","date_gmt":"2024-11-14T13:02:28","guid":{"rendered":"https:\/\/finnomeckauppa.iwn.co\/product\/kyb-iskunvaimentimen-holkki-liukulaakeri-versio-vt13531\/"},"modified":"2024-12-19T07:01:16","modified_gmt":"2024-12-19T07:01:16","slug":"kyb-iskunvaimentimen-holkki-liukulaakeri-versio-vt13531","status":"publish","type":"product","link":"https:\/\/finnomeckauppa.fi\/sv\/produkt\/kyb-iskunvaimentimen-holkki-liukulaakeri-versio-vt13531\/","title":{"rendered":"Kyb St\u00f6td\u00e4mparhylsa &#8211; Glidlagerversion, VT13531"},"content":{"rendered":"<p>Kyb St\u00f6td\u00e4mparhylsa. (Lynx f\u00f6r sn\u00f6skotrar)<\/p>\n<p>Belagd och med en t\u00e4tare passform<\/p>\n<p>L\u00e4mplig f\u00f6r 20\/25 mm l\u00e5nga lager.<\/p>\n<p>20 mm diameter, total bredd ca. 25 mm<\/p>\n<p>Inkluderar inte glidlager.<\/p>\n","protected":false},"excerpt":{"rendered":"<p>Kyb St\u00f6td\u00e4mparhylsa f\u00f6r glidlager.<\/p>\n<p>Beh\u00f6ver 2 st\/st\u00f6td\u00e4mpare<\/p>\n<p>Produktkod: VT13531<\/p>\n","protected":false},"featured_media":632,"comment_status":"open","ping_status":"closed","template":"","meta":{"_acf_changed":false},"product_brand":[],"product_cat":[421,71,73,75,77,79,375,376,377,378,379],"product_tag":[441,239,240,181,241,242],"class_list":{"0":"post-861","1":"product","2":"type-product","3":"status-publish","4":"has-post-thumbnail","6":"product_cat-d-osasto-sv","7":"product_cat-lynx-sv","8":"product_cat-lynx-adventure-sv","9":"product_cat-lynx-boondocker-sv","10":"product_cat-lynx-commander-sv","11":"product_cat-lynx-ranger-sv","12":"product_cat-lynx-rave-sv-2","13":"product_cat-lynx-shredder-sv-2","14":"product_cat-xterrain-sv","15":"product_cat-lynx-xtrim-sv-2","16":"product_cat-moottorikelkkailu-sv","17":"product_tag-d-osasto-sv","18":"product_tag-iskunvaimennin-sv","19":"product_tag-kyb-sv","20":"product_tag-lynx-sv","21":"product_tag-moottorikelkka-sv","22":"product_tag-vt13531-sv","23":"sales-flash-overlay","24":"woocommerce-text-align-left","25":"woocommerce-image-align-center","26":"do-quantity-buttons","27":"wc-has-gallery","29":"first","30":"instock","31":"taxable","32":"shipping-taxable","33":"purchasable","34":"product-type-simple"},"acf":[],"_links":{"self":[{"href":"https:\/\/finnomeckauppa.fi\/sv\/wp-json\/wp\/v2\/product\/861","targetHints":{"allow":["GET"]}}],"collection":[{"href":"https:\/\/finnomeckauppa.fi\/sv\/wp-json\/wp\/v2\/product"}],"about":[{"href":"https:\/\/finnomeckauppa.fi\/sv\/wp-json\/wp\/v2\/types\/product"}],"replies":[{"embeddable":true,"href":"https:\/\/finnomeckauppa.fi\/sv\/wp-json\/wp\/v2\/comments?post=861"}],"wp:featuredmedia":[{"embeddable":true,"href":"https:\/\/finnomeckauppa.fi\/sv\/wp-json\/wp\/v2\/media\/632"}],"wp:attachment":[{"href":"https:\/\/finnomeckauppa.fi\/sv\/wp-json\/wp\/v2\/media?parent=861"}],"wp:term":[{"taxonomy":"product_brand","embeddable":true,"href":"https:\/\/finnomeckauppa.fi\/sv\/wp-json\/wp\/v2\/product_brand?post=861"},{"taxonomy":"product_cat","embeddable":true,"href":"https:\/\/finnomeckauppa.fi\/sv\/wp-json\/wp\/v2\/product_cat?post=861"},{"taxonomy":"product_tag","embeddable":true,"href":"https:\/\/finnomeckauppa.fi\/sv\/wp-json\/wp\/v2\/product_tag?post=861"}],"curies":[{"name":"wp","href":"https:\/\/api.w.org\/{rel}","templated":true}]}}