{"id":865,"date":"2024-11-14T13:02:02","date_gmt":"2024-11-14T13:02:02","guid":{"rendered":"https:\/\/finnomeckauppa.iwn.co\/product\/kyb-iskunvaimentimen-o-renkaallinen-holkki-neulalaakeri-versio-vt13176\/"},"modified":"2024-12-19T08:05:06","modified_gmt":"2024-12-19T08:05:06","slug":"kyb-iskunvaimentimen-o-renkaallinen-holkki-neulalaakeri-versio-vt13176","status":"publish","type":"product","link":"https:\/\/finnomeckauppa.fi\/sv\/produkt\/kyb-iskunvaimentimen-o-renkaallinen-holkki-neulalaakeri-versio-vt13176\/","title":{"rendered":"Kyb St\u00f6td\u00e4mpare O-ringshylsa &#8211; N\u00e5llagerversion, VT13176"},"content":{"rendered":"<p>Kyb St\u00f6td\u00e4mpare O-ringshylsa med n\u00e5llager. (f\u00f6r sn\u00f6skotrar)<\/p>\n<p>Utrustad med o-ringar f\u00f6r att f\u00f6rb\u00e4ttra kvarh\u00e5llandet av sm\u00f6rjmedel i \u00e4nden av st\u00f6td\u00e4mparlagret.<\/p>\n<p>Inkluderar n\u00e5llager. 20 mm diameter, total bredd ca. 25 mm<\/p>\n<p>&nbsp;<\/p>\n<p>De gamla glidlagren m\u00e5ste tas bort och \u00e4ndarna p\u00e5 st\u00f6td\u00e4mparen m\u00e5ste reng\u00f6ras v\u00e4l f\u00f6r att s\u00e4kerst\u00e4lla vidh\u00e4ftningen av l\u00e5slimmet.<\/p>\n<p>N\u00e5llagren m\u00e5ste f\u00e4stas ordentligt med l\u00e5slim i st\u00f6td\u00e4mparens \u00e4ndar.<\/p>\n<p>F\u00f6r att monteras helt i mitten, l\u00e5t limmet torka &gt; montera bussningarna v\u00e4l smorda p\u00e5 plats \/ sm\u00f6rj in n\u00e5llagret v\u00e4l.<\/p>\n","protected":false},"excerpt":{"rendered":"<p>Kyb St\u00f6td\u00e4mpare O-ringshylsa med n\u00e5llager.<\/p>\n<p>Beh\u00f6ver 2 st\/st\u00f6td\u00e4mpare<\/p>\n<p>Produktkod: VT13176<\/p>\n","protected":false},"featured_media":606,"comment_status":"open","ping_status":"closed","template":"","meta":{"_acf_changed":false},"product_brand":[],"product_cat":[421,71,73,75,77,79,375,376,377,378,379],"product_tag":[441,239,240,181,241,298],"class_list":{"0":"post-865","1":"product","2":"type-product","3":"status-publish","4":"has-post-thumbnail","6":"product_cat-d-osasto-sv","7":"product_cat-lynx-sv","8":"product_cat-lynx-adventure-sv","9":"product_cat-lynx-boondocker-sv","10":"product_cat-lynx-commander-sv","11":"product_cat-lynx-ranger-sv","12":"product_cat-lynx-rave-sv-2","13":"product_cat-lynx-shredder-sv-2","14":"product_cat-xterrain-sv","15":"product_cat-lynx-xtrim-sv-2","16":"product_cat-moottorikelkkailu-sv","17":"product_tag-d-osasto-sv","18":"product_tag-iskunvaimennin-sv","19":"product_tag-kyb-sv","20":"product_tag-lynx-sv","21":"product_tag-moottorikelkka-sv","22":"product_tag-vt13176-sv","23":"sales-flash-overlay","24":"woocommerce-text-align-left","25":"woocommerce-image-align-center","26":"do-quantity-buttons","27":"wc-has-gallery","29":"first","30":"instock","31":"taxable","32":"shipping-taxable","33":"purchasable","34":"product-type-simple"},"acf":[],"_links":{"self":[{"href":"https:\/\/finnomeckauppa.fi\/sv\/wp-json\/wp\/v2\/product\/865","targetHints":{"allow":["GET"]}}],"collection":[{"href":"https:\/\/finnomeckauppa.fi\/sv\/wp-json\/wp\/v2\/product"}],"about":[{"href":"https:\/\/finnomeckauppa.fi\/sv\/wp-json\/wp\/v2\/types\/product"}],"replies":[{"embeddable":true,"href":"https:\/\/finnomeckauppa.fi\/sv\/wp-json\/wp\/v2\/comments?post=865"}],"wp:featuredmedia":[{"embeddable":true,"href":"https:\/\/finnomeckauppa.fi\/sv\/wp-json\/wp\/v2\/media\/606"}],"wp:attachment":[{"href":"https:\/\/finnomeckauppa.fi\/sv\/wp-json\/wp\/v2\/media?parent=865"}],"wp:term":[{"taxonomy":"product_brand","embeddable":true,"href":"https:\/\/finnomeckauppa.fi\/sv\/wp-json\/wp\/v2\/product_brand?post=865"},{"taxonomy":"product_cat","embeddable":true,"href":"https:\/\/finnomeckauppa.fi\/sv\/wp-json\/wp\/v2\/product_cat?post=865"},{"taxonomy":"product_tag","embeddable":true,"href":"https:\/\/finnomeckauppa.fi\/sv\/wp-json\/wp\/v2\/product_tag?post=865"}],"curies":[{"name":"wp","href":"https:\/\/api.w.org\/{rel}","templated":true}]}}