{"id":871,"date":"2024-11-14T13:01:28","date_gmt":"2024-11-14T13:01:28","guid":{"rendered":"https:\/\/finnomeckauppa.iwn.co\/product\/lynx-rave-pps1-moottorikelkan-taka-akselin-vahvike-vt13588\/"},"modified":"2024-12-19T08:17:05","modified_gmt":"2024-12-19T08:17:05","slug":"lynx-rave-pps1-moottorikelkan-taka-akselin-vahvike-vt13588","status":"publish","type":"product","link":"https:\/\/finnomeckauppa.fi\/sv\/produkt\/lynx-rave-pps1-moottorikelkan-taka-akselin-vahvike-vt13588\/","title":{"rendered":"Lynx Rave PPS1 sn\u00f6skoterbakaxelf\u00f6rst\u00e4rkning, VT13588"},"content":{"rendered":"<p>Den f\u00f6rst\u00e4rkta bakaxelhylsan passar \u00e4ven med en sliten glidram, eftersom den tar kontroll fr\u00e5n den nedre f\u00f6rst\u00e4rkningen av glidramen.<\/p>\n<p>Bytet kan g\u00f6ras genom att lossa mattsp\u00e4nningen och ta bort axeln och installera de nya delarna p\u00e5 plats.<\/p>\n<p>Montering Lynx Rave PPS1, kontrollera dimensionerna p\u00e5 glidramen och j\u00e4mf\u00f6r med m\u00e5tten p\u00e5 bilden. (obs: Rave skjutramar har olika versioner)<\/p>\n<p>Du beh\u00f6ver lika m\u00e5nga f\u00f6rst\u00e4rkningar som det finns bakre f\u00e4llbara hjul.<\/p>\n<figure id=\"attachment_376\" aria-describedby=\"caption-attachment-376\" style=\"width: 290px\" class=\"wp-caption alignnone\"><img loading=\"lazy\" decoding=\"async\" class=\"size-medium wp-image-376\" src=\"https:\/\/www.finnomec.fi\/wp-content\/uploads\/2021\/10\/Rave-RS-vahvike-VT13588-300x225.jpg\" alt=\"\" width=\"300\" height=\"225\" \/><figcaption id=\"caption-attachment-376\" class=\"wp-caption-text\">Vahvike Lynx Rave RS<\/figcaption><\/figure>\n","protected":false},"excerpt":{"rendered":"<p>Sn\u00f6skoterbakaxelf\u00f6rst\u00e4rkning<\/p>\n<p>Lynx Rave PPS1. Ers\u00e4tter original bakaxelhylsa av plast.<\/p>\n<p>Du beh\u00f6ver lika m\u00e5nga som det finns bakre f\u00e4llbara hjul.<\/p>\n<p>Produktkod: VT13588<\/p>\n<p>&nbsp;<\/p>\n","protected":false},"featured_media":575,"comment_status":"open","ping_status":"closed","template":"","meta":{"_acf_changed":false},"product_brand":[],"product_cat":[418,71,375,378,379],"product_tag":[436,181,241,309,310],"class_list":{"0":"post-871","1":"product","2":"type-product","3":"status-publish","4":"has-post-thumbnail","6":"product_cat-e-osasto-sv","7":"product_cat-lynx-sv","8":"product_cat-lynx-rave-sv-2","9":"product_cat-lynx-xtrim-sv-2","10":"product_cat-moottorikelkkailu-sv","11":"product_tag-e-osasto-sv","12":"product_tag-lynx-sv","13":"product_tag-moottorikelkka-sv","14":"product_tag-pps1-sv","15":"product_tag-vt13588-sv","16":"sales-flash-overlay","17":"woocommerce-text-align-left","18":"woocommerce-image-align-center","19":"do-quantity-buttons","20":"wc-has-gallery","22":"first","23":"instock","24":"taxable","25":"shipping-taxable","26":"purchasable","27":"product-type-simple"},"acf":[],"_links":{"self":[{"href":"https:\/\/finnomeckauppa.fi\/sv\/wp-json\/wp\/v2\/product\/871","targetHints":{"allow":["GET"]}}],"collection":[{"href":"https:\/\/finnomeckauppa.fi\/sv\/wp-json\/wp\/v2\/product"}],"about":[{"href":"https:\/\/finnomeckauppa.fi\/sv\/wp-json\/wp\/v2\/types\/product"}],"replies":[{"embeddable":true,"href":"https:\/\/finnomeckauppa.fi\/sv\/wp-json\/wp\/v2\/comments?post=871"}],"wp:featuredmedia":[{"embeddable":true,"href":"https:\/\/finnomeckauppa.fi\/sv\/wp-json\/wp\/v2\/media\/575"}],"wp:attachment":[{"href":"https:\/\/finnomeckauppa.fi\/sv\/wp-json\/wp\/v2\/media?parent=871"}],"wp:term":[{"taxonomy":"product_brand","embeddable":true,"href":"https:\/\/finnomeckauppa.fi\/sv\/wp-json\/wp\/v2\/product_brand?post=871"},{"taxonomy":"product_cat","embeddable":true,"href":"https:\/\/finnomeckauppa.fi\/sv\/wp-json\/wp\/v2\/product_cat?post=871"},{"taxonomy":"product_tag","embeddable":true,"href":"https:\/\/finnomeckauppa.fi\/sv\/wp-json\/wp\/v2\/product_tag?post=871"}],"curies":[{"name":"wp","href":"https:\/\/api.w.org\/{rel}","templated":true}]}}