{"id":875,"date":"2024-11-14T13:01:16","date_gmt":"2024-11-14T13:01:16","guid":{"rendered":"https:\/\/finnomeckauppa.iwn.co\/product\/moottorikelkan-taka-akselin-sisaaluslevy-vt13904\/"},"modified":"2024-12-19T08:12:55","modified_gmt":"2024-12-19T08:12:55","slug":"moottorikelkan-taka-akselin-sisaaluslevy-vt13904","status":"publish","type":"product","link":"https:\/\/finnomeckauppa.fi\/sv\/produkt\/moottorikelkan-taka-akselin-sisaaluslevy-vt13904\/","title":{"rendered":"Sn\u00f6skoter bakaxel innerbricka, VT13904"},"content":{"rendered":"<p>Ers\u00e4tter original innerbricka, st\u00f6rre greppyta\/starkare j\u00e4mf\u00f6rt med originalet.<\/p>\n<p>F\u00f6rst\u00e4rkt bakaxel inre bricka. med 20 mm h\u00e5l.<\/p>\n<p>Kompatibilitet Lynx \/ ski-doo sn\u00f6skotrar. (OEM503190432)<\/p>\n<p>Produktkod: VT13904<\/p>\n","protected":false},"excerpt":{"rendered":"<p>Bakaxel inre bricka f\u00f6r 3-hjuliga plattformar.<\/p>\n<p>Beh\u00f6ver 1 st per sl\u00e4de<\/p>\n","protected":false},"featured_media":567,"comment_status":"open","ping_status":"closed","template":"","meta":{"_acf_changed":false},"product_brand":[],"product_cat":[418,71,73,75,375,377,378,382,383,384,385,386,379],"product_tag":[436,224,181,313,314,226],"class_list":{"0":"post-875","1":"product","2":"type-product","3":"status-publish","4":"has-post-thumbnail","6":"product_cat-e-osasto-sv","7":"product_cat-lynx-sv","8":"product_cat-lynx-adventure-sv","9":"product_cat-lynx-boondocker-sv","10":"product_cat-lynx-rave-sv-2","11":"product_cat-xterrain-sv","12":"product_cat-lynx-xtrim-sv-2","13":"product_cat-ski-doo-sv-2","14":"product_cat-skidoo-backcountry-sv-2","15":"product_cat-ski-doo-freeride-sv-2","16":"product_cat-ski-doo-mxz-sv","17":"product_cat-ski-doo-renegade-sv-2","18":"product_cat-moottorikelkkailu-sv","19":"product_tag-e-osasto-sv","20":"product_tag-liukurunko-sv","21":"product_tag-lynx-sv","22":"product_tag-oem-503190432-sv","23":"product_tag-oem503190432-sv","24":"product_tag-vt13582-sv","25":"sales-flash-overlay","26":"woocommerce-text-align-left","27":"woocommerce-image-align-center","28":"do-quantity-buttons","29":"wc-has-gallery","31":"first","32":"instock","33":"taxable","34":"shipping-taxable","35":"purchasable","36":"product-type-simple"},"acf":[],"_links":{"self":[{"href":"https:\/\/finnomeckauppa.fi\/sv\/wp-json\/wp\/v2\/product\/875","targetHints":{"allow":["GET"]}}],"collection":[{"href":"https:\/\/finnomeckauppa.fi\/sv\/wp-json\/wp\/v2\/product"}],"about":[{"href":"https:\/\/finnomeckauppa.fi\/sv\/wp-json\/wp\/v2\/types\/product"}],"replies":[{"embeddable":true,"href":"https:\/\/finnomeckauppa.fi\/sv\/wp-json\/wp\/v2\/comments?post=875"}],"wp:featuredmedia":[{"embeddable":true,"href":"https:\/\/finnomeckauppa.fi\/sv\/wp-json\/wp\/v2\/media\/567"}],"wp:attachment":[{"href":"https:\/\/finnomeckauppa.fi\/sv\/wp-json\/wp\/v2\/media?parent=875"}],"wp:term":[{"taxonomy":"product_brand","embeddable":true,"href":"https:\/\/finnomeckauppa.fi\/sv\/wp-json\/wp\/v2\/product_brand?post=875"},{"taxonomy":"product_cat","embeddable":true,"href":"https:\/\/finnomeckauppa.fi\/sv\/wp-json\/wp\/v2\/product_cat?post=875"},{"taxonomy":"product_tag","embeddable":true,"href":"https:\/\/finnomeckauppa.fi\/sv\/wp-json\/wp\/v2\/product_tag?post=875"}],"curies":[{"name":"wp","href":"https:\/\/api.w.org\/{rel}","templated":true}]}}