{"id":877,"date":"2024-11-14T13:01:04","date_gmt":"2024-11-14T13:01:04","guid":{"rendered":"https:\/\/finnomeckauppa.iwn.co\/product\/lynx-boondocker-xterrain-moottorikelkan-taka-akselin-vahvike-vt13585\/"},"modified":"2024-12-19T08:21:19","modified_gmt":"2024-12-19T08:21:19","slug":"lynx-boondocker-xterrain-moottorikelkan-taka-akselin-vahvike-vt13585","status":"publish","type":"product","link":"https:\/\/finnomeckauppa.fi\/sv\/produkt\/lynx-boondocker-xterrain-moottorikelkan-taka-akselin-vahvike-vt13585\/","title":{"rendered":"Lynx Boondocker \/ Xterrain &#8211; Bakaxelf\u00f6rst\u00e4rkning f\u00f6r sn\u00f6skoter, VT13585"},"content":{"rendered":"<p>Sn\u00f6skoterbakaxelf\u00f6rst\u00e4rkning<\/p>\n<p>Ers\u00e4tter original bakaxelhylsa av plast.<\/p>\n<p>Den f\u00f6rst\u00e4rkta bakaxelhylsan passar \u00e4ven med en sliten glidram, eftersom den tar kontroll fr\u00e5n den nedre f\u00f6rst\u00e4rkningen av glidramen.<\/p>\n<p>Bytet kan g\u00f6ras genom att lossa mattsp\u00e4nningen och ta bort axeln och installera de nya delarna p\u00e5 plats.<\/p>\n<p>Kompatibilitet Lynx Boondocker &#8211; fram till 2019 \/ Xterrain, kontrollera dimensionerna p\u00e5 glidramen och j\u00e4mf\u00f6r med m\u00e5tten p\u00e5 bilden.<\/p>\n<p>Du beh\u00f6ver lika m\u00e5nga f\u00f6rst\u00e4rkningar som det finns bakre f\u00e4llbara hjul.<\/p>\n<p><img loading=\"lazy\" decoding=\"async\" class=\"alignnone size-medium wp-image-173\" src=\"https:\/\/www.finnomec.fi\/wp-content\/uploads\/2021\/04\/Boondocker-liukurunko-mittakuva-300x152.jpg\" alt=\"\" width=\"300\" height=\"152\" \/><\/p>\n","protected":false},"excerpt":{"rendered":"<p>Sn\u00f6skoterbakaxelf\u00f6rst\u00e4rkning<\/p>\n<p>Lynx Boondocker &#8211; till 2019<\/p>\n<p>Lynx Xterrain<\/p>\n<p>Du beh\u00f6ver lika m\u00e5nga som det finns bakre f\u00e4llbara hjul.<\/p>\n<p>Produktkod: VT13585<\/p>\n","protected":false},"featured_media":554,"comment_status":"open","ping_status":"closed","template":"","meta":{"_acf_changed":false},"product_brand":[],"product_cat":[418,71,75,377,379],"product_tag":[318,436,181,251,252,272,209,319,320],"class_list":{"0":"post-877","1":"product","2":"type-product","3":"status-publish","4":"has-post-thumbnail","6":"product_cat-e-osasto-sv","7":"product_cat-lynx-sv","8":"product_cat-lynx-boondocker-sv","9":"product_cat-xterrain-sv","10":"product_cat-moottorikelkkailu-sv","11":"product_tag-boondocker-sv","12":"product_tag-e-osasto-sv","13":"product_tag-lynx-sv","14":"product_tag-lynx-boondocker-sv","15":"product_tag-lynx-xterrain-sv","16":"product_tag-oem-503190428-sv","17":"product_tag-taka-akselin-vahvike-sv","18":"product_tag-vt13585-sv","19":"product_tag-xterrain-sv","20":"sales-flash-overlay","21":"woocommerce-text-align-left","22":"woocommerce-image-align-center","23":"do-quantity-buttons","24":"wc-has-gallery","26":"first","27":"instock","28":"taxable","29":"shipping-taxable","30":"purchasable","31":"product-type-simple"},"acf":[],"_links":{"self":[{"href":"https:\/\/finnomeckauppa.fi\/sv\/wp-json\/wp\/v2\/product\/877","targetHints":{"allow":["GET"]}}],"collection":[{"href":"https:\/\/finnomeckauppa.fi\/sv\/wp-json\/wp\/v2\/product"}],"about":[{"href":"https:\/\/finnomeckauppa.fi\/sv\/wp-json\/wp\/v2\/types\/product"}],"replies":[{"embeddable":true,"href":"https:\/\/finnomeckauppa.fi\/sv\/wp-json\/wp\/v2\/comments?post=877"}],"wp:featuredmedia":[{"embeddable":true,"href":"https:\/\/finnomeckauppa.fi\/sv\/wp-json\/wp\/v2\/media\/554"}],"wp:attachment":[{"href":"https:\/\/finnomeckauppa.fi\/sv\/wp-json\/wp\/v2\/media?parent=877"}],"wp:term":[{"taxonomy":"product_brand","embeddable":true,"href":"https:\/\/finnomeckauppa.fi\/sv\/wp-json\/wp\/v2\/product_brand?post=877"},{"taxonomy":"product_cat","embeddable":true,"href":"https:\/\/finnomeckauppa.fi\/sv\/wp-json\/wp\/v2\/product_cat?post=877"},{"taxonomy":"product_tag","embeddable":true,"href":"https:\/\/finnomeckauppa.fi\/sv\/wp-json\/wp\/v2\/product_tag?post=877"}],"curies":[{"name":"wp","href":"https:\/\/api.w.org\/{rel}","templated":true}]}}