{"id":879,"date":"2024-11-14T13:00:51","date_gmt":"2024-11-14T13:00:51","guid":{"rendered":"https:\/\/finnomeckauppa.iwn.co\/product\/lynx-rave-moottorikelkan-taka-akselin-vahvike-vt13558\/"},"modified":"2025-02-20T13:26:45","modified_gmt":"2025-02-20T13:26:45","slug":"lynx-rave-moottorikelkan-taka-akselin-vahvike-vt13558","status":"publish","type":"product","link":"https:\/\/finnomeckauppa.fi\/sv\/produkt\/lynx-rave-moottorikelkan-taka-akselin-vahvike-vt13558\/","title":{"rendered":"Lynx Rave sn\u00f6skoter bakaxelf\u00f6rst\u00e4rkning, VT13558"},"content":{"rendered":"<p>Den f\u00f6rst\u00e4rkta bakaxelhylsan passar \u00e4ven med en sliten glidram, eftersom den tar kontroll fr\u00e5n den nedre f\u00f6rst\u00e4rkningen av glidramen.<\/p>\n<p>Bytet kan g\u00f6ras genom att lossa mattsp\u00e4nningen och ta bort axeln och installera de nya delarna p\u00e5 plats.<\/p>\n<p>Kompatibilitet Lynx Rave PPS2, kontrollera dimensionerna p\u00e5 glidramen och j\u00e4mf\u00f6r med m\u00e5tten p\u00e5 bilden. (obs: Rave RS skjutramar har olika versioner)<\/p>\n<p>Du beh\u00f6ver lika m\u00e5nga f\u00f6rst\u00e4rkningar som det finns bakre f\u00e4llbara hjul.<\/p>\n<p><img loading=\"lazy\" decoding=\"async\" class=\"size-medium wp-image-368\" src=\"https:\/\/www.finnomec.fi\/wp-content\/uploads\/2021\/04\/Lynx-Rave-liukurunko-300x166.jpg\" alt=\"\" width=\"300\" height=\"166\" \/><\/p>\n","protected":false},"excerpt":{"rendered":"<p>Sn\u00f6skoterbakaxelf\u00f6rst\u00e4rkning<\/p>\n<p>Lynx Rave PPS2. Ers\u00e4tter original bakaxelhylsa av plast.<\/p>\n<p>Du beh\u00f6ver lika m\u00e5nga som det finns bakre f\u00e4llbara hjul.<\/p>\n<p>Produktkod: VT13558<\/p>\n","protected":false},"featured_media":538,"comment_status":"open","ping_status":"closed","template":"","meta":{"_acf_changed":false},"product_brand":[],"product_cat":[418,71,73,375,378,379],"product_tag":[436,181,324,204,205,272,325,209,326],"class_list":{"0":"post-879","1":"product","2":"type-product","3":"status-publish","4":"has-post-thumbnail","6":"product_cat-e-osasto-sv","7":"product_cat-lynx-sv","8":"product_cat-lynx-adventure-sv","9":"product_cat-lynx-rave-sv-2","10":"product_cat-lynx-xtrim-sv-2","11":"product_cat-moottorikelkkailu-sv","12":"product_tag-e-osasto-sv","13":"product_tag-lynx-sv","14":"product_tag-lynx-rave-sv","15":"product_tag-lynx-varaosa-sv","16":"product_tag-lynx-varaosat-sv","17":"product_tag-oem-503190428-sv","18":"product_tag-rave-sv","19":"product_tag-taka-akselin-vahvike-sv","20":"product_tag-vt13558-sv","21":"sales-flash-overlay","22":"woocommerce-text-align-left","23":"woocommerce-image-align-center","24":"do-quantity-buttons","25":"wc-has-gallery","27":"first","28":"instock","29":"taxable","30":"shipping-taxable","31":"purchasable","32":"product-type-simple"},"acf":[],"_links":{"self":[{"href":"https:\/\/finnomeckauppa.fi\/sv\/wp-json\/wp\/v2\/product\/879","targetHints":{"allow":["GET"]}}],"collection":[{"href":"https:\/\/finnomeckauppa.fi\/sv\/wp-json\/wp\/v2\/product"}],"about":[{"href":"https:\/\/finnomeckauppa.fi\/sv\/wp-json\/wp\/v2\/types\/product"}],"replies":[{"embeddable":true,"href":"https:\/\/finnomeckauppa.fi\/sv\/wp-json\/wp\/v2\/comments?post=879"}],"wp:featuredmedia":[{"embeddable":true,"href":"https:\/\/finnomeckauppa.fi\/sv\/wp-json\/wp\/v2\/media\/538"}],"wp:attachment":[{"href":"https:\/\/finnomeckauppa.fi\/sv\/wp-json\/wp\/v2\/media?parent=879"}],"wp:term":[{"taxonomy":"product_brand","embeddable":true,"href":"https:\/\/finnomeckauppa.fi\/sv\/wp-json\/wp\/v2\/product_brand?post=879"},{"taxonomy":"product_cat","embeddable":true,"href":"https:\/\/finnomeckauppa.fi\/sv\/wp-json\/wp\/v2\/product_cat?post=879"},{"taxonomy":"product_tag","embeddable":true,"href":"https:\/\/finnomeckauppa.fi\/sv\/wp-json\/wp\/v2\/product_tag?post=879"}],"curies":[{"name":"wp","href":"https:\/\/api.w.org\/{rel}","templated":true}]}}