{"id":881,"date":"2024-11-14T12:59:18","date_gmt":"2024-11-14T12:59:18","guid":{"rendered":"https:\/\/finnomeckauppa.iwn.co\/product\/laakeri-6304-2rs\/"},"modified":"2024-12-19T10:35:57","modified_gmt":"2024-12-19T10:35:57","slug":"laakeri-6304-2rs","status":"publish","type":"product","link":"https:\/\/finnomeckauppa.fi\/sv\/produkt\/laakeri-6304-2rs\/","title":{"rendered":"Lager 6304 2RS"},"content":{"rendered":"<p>Lager 6304 2 RS<\/p>\n<p>Innerdiameter 20 mm<\/p>\n<p>Ytterdiameter 52 mm<\/p>\n<p>Bredd 15 mm<\/p>\n<p>L\u00e4mplig som lager f\u00f6r chassits bakaxel, 20 mm axel, h\u00e5l 52 mm<\/p>\n","protected":false},"excerpt":{"rendered":"<p>Lager 6304 2 RS Innerdiameter 20 mm Ytterdiameter 52 mm Bredd 15 mm L\u00e4mplig som lager f\u00f6r chassits bakaxel, 20 mm axel, h\u00e5l 52 mm<\/p>\n","protected":false},"featured_media":531,"comment_status":"open","ping_status":"closed","template":"","meta":{"_acf_changed":false},"product_brand":[],"product_cat":[418,428,71,375,379,387],"product_tag":[328,436],"class_list":{"0":"post-881","1":"product","2":"type-product","3":"status-publish","4":"has-post-thumbnail","6":"product_cat-e-osasto-sv","7":"product_cat-laakerit-sv","8":"product_cat-lynx-sv","9":"product_cat-lynx-rave-sv-2","10":"product_cat-moottorikelkkailu-sv","11":"product_cat-teollisuus-sv-2","12":"product_tag-6304-2rs-sv","13":"product_tag-e-osasto-sv","14":"sales-flash-overlay","15":"woocommerce-text-align-left","16":"woocommerce-image-align-center","17":"do-quantity-buttons","19":"first","20":"instock","21":"taxable","22":"shipping-taxable","23":"purchasable","24":"product-type-simple"},"acf":[],"_links":{"self":[{"href":"https:\/\/finnomeckauppa.fi\/sv\/wp-json\/wp\/v2\/product\/881","targetHints":{"allow":["GET"]}}],"collection":[{"href":"https:\/\/finnomeckauppa.fi\/sv\/wp-json\/wp\/v2\/product"}],"about":[{"href":"https:\/\/finnomeckauppa.fi\/sv\/wp-json\/wp\/v2\/types\/product"}],"replies":[{"embeddable":true,"href":"https:\/\/finnomeckauppa.fi\/sv\/wp-json\/wp\/v2\/comments?post=881"}],"wp:featuredmedia":[{"embeddable":true,"href":"https:\/\/finnomeckauppa.fi\/sv\/wp-json\/wp\/v2\/media\/531"}],"wp:attachment":[{"href":"https:\/\/finnomeckauppa.fi\/sv\/wp-json\/wp\/v2\/media?parent=881"}],"wp:term":[{"taxonomy":"product_brand","embeddable":true,"href":"https:\/\/finnomeckauppa.fi\/sv\/wp-json\/wp\/v2\/product_brand?post=881"},{"taxonomy":"product_cat","embeddable":true,"href":"https:\/\/finnomeckauppa.fi\/sv\/wp-json\/wp\/v2\/product_cat?post=881"},{"taxonomy":"product_tag","embeddable":true,"href":"https:\/\/finnomeckauppa.fi\/sv\/wp-json\/wp\/v2\/product_tag?post=881"}],"curies":[{"name":"wp","href":"https:\/\/api.w.org\/{rel}","templated":true}]}}