{"id":889,"date":"2024-11-14T12:59:09","date_gmt":"2024-11-14T12:59:09","guid":{"rendered":"https:\/\/finnomeckauppa.iwn.co\/product\/liukulaakeri-kyb-iskunvaimentimiin-pituus-25-mm\/"},"modified":"2024-12-19T10:45:27","modified_gmt":"2024-12-19T10:45:27","slug":"liukulaakeri-kyb-iskunvaimentimiin-pituus-25-mm","status":"publish","type":"product","link":"https:\/\/finnomeckauppa.fi\/sv\/produkt\/liukulaakeri-kyb-iskunvaimentimiin-pituus-25-mm\/","title":{"rendered":"Glidlager f\u00f6r Kyb st\u00f6td\u00e4mpare, l\u00e4ngd 25 mm"},"content":{"rendered":"<p>Glidlager f\u00f6r \u00e4nden av Kyb-st\u00f6td\u00e4mparna<\/p>\n<p>20 mm h\u00e5l\/l\u00e4ngd 25 mm<\/p>\n","protected":false},"excerpt":{"rendered":"<p>Glidlager f\u00f6r \u00e4nden av Kyb-st\u00f6td\u00e4mparna 20 mm h\u00e5l\/l\u00e4ngd 25 mm<\/p>\n","protected":false},"featured_media":515,"comment_status":"open","ping_status":"closed","template":"","meta":{"_acf_changed":false},"product_brand":[],"product_cat":[421,428,71,73,75,77,79,375,376,377,378,379,387],"product_tag":[441],"class_list":{"0":"post-889","1":"product","2":"type-product","3":"status-publish","4":"has-post-thumbnail","6":"product_cat-d-osasto-sv","7":"product_cat-laakerit-sv","8":"product_cat-lynx-sv","9":"product_cat-lynx-adventure-sv","10":"product_cat-lynx-boondocker-sv","11":"product_cat-lynx-commander-sv","12":"product_cat-lynx-ranger-sv","13":"product_cat-lynx-rave-sv-2","14":"product_cat-lynx-shredder-sv-2","15":"product_cat-xterrain-sv","16":"product_cat-lynx-xtrim-sv-2","17":"product_cat-moottorikelkkailu-sv","18":"product_cat-teollisuus-sv-2","19":"product_tag-d-osasto-sv","20":"sales-flash-overlay","21":"woocommerce-text-align-left","22":"woocommerce-image-align-center","23":"do-quantity-buttons","25":"first","26":"instock","27":"taxable","28":"shipping-taxable","29":"purchasable","30":"product-type-simple"},"acf":[],"_links":{"self":[{"href":"https:\/\/finnomeckauppa.fi\/sv\/wp-json\/wp\/v2\/product\/889","targetHints":{"allow":["GET"]}}],"collection":[{"href":"https:\/\/finnomeckauppa.fi\/sv\/wp-json\/wp\/v2\/product"}],"about":[{"href":"https:\/\/finnomeckauppa.fi\/sv\/wp-json\/wp\/v2\/types\/product"}],"replies":[{"embeddable":true,"href":"https:\/\/finnomeckauppa.fi\/sv\/wp-json\/wp\/v2\/comments?post=889"}],"wp:featuredmedia":[{"embeddable":true,"href":"https:\/\/finnomeckauppa.fi\/sv\/wp-json\/wp\/v2\/media\/515"}],"wp:attachment":[{"href":"https:\/\/finnomeckauppa.fi\/sv\/wp-json\/wp\/v2\/media?parent=889"}],"wp:term":[{"taxonomy":"product_brand","embeddable":true,"href":"https:\/\/finnomeckauppa.fi\/sv\/wp-json\/wp\/v2\/product_brand?post=889"},{"taxonomy":"product_cat","embeddable":true,"href":"https:\/\/finnomeckauppa.fi\/sv\/wp-json\/wp\/v2\/product_cat?post=889"},{"taxonomy":"product_tag","embeddable":true,"href":"https:\/\/finnomeckauppa.fi\/sv\/wp-json\/wp\/v2\/product_tag?post=889"}],"curies":[{"name":"wp","href":"https:\/\/api.w.org\/{rel}","templated":true}]}}