{"id":895,"date":"2024-10-23T08:22:22","date_gmt":"2024-10-23T08:22:22","guid":{"rendered":"https:\/\/finnomeckauppa.iwn.co\/product\/moottorikelkan-liukurungon-kartioholkki-vt13548-4-kpl\/"},"modified":"2024-12-19T10:56:18","modified_gmt":"2024-12-19T10:56:18","slug":"moottorikelkan-liukurungon-kartioholkki-vt13548-4-kpl","status":"publish","type":"product","link":"https:\/\/finnomeckauppa.fi\/sv\/produkt\/moottorikelkan-liukurungon-kartioholkki-vt13548-4-kpl\/","title":{"rendered":"Sn\u00f6skoter skjutram konhylsa, VT13548 4 st"},"content":{"rendered":"<p>Bes\u00f6k t.ex. in i de lossade h\u00e5len p\u00e5 glidramen. Hylsan har en st\u00f6rre yta f\u00f6r att greppa objektet som ska installeras.<\/p>\n<p>Vid anv\u00e4ndning borras hylsan med en 90-graders f\u00f6rs\u00e4nkningsborr<\/p>\n<p>Se bild<\/p>\n<p>Produktkod: VT13548x4st<\/p>\n<p>&nbsp;<\/p>\n<p>&nbsp;<\/p>\n<p>&nbsp;<\/p>\n<p>&nbsp;<\/p>\n","protected":false},"excerpt":{"rendered":"<p>Konhylsa med 10mm h\u00e5l Anv\u00e4nds t.ex. ett set om 4 f\u00f6r de l\u00f6sa h\u00e5len i glidramen<\/p>\n<p>&nbsp;<\/p>\n<p><a href=\"https:\/\/vm.tiktok.com\/ZGeL4h9Sc\/\">https:\/\/vm.tiktok.com\/ZGeL4h9Sc\/<\/a><\/p>\n","protected":false},"featured_media":443,"comment_status":"open","ping_status":"closed","template":"","meta":{"_acf_changed":false},"product_brand":[],"product_cat":[425,373,69,417,374,430,71,73,75,77,79,375,376,377,378,380,381,382,383,384,385,386,379,387],"product_tag":[443,445,388,224,389],"class_list":{"0":"post-895","1":"product","2":"type-product","3":"status-publish","4":"has-post-thumbnail","6":"product_cat-a-osasto-sv","7":"product_cat-alustan-holkit-lynx-sv","8":"product_cat-artic-cat-sv","9":"product_cat-b-osasto-sv","10":"product_cat-kartioholkki-sv","11":"product_cat-kelkan-yleiset-osat-sv","12":"product_cat-lynx-sv","13":"product_cat-lynx-adventure-sv","14":"product_cat-lynx-boondocker-sv","15":"product_cat-lynx-commander-sv","16":"product_cat-lynx-ranger-sv","17":"product_cat-lynx-rave-sv-2","18":"product_cat-lynx-shredder-sv-2","19":"product_cat-xterrain-sv","20":"product_cat-lynx-xtrim-sv-2","21":"product_cat-polaris-sv","22":"product_cat-polaris-rmk-sv-2","23":"product_cat-ski-doo-sv-2","24":"product_cat-skidoo-backcountry-sv-2","25":"product_cat-ski-doo-freeride-sv-2","26":"product_cat-ski-doo-mxz-sv","27":"product_cat-ski-doo-renegade-sv-2","28":"product_cat-moottorikelkkailu-sv","29":"product_cat-teollisuus-sv-2","30":"product_tag-a-osasto-sv","31":"product_tag-b-osasto-sv","32":"product_tag-kartioholkki-sv","33":"product_tag-liukurunko-sv","34":"product_tag-vt13548-sv","35":"pa_annual-model-vm-2009-2015-sv-2","36":"sales-flash-overlay","37":"woocommerce-text-align-left","38":"woocommerce-image-align-center","39":"do-quantity-buttons","40":"wc-has-gallery","42":"first","43":"instock","44":"taxable","45":"shipping-taxable","46":"purchasable","47":"product-type-simple"},"acf":[],"_links":{"self":[{"href":"https:\/\/finnomeckauppa.fi\/sv\/wp-json\/wp\/v2\/product\/895","targetHints":{"allow":["GET"]}}],"collection":[{"href":"https:\/\/finnomeckauppa.fi\/sv\/wp-json\/wp\/v2\/product"}],"about":[{"href":"https:\/\/finnomeckauppa.fi\/sv\/wp-json\/wp\/v2\/types\/product"}],"replies":[{"embeddable":true,"href":"https:\/\/finnomeckauppa.fi\/sv\/wp-json\/wp\/v2\/comments?post=895"}],"wp:featuredmedia":[{"embeddable":true,"href":"https:\/\/finnomeckauppa.fi\/sv\/wp-json\/wp\/v2\/media\/443"}],"wp:attachment":[{"href":"https:\/\/finnomeckauppa.fi\/sv\/wp-json\/wp\/v2\/media?parent=895"}],"wp:term":[{"taxonomy":"product_brand","embeddable":true,"href":"https:\/\/finnomeckauppa.fi\/sv\/wp-json\/wp\/v2\/product_brand?post=895"},{"taxonomy":"product_cat","embeddable":true,"href":"https:\/\/finnomeckauppa.fi\/sv\/wp-json\/wp\/v2\/product_cat?post=895"},{"taxonomy":"product_tag","embeddable":true,"href":"https:\/\/finnomeckauppa.fi\/sv\/wp-json\/wp\/v2\/product_tag?post=895"}],"curies":[{"name":"wp","href":"https:\/\/api.w.org\/{rel}","templated":true}]}}