{"id":897,"date":"2024-10-23T08:22:22","date_gmt":"2024-10-23T08:22:22","guid":{"rendered":"https:\/\/finnomeckauppa.iwn.co\/product\/lock-mec-aisalukko-jarruttomaan-peravaunuun\/"},"modified":"2024-12-19T10:51:10","modified_gmt":"2024-12-19T10:51:10","slug":"lock-mec-aisalukko-jarruttomaan-peravaunuun","status":"publish","type":"product","link":"https:\/\/finnomeckauppa.fi\/sv\/produkt\/lock-mec-aisalukko-jarruttomaan-peravaunuun\/","title":{"rendered":"Lock-Mec bakl\u00e5s f\u00f6r sl\u00e4pvagn utan broms"},"content":{"rendered":"<p>Sl\u00e4pvagnsdrag. L\u00e5set har 3 funktioner<\/p>\n<p>Sl\u00e4pet kan l\u00e5sas till bilens dragkula medan det \u00e4r kopplat till bilen.<\/p>\n<p>Sl\u00e4pvagnen kan l\u00e5sas n\u00e4r den \u00e4r lossad fr\u00e5n bilen<\/p>\n<p>Bussningen hindrar dragst\u00e5ngen fr\u00e5n att tr\u00e4ffa st\u00f6tf\u00e5ngaren n\u00e4r sl\u00e4pet monteras bakom bilen<\/p>\n<p>Bussningen fungerar \u00e4ven som en liten fot som f\u00f6rhindrar att dragst\u00e5ngen blir smutsig<\/p>\n<p>L\u00e4mplig f\u00f6r en bromsl\u00f6s sl\u00e4pvagn med 50\/60 mm fyrkantsr\u00f6r<\/p>\n","protected":false},"excerpt":{"rendered":"<p>Bakl\u00e5s f\u00f6r bilsl\u00e4p utan bromsar<\/p>\n","protected":false},"featured_media":447,"comment_status":"open","ping_status":"closed","template":"","meta":{"_acf_changed":false},"product_brand":[],"product_cat":[404,405],"product_tag":[406,407],"class_list":{"0":"post-897","1":"product","2":"type-product","3":"status-publish","4":"has-post-thumbnail","6":"product_cat-aisalukko-sv","7":"product_cat-auto-osat-sv","8":"product_tag-aisalukko-sv","9":"product_tag-lock-mec-sv","10":"pa_annual-model-vm-2009-2015-sv-2","11":"pa_annual-model-vm-2016-2022-sv-2","12":"pa_annual-model-vm-2023-xxxx-sv-2","13":"sales-flash-overlay","14":"woocommerce-text-align-left","15":"woocommerce-image-align-center","16":"do-quantity-buttons","17":"wc-has-gallery","19":"first","20":"instock","21":"taxable","22":"shipping-taxable","23":"purchasable","24":"product-type-simple"},"acf":[],"_links":{"self":[{"href":"https:\/\/finnomeckauppa.fi\/sv\/wp-json\/wp\/v2\/product\/897","targetHints":{"allow":["GET"]}}],"collection":[{"href":"https:\/\/finnomeckauppa.fi\/sv\/wp-json\/wp\/v2\/product"}],"about":[{"href":"https:\/\/finnomeckauppa.fi\/sv\/wp-json\/wp\/v2\/types\/product"}],"replies":[{"embeddable":true,"href":"https:\/\/finnomeckauppa.fi\/sv\/wp-json\/wp\/v2\/comments?post=897"}],"wp:featuredmedia":[{"embeddable":true,"href":"https:\/\/finnomeckauppa.fi\/sv\/wp-json\/wp\/v2\/media\/447"}],"wp:attachment":[{"href":"https:\/\/finnomeckauppa.fi\/sv\/wp-json\/wp\/v2\/media?parent=897"}],"wp:term":[{"taxonomy":"product_brand","embeddable":true,"href":"https:\/\/finnomeckauppa.fi\/sv\/wp-json\/wp\/v2\/product_brand?post=897"},{"taxonomy":"product_cat","embeddable":true,"href":"https:\/\/finnomeckauppa.fi\/sv\/wp-json\/wp\/v2\/product_cat?post=897"},{"taxonomy":"product_tag","embeddable":true,"href":"https:\/\/finnomeckauppa.fi\/sv\/wp-json\/wp\/v2\/product_tag?post=897"}],"curies":[{"name":"wp","href":"https:\/\/api.w.org\/{rel}","templated":true}]}}